{"id":12170,"date":"2019-01-10T13:20:04","date_gmt":"2019-01-10T12:20:04","guid":{"rendered":"http:\/\/www.sef-italia.it\/?page_id=12170"},"modified":"2020-06-17T16:39:53","modified_gmt":"2020-06-17T14:39:53","slug":"dipartimento-trotto","status":"publish","type":"page","link":"https:\/\/www.sef-italia.it\/index.php\/dipartimenti\/dipartimento-trotto\/","title":{"rendered":"Dipartimento Trotto"},"content":{"rendered":"<p>Con questo dipartimento nasce la Prima Scuola Italiana del Cavallo Trottatore, attraverso un circuito amatoriale e promozionale di Corse al Trotto senza scommesse, che non vuole essere in antitesi con l\u2019attivit\u00e0 del settore Corse al Trotto MIPAAF. La principale finalit\u00e0 \u00e8 quella di fornire la giusta preparazione propedeutica di base per poter successivamente affrontare e perseguire i grandi obiettivi MIPAAF in campo nazionale e internazionale. Solamente attraverso la conoscenza fisico-motoria del cavallo, lo studio di un\u2019alimentazione adeguata e l\u2019applicazione delle moderne innovazioni tecnologiche \u00e8 infatti possibile lavorare con i propri animali nel pieno rispetto delle loro abitudini e del loro benessere psico-fisico.<\/p>\n<p><strong>I Quadri Tecnici di questo dipartimento sono<\/strong>:<\/p>\n<ul>\n<li>Tecnico di base di corse al trotto<\/li>\n<li>Tecnico di corse al trotto di I\u00b0 livello<\/li>\n<li>Tecnico di corse al trotto di II\u00b0 livello<\/li>\n<li>Giudice di Trotto<\/li>\n<\/ul>\n<p><em>Referente Nazionale Dipartimento Trotto<br \/>\n<\/em><strong>Morini Lorenzo<br \/>\n<\/strong>+39 348 2255955<br \/>\n<a href=\"mailto:info@ippodromodelcastello.it\">info@ippodromodelcastello.it<\/a><\/p>\n<p><a href=\"http:\/\/www.sef-italia.it\/wp-content\/uploads\/2020\/06\/Regolamento_Dipartimento_Trotto.pdf\"><strong>SCARICA QUI IL REGOLAMENTO DIPARTIMENTO TROTTO<\/strong><\/a><\/p>\n","protected":false},"excerpt":{"rendered":"<p>Con questo dipartimento nasce la Prima Scuola Italiana del Cavallo Trottatore, attraverso un circuito amatoriale e promozionale di Corse al Trotto senza [&hellip;]<\/p>\n","protected":false},"author":1,"featured_media":0,"parent":44,"menu_order":0,"comment_status":"closed","ping_status":"closed","template":"","meta":{"footnotes":""},"yoast_head":"<!-- This site is optimized with the Yoast SEO plugin v24.5 - https:\/\/yoast.com\/wordpress\/plugins\/seo\/ -->\r\n<title>Dipartimento Trotto - SEF Italia<\/title>\r\n<meta name=\"robots\" content=\"index, follow, max-snippet:-1, max-image-preview:large, max-video-preview:-1\" \/>\r\n<link rel=\"canonical\" href=\"https:\/\/www.sef-italia.it\/index.php\/dipartimenti\/dipartimento-trotto\/\" \/>\r\n<meta property=\"og:locale\" content=\"it_IT\" \/>\r\n<meta property=\"og:type\" content=\"article\" \/>\r\n<meta property=\"og:title\" content=\"Dipartimento Trotto - SEF Italia\" \/>\r\n<meta property=\"og:description\" content=\"Con questo dipartimento nasce la Prima Scuola Italiana del Cavallo Trottatore, attraverso un circuito amatoriale e promozionale di Corse al Trotto senza [&hellip;]\" \/>\r\n<meta property=\"og:url\" content=\"https:\/\/www.sef-italia.it\/index.php\/dipartimenti\/dipartimento-trotto\/\" \/>\r\n<meta property=\"og:site_name\" content=\"SEF Italia\" \/>\r\n<meta property=\"article:publisher\" content=\"https:\/\/www.facebook.com\/scuolaequestrediformazione\/\" \/>\r\n<meta property=\"article:modified_time\" content=\"2020-06-17T14:39:53+00:00\" \/>\r\n<meta name=\"twitter:card\" content=\"summary_large_image\" \/>\r\n<meta name=\"twitter:site\" content=\"@sef_italia\" \/>\r\n<meta name=\"twitter:label1\" content=\"Tempo di lettura stimato\" \/>\n\t<meta name=\"twitter:data1\" content=\"1 minuto\" \/>\r\n<script type=\"application\/ld+json\" class=\"yoast-schema-graph\">{\"@context\":\"https:\/\/schema.org\",\"@graph\":[{\"@type\":\"WebPage\",\"@id\":\"https:\/\/www.sef-italia.it\/index.php\/dipartimenti\/dipartimento-trotto\/\",\"url\":\"https:\/\/www.sef-italia.it\/index.php\/dipartimenti\/dipartimento-trotto\/\",\"name\":\"Dipartimento Trotto - SEF Italia\",\"isPartOf\":{\"@id\":\"https:\/\/www.sef-italia.it\/#website\"},\"datePublished\":\"2019-01-10T12:20:04+00:00\",\"dateModified\":\"2020-06-17T14:39:53+00:00\",\"breadcrumb\":{\"@id\":\"https:\/\/www.sef-italia.it\/index.php\/dipartimenti\/dipartimento-trotto\/#breadcrumb\"},\"inLanguage\":\"it-IT\",\"potentialAction\":[{\"@type\":\"ReadAction\",\"target\":[\"https:\/\/www.sef-italia.it\/index.php\/dipartimenti\/dipartimento-trotto\/\"]}]},{\"@type\":\"BreadcrumbList\",\"@id\":\"https:\/\/www.sef-italia.it\/index.php\/dipartimenti\/dipartimento-trotto\/#breadcrumb\",\"itemListElement\":[{\"@type\":\"ListItem\",\"position\":1,\"name\":\"Home\",\"item\":\"https:\/\/www.sef-italia.it\/\"},{\"@type\":\"ListItem\",\"position\":2,\"name\":\"Dipartimenti\",\"item\":\"https:\/\/www.sef-italia.it\/index.php\/dipartimenti\/\"},{\"@type\":\"ListItem\",\"position\":3,\"name\":\"Dipartimento Trotto\"}]},{\"@type\":\"WebSite\",\"@id\":\"https:\/\/www.sef-italia.it\/#website\",\"url\":\"https:\/\/www.sef-italia.it\/\",\"name\":\"SEF Italia\",\"description\":\"Il nuovo sito SEF Italia\",\"publisher\":{\"@id\":\"https:\/\/www.sef-italia.it\/#organization\"},\"potentialAction\":[{\"@type\":\"SearchAction\",\"target\":{\"@type\":\"EntryPoint\",\"urlTemplate\":\"https:\/\/www.sef-italia.it\/?s={search_term_string}\"},\"query-input\":{\"@type\":\"PropertyValueSpecification\",\"valueRequired\":true,\"valueName\":\"search_term_string\"}}],\"inLanguage\":\"it-IT\"},{\"@type\":\"Organization\",\"@id\":\"https:\/\/www.sef-italia.it\/#organization\",\"name\":\"SEF Italia\",\"url\":\"https:\/\/www.sef-italia.it\/\",\"logo\":{\"@type\":\"ImageObject\",\"inLanguage\":\"it-IT\",\"@id\":\"https:\/\/www.sef-italia.it\/#\/schema\/logo\/image\/\",\"url\":\"https:\/\/www.sef-italia.it\/wp-content\/uploads\/2018\/01\/logoSEF_QUADRATO-.jpg\",\"contentUrl\":\"https:\/\/www.sef-italia.it\/wp-content\/uploads\/2018\/01\/logoSEF_QUADRATO-.jpg\",\"width\":600,\"height\":600,\"caption\":\"SEF Italia\"},\"image\":{\"@id\":\"https:\/\/www.sef-italia.it\/#\/schema\/logo\/image\/\"},\"sameAs\":[\"https:\/\/www.facebook.com\/scuolaequestrediformazione\/\",\"https:\/\/x.com\/sef_italia\",\"https:\/\/www.youtube.com\/channel\/UCcEMamL3elnrqfrtIT8sh7g?view_as=subscriber\"]}]}<\/script>\r\n<!-- \/ Yoast SEO plugin. -->","yoast_head_json":{"title":"Dipartimento Trotto - SEF Italia","robots":{"index":"index","follow":"follow","max-snippet":"max-snippet:-1","max-image-preview":"max-image-preview:large","max-video-preview":"max-video-preview:-1"},"canonical":"https:\/\/www.sef-italia.it\/index.php\/dipartimenti\/dipartimento-trotto\/","og_locale":"it_IT","og_type":"article","og_title":"Dipartimento Trotto - SEF Italia","og_description":"Con questo dipartimento nasce la Prima Scuola Italiana del Cavallo Trottatore, attraverso un circuito amatoriale e promozionale di Corse al Trotto senza [&hellip;]","og_url":"https:\/\/www.sef-italia.it\/index.php\/dipartimenti\/dipartimento-trotto\/","og_site_name":"SEF Italia","article_publisher":"https:\/\/www.facebook.com\/scuolaequestrediformazione\/","article_modified_time":"2020-06-17T14:39:53+00:00","twitter_card":"summary_large_image","twitter_site":"@sef_italia","twitter_misc":{"Tempo di lettura stimato":"1 minuto"},"schema":{"@context":"https:\/\/schema.org","@graph":[{"@type":"WebPage","@id":"https:\/\/www.sef-italia.it\/index.php\/dipartimenti\/dipartimento-trotto\/","url":"https:\/\/www.sef-italia.it\/index.php\/dipartimenti\/dipartimento-trotto\/","name":"Dipartimento Trotto - SEF Italia","isPartOf":{"@id":"https:\/\/www.sef-italia.it\/#website"},"datePublished":"2019-01-10T12:20:04+00:00","dateModified":"2020-06-17T14:39:53+00:00","breadcrumb":{"@id":"https:\/\/www.sef-italia.it\/index.php\/dipartimenti\/dipartimento-trotto\/#breadcrumb"},"inLanguage":"it-IT","potentialAction":[{"@type":"ReadAction","target":["https:\/\/www.sef-italia.it\/index.php\/dipartimenti\/dipartimento-trotto\/"]}]},{"@type":"BreadcrumbList","@id":"https:\/\/www.sef-italia.it\/index.php\/dipartimenti\/dipartimento-trotto\/#breadcrumb","itemListElement":[{"@type":"ListItem","position":1,"name":"Home","item":"https:\/\/www.sef-italia.it\/"},{"@type":"ListItem","position":2,"name":"Dipartimenti","item":"https:\/\/www.sef-italia.it\/index.php\/dipartimenti\/"},{"@type":"ListItem","position":3,"name":"Dipartimento Trotto"}]},{"@type":"WebSite","@id":"https:\/\/www.sef-italia.it\/#website","url":"https:\/\/www.sef-italia.it\/","name":"SEF Italia","description":"Il nuovo sito SEF Italia","publisher":{"@id":"https:\/\/www.sef-italia.it\/#organization"},"potentialAction":[{"@type":"SearchAction","target":{"@type":"EntryPoint","urlTemplate":"https:\/\/www.sef-italia.it\/?s={search_term_string}"},"query-input":{"@type":"PropertyValueSpecification","valueRequired":true,"valueName":"search_term_string"}}],"inLanguage":"it-IT"},{"@type":"Organization","@id":"https:\/\/www.sef-italia.it\/#organization","name":"SEF Italia","url":"https:\/\/www.sef-italia.it\/","logo":{"@type":"ImageObject","inLanguage":"it-IT","@id":"https:\/\/www.sef-italia.it\/#\/schema\/logo\/image\/","url":"https:\/\/www.sef-italia.it\/wp-content\/uploads\/2018\/01\/logoSEF_QUADRATO-.jpg","contentUrl":"https:\/\/www.sef-italia.it\/wp-content\/uploads\/2018\/01\/logoSEF_QUADRATO-.jpg","width":600,"height":600,"caption":"SEF Italia"},"image":{"@id":"https:\/\/www.sef-italia.it\/#\/schema\/logo\/image\/"},"sameAs":["https:\/\/www.facebook.com\/scuolaequestrediformazione\/","https:\/\/x.com\/sef_italia","https:\/\/www.youtube.com\/channel\/UCcEMamL3elnrqfrtIT8sh7g?view_as=subscriber"]}]}},"_links":{"self":[{"href":"https:\/\/www.sef-italia.it\/index.php\/wp-json\/wp\/v2\/pages\/12170"}],"collection":[{"href":"https:\/\/www.sef-italia.it\/index.php\/wp-json\/wp\/v2\/pages"}],"about":[{"href":"https:\/\/www.sef-italia.it\/index.php\/wp-json\/wp\/v2\/types\/page"}],"author":[{"embeddable":true,"href":"https:\/\/www.sef-italia.it\/index.php\/wp-json\/wp\/v2\/users\/1"}],"replies":[{"embeddable":true,"href":"https:\/\/www.sef-italia.it\/index.php\/wp-json\/wp\/v2\/comments?post=12170"}],"version-history":[{"count":6,"href":"https:\/\/www.sef-italia.it\/index.php\/wp-json\/wp\/v2\/pages\/12170\/revisions"}],"predecessor-version":[{"id":16772,"href":"https:\/\/www.sef-italia.it\/index.php\/wp-json\/wp\/v2\/pages\/12170\/revisions\/16772"}],"up":[{"embeddable":true,"href":"https:\/\/www.sef-italia.it\/index.php\/wp-json\/wp\/v2\/pages\/44"}],"wp:attachment":[{"href":"https:\/\/www.sef-italia.it\/index.php\/wp-json\/wp\/v2\/media?parent=12170"}],"curies":[{"name":"wp","href":"https:\/\/api.w.org\/{rel}","templated":true}]}}