{"id":14630,"date":"2020-02-11T11:16:02","date_gmt":"2020-02-11T10:16:02","guid":{"rendered":"http:\/\/www.sef-italia.it\/?page_id=14630"},"modified":"2022-02-17T12:07:57","modified_gmt":"2022-02-17T11:07:57","slug":"monta-in-amazzone","status":"publish","type":"page","link":"https:\/\/www.sef-italia.it\/index.php\/monta-in-amazzone\/","title":{"rendered":"Monta in Amazzone"},"content":{"rendered":"<p><img loading=\"lazy\" decoding=\"async\" class=\"size-medium wp-image-14631 aligncenter\" src=\"http:\/\/www.sef-italia.it\/wp-content\/uploads\/2020\/02\/LOGO_MONTA_IN_AMAZZONE-296x300.png\" alt=\"\" width=\"296\" height=\"300\" srcset=\"https:\/\/www.sef-italia.it\/wp-content\/uploads\/2020\/02\/LOGO_MONTA_IN_AMAZZONE-296x300.png 296w, https:\/\/www.sef-italia.it\/wp-content\/uploads\/2020\/02\/LOGO_MONTA_IN_AMAZZONE-1010x1024.png 1010w, https:\/\/www.sef-italia.it\/wp-content\/uploads\/2020\/02\/LOGO_MONTA_IN_AMAZZONE-768x779.png 768w, https:\/\/www.sef-italia.it\/wp-content\/uploads\/2020\/02\/LOGO_MONTA_IN_AMAZZONE-1515x1536.png 1515w, https:\/\/www.sef-italia.it\/wp-content\/uploads\/2020\/02\/LOGO_MONTA_IN_AMAZZONE-830x841.png 830w, https:\/\/www.sef-italia.it\/wp-content\/uploads\/2020\/02\/LOGO_MONTA_IN_AMAZZONE-230x233.png 230w, https:\/\/www.sef-italia.it\/wp-content\/uploads\/2020\/02\/LOGO_MONTA_IN_AMAZZONE-350x355.png 350w, https:\/\/www.sef-italia.it\/wp-content\/uploads\/2020\/02\/LOGO_MONTA_IN_AMAZZONE-480x487.png 480w, https:\/\/www.sef-italia.it\/wp-content\/uploads\/2020\/02\/LOGO_MONTA_IN_AMAZZONE.png 1890w\" sizes=\"(max-width: 296px) 100vw, 296px\" \/>La monta all&#8217;amazzone fu molto diffusa nella caccia fino al 1920, quando le gonne lunghe vennero sostituite dai pantaloni le donne ricominciarono a montare normalmente come gli uomini.<\/p>\n<p>Dopo la grande guerra la monta all&#8217;amazzone and\u00f2 sempre pi\u00f9 declinando solo dagli anni Settanta \u00e8 ritornata in voga; difatti molte signore amano cimentarsi in questo elegante e raffinata disciplina equestre.<\/p>\n<p>Oggi, soprattutto in Inghilterra si possono assistere a concorsi in cui le signore saltano ostacoli e fanno dressage montando all&#8217;amazzone.<br \/>\nLa moderna sella da amazzone \u00e8 piuttosto sicura e permette di saltare gli ostacoli con la stessa facilit\u00e0 della monta normale. La monta all&#8217;amazzone \u00e8 particolarmente elegante, non vi \u00e8 nulla di pi\u00f9 signorile di una dama che si esibisce in un rettangolo montando all&#8217;amazzone. La monta all&#8217;amazzone, con l&#8217;apposita sella, era riservata alle dame e in particolare fu vanto di regine e principesse.<\/p>\n<p>Le prime selle da amazzone si basavano su una sella simile a una soma alla quale veniva fissato un appoggio di legno per i piedi denominato &#8220;planchette&#8221;. L&#8217;amazzone sedeva di traverso e con la mano destra poteva agrapparsi a un pomo o a un corno. Negli anni questa monta \u00e8 andata perfezionandosi, soprattutto per delle migliorie fatte alla sella, determinante fu l&#8217;invenzione di Jules Charles Pellier, che invent\u00e0 il -corno da salto- nel 1830.<\/p>\n<p><em><strong>Referente Nazionale per il Settore Monta in Amazzone<\/strong><\/em><\/p>\n<p>Rosara Anna Roberta<\/p>\n<p>tel. 348 9384570<\/p>\n<p><a href=\"mailto:ACCADEMIAMONTAINAMAZZONE@GMAIL.COM\">ACCADEMIAMONTAINAMAZZONE@GMAIL.COM<\/a><\/p>\n<p><em>Referente della Regione Campania per il settore Monta in Amazzone<\/em><br \/>\n<strong>Teresa Corraro<\/strong><br \/>\n+39 3669534848<br \/>\n<a href=\"mailto:TERESACORRAO@TISCALI.IT\">TERESACORRAO@TISCALI.IT<\/a><\/p>\n","protected":false},"excerpt":{"rendered":"<p>La monta all&#8217;amazzone fu molto diffusa nella caccia fino al 1920, quando le gonne lunghe vennero sostituite dai pantaloni le donne ricominciarono [&hellip;]<\/p>\n","protected":false},"author":83,"featured_media":0,"parent":0,"menu_order":0,"comment_status":"closed","ping_status":"closed","template":"","meta":{"footnotes":""},"yoast_head":"<!-- This site is optimized with the Yoast SEO plugin v24.5 - https:\/\/yoast.com\/wordpress\/plugins\/seo\/ -->\r\n<title>Monta in Amazzone - SEF Italia<\/title>\r\n<meta name=\"robots\" content=\"index, follow, max-snippet:-1, max-image-preview:large, max-video-preview:-1\" \/>\r\n<link rel=\"canonical\" href=\"https:\/\/www.sef-italia.it\/index.php\/monta-in-amazzone\/\" \/>\r\n<meta property=\"og:locale\" content=\"it_IT\" \/>\r\n<meta property=\"og:type\" content=\"article\" \/>\r\n<meta property=\"og:title\" content=\"Monta in Amazzone - SEF Italia\" \/>\r\n<meta property=\"og:description\" content=\"La monta all&#8217;amazzone fu molto diffusa nella caccia fino al 1920, quando le gonne lunghe vennero sostituite dai pantaloni le donne ricominciarono [&hellip;]\" \/>\r\n<meta property=\"og:url\" content=\"https:\/\/www.sef-italia.it\/index.php\/monta-in-amazzone\/\" \/>\r\n<meta property=\"og:site_name\" content=\"SEF Italia\" \/>\r\n<meta property=\"article:publisher\" content=\"https:\/\/www.facebook.com\/scuolaequestrediformazione\/\" \/>\r\n<meta property=\"article:modified_time\" content=\"2022-02-17T11:07:57+00:00\" \/>\r\n<meta property=\"og:image\" content=\"http:\/\/www.sef-italia.it\/wp-content\/uploads\/2020\/02\/LOGO_MONTA_IN_AMAZZONE-296x300.png\" \/>\r\n<meta name=\"twitter:card\" content=\"summary_large_image\" \/>\r\n<meta name=\"twitter:site\" content=\"@sef_italia\" \/>\r\n<meta name=\"twitter:label1\" content=\"Tempo di lettura stimato\" \/>\n\t<meta name=\"twitter:data1\" content=\"2 minuti\" \/>\r\n<script type=\"application\/ld+json\" class=\"yoast-schema-graph\">{\"@context\":\"https:\/\/schema.org\",\"@graph\":[{\"@type\":\"WebPage\",\"@id\":\"https:\/\/www.sef-italia.it\/index.php\/monta-in-amazzone\/\",\"url\":\"https:\/\/www.sef-italia.it\/index.php\/monta-in-amazzone\/\",\"name\":\"Monta in Amazzone - SEF Italia\",\"isPartOf\":{\"@id\":\"https:\/\/www.sef-italia.it\/#website\"},\"primaryImageOfPage\":{\"@id\":\"https:\/\/www.sef-italia.it\/index.php\/monta-in-amazzone\/#primaryimage\"},\"image\":{\"@id\":\"https:\/\/www.sef-italia.it\/index.php\/monta-in-amazzone\/#primaryimage\"},\"thumbnailUrl\":\"http:\/\/www.sef-italia.it\/wp-content\/uploads\/2020\/02\/LOGO_MONTA_IN_AMAZZONE-296x300.png\",\"datePublished\":\"2020-02-11T10:16:02+00:00\",\"dateModified\":\"2022-02-17T11:07:57+00:00\",\"breadcrumb\":{\"@id\":\"https:\/\/www.sef-italia.it\/index.php\/monta-in-amazzone\/#breadcrumb\"},\"inLanguage\":\"it-IT\",\"potentialAction\":[{\"@type\":\"ReadAction\",\"target\":[\"https:\/\/www.sef-italia.it\/index.php\/monta-in-amazzone\/\"]}]},{\"@type\":\"ImageObject\",\"inLanguage\":\"it-IT\",\"@id\":\"https:\/\/www.sef-italia.it\/index.php\/monta-in-amazzone\/#primaryimage\",\"url\":\"http:\/\/www.sef-italia.it\/wp-content\/uploads\/2020\/02\/LOGO_MONTA_IN_AMAZZONE-296x300.png\",\"contentUrl\":\"http:\/\/www.sef-italia.it\/wp-content\/uploads\/2020\/02\/LOGO_MONTA_IN_AMAZZONE-296x300.png\"},{\"@type\":\"BreadcrumbList\",\"@id\":\"https:\/\/www.sef-italia.it\/index.php\/monta-in-amazzone\/#breadcrumb\",\"itemListElement\":[{\"@type\":\"ListItem\",\"position\":1,\"name\":\"Home\",\"item\":\"https:\/\/www.sef-italia.it\/\"},{\"@type\":\"ListItem\",\"position\":2,\"name\":\"Monta in Amazzone\"}]},{\"@type\":\"WebSite\",\"@id\":\"https:\/\/www.sef-italia.it\/#website\",\"url\":\"https:\/\/www.sef-italia.it\/\",\"name\":\"SEF Italia\",\"description\":\"Il nuovo sito SEF Italia\",\"publisher\":{\"@id\":\"https:\/\/www.sef-italia.it\/#organization\"},\"potentialAction\":[{\"@type\":\"SearchAction\",\"target\":{\"@type\":\"EntryPoint\",\"urlTemplate\":\"https:\/\/www.sef-italia.it\/?s={search_term_string}\"},\"query-input\":{\"@type\":\"PropertyValueSpecification\",\"valueRequired\":true,\"valueName\":\"search_term_string\"}}],\"inLanguage\":\"it-IT\"},{\"@type\":\"Organization\",\"@id\":\"https:\/\/www.sef-italia.it\/#organization\",\"name\":\"SEF Italia\",\"url\":\"https:\/\/www.sef-italia.it\/\",\"logo\":{\"@type\":\"ImageObject\",\"inLanguage\":\"it-IT\",\"@id\":\"https:\/\/www.sef-italia.it\/#\/schema\/logo\/image\/\",\"url\":\"https:\/\/www.sef-italia.it\/wp-content\/uploads\/2018\/01\/logoSEF_QUADRATO-.jpg\",\"contentUrl\":\"https:\/\/www.sef-italia.it\/wp-content\/uploads\/2018\/01\/logoSEF_QUADRATO-.jpg\",\"width\":600,\"height\":600,\"caption\":\"SEF Italia\"},\"image\":{\"@id\":\"https:\/\/www.sef-italia.it\/#\/schema\/logo\/image\/\"},\"sameAs\":[\"https:\/\/www.facebook.com\/scuolaequestrediformazione\/\",\"https:\/\/x.com\/sef_italia\",\"https:\/\/www.youtube.com\/channel\/UCcEMamL3elnrqfrtIT8sh7g?view_as=subscriber\"]}]}<\/script>\r\n<!-- \/ Yoast SEO plugin. -->","yoast_head_json":{"title":"Monta in Amazzone - SEF Italia","robots":{"index":"index","follow":"follow","max-snippet":"max-snippet:-1","max-image-preview":"max-image-preview:large","max-video-preview":"max-video-preview:-1"},"canonical":"https:\/\/www.sef-italia.it\/index.php\/monta-in-amazzone\/","og_locale":"it_IT","og_type":"article","og_title":"Monta in Amazzone - SEF Italia","og_description":"La monta all&#8217;amazzone fu molto diffusa nella caccia fino al 1920, quando le gonne lunghe vennero sostituite dai pantaloni le donne ricominciarono [&hellip;]","og_url":"https:\/\/www.sef-italia.it\/index.php\/monta-in-amazzone\/","og_site_name":"SEF Italia","article_publisher":"https:\/\/www.facebook.com\/scuolaequestrediformazione\/","article_modified_time":"2022-02-17T11:07:57+00:00","og_image":[{"url":"http:\/\/www.sef-italia.it\/wp-content\/uploads\/2020\/02\/LOGO_MONTA_IN_AMAZZONE-296x300.png","type":"","width":"","height":""}],"twitter_card":"summary_large_image","twitter_site":"@sef_italia","twitter_misc":{"Tempo di lettura stimato":"2 minuti"},"schema":{"@context":"https:\/\/schema.org","@graph":[{"@type":"WebPage","@id":"https:\/\/www.sef-italia.it\/index.php\/monta-in-amazzone\/","url":"https:\/\/www.sef-italia.it\/index.php\/monta-in-amazzone\/","name":"Monta in Amazzone - SEF Italia","isPartOf":{"@id":"https:\/\/www.sef-italia.it\/#website"},"primaryImageOfPage":{"@id":"https:\/\/www.sef-italia.it\/index.php\/monta-in-amazzone\/#primaryimage"},"image":{"@id":"https:\/\/www.sef-italia.it\/index.php\/monta-in-amazzone\/#primaryimage"},"thumbnailUrl":"http:\/\/www.sef-italia.it\/wp-content\/uploads\/2020\/02\/LOGO_MONTA_IN_AMAZZONE-296x300.png","datePublished":"2020-02-11T10:16:02+00:00","dateModified":"2022-02-17T11:07:57+00:00","breadcrumb":{"@id":"https:\/\/www.sef-italia.it\/index.php\/monta-in-amazzone\/#breadcrumb"},"inLanguage":"it-IT","potentialAction":[{"@type":"ReadAction","target":["https:\/\/www.sef-italia.it\/index.php\/monta-in-amazzone\/"]}]},{"@type":"ImageObject","inLanguage":"it-IT","@id":"https:\/\/www.sef-italia.it\/index.php\/monta-in-amazzone\/#primaryimage","url":"http:\/\/www.sef-italia.it\/wp-content\/uploads\/2020\/02\/LOGO_MONTA_IN_AMAZZONE-296x300.png","contentUrl":"http:\/\/www.sef-italia.it\/wp-content\/uploads\/2020\/02\/LOGO_MONTA_IN_AMAZZONE-296x300.png"},{"@type":"BreadcrumbList","@id":"https:\/\/www.sef-italia.it\/index.php\/monta-in-amazzone\/#breadcrumb","itemListElement":[{"@type":"ListItem","position":1,"name":"Home","item":"https:\/\/www.sef-italia.it\/"},{"@type":"ListItem","position":2,"name":"Monta in Amazzone"}]},{"@type":"WebSite","@id":"https:\/\/www.sef-italia.it\/#website","url":"https:\/\/www.sef-italia.it\/","name":"SEF Italia","description":"Il nuovo sito SEF Italia","publisher":{"@id":"https:\/\/www.sef-italia.it\/#organization"},"potentialAction":[{"@type":"SearchAction","target":{"@type":"EntryPoint","urlTemplate":"https:\/\/www.sef-italia.it\/?s={search_term_string}"},"query-input":{"@type":"PropertyValueSpecification","valueRequired":true,"valueName":"search_term_string"}}],"inLanguage":"it-IT"},{"@type":"Organization","@id":"https:\/\/www.sef-italia.it\/#organization","name":"SEF Italia","url":"https:\/\/www.sef-italia.it\/","logo":{"@type":"ImageObject","inLanguage":"it-IT","@id":"https:\/\/www.sef-italia.it\/#\/schema\/logo\/image\/","url":"https:\/\/www.sef-italia.it\/wp-content\/uploads\/2018\/01\/logoSEF_QUADRATO-.jpg","contentUrl":"https:\/\/www.sef-italia.it\/wp-content\/uploads\/2018\/01\/logoSEF_QUADRATO-.jpg","width":600,"height":600,"caption":"SEF Italia"},"image":{"@id":"https:\/\/www.sef-italia.it\/#\/schema\/logo\/image\/"},"sameAs":["https:\/\/www.facebook.com\/scuolaequestrediformazione\/","https:\/\/x.com\/sef_italia","https:\/\/www.youtube.com\/channel\/UCcEMamL3elnrqfrtIT8sh7g?view_as=subscriber"]}]}},"_links":{"self":[{"href":"https:\/\/www.sef-italia.it\/index.php\/wp-json\/wp\/v2\/pages\/14630"}],"collection":[{"href":"https:\/\/www.sef-italia.it\/index.php\/wp-json\/wp\/v2\/pages"}],"about":[{"href":"https:\/\/www.sef-italia.it\/index.php\/wp-json\/wp\/v2\/types\/page"}],"author":[{"embeddable":true,"href":"https:\/\/www.sef-italia.it\/index.php\/wp-json\/wp\/v2\/users\/83"}],"replies":[{"embeddable":true,"href":"https:\/\/www.sef-italia.it\/index.php\/wp-json\/wp\/v2\/comments?post=14630"}],"version-history":[{"count":3,"href":"https:\/\/www.sef-italia.it\/index.php\/wp-json\/wp\/v2\/pages\/14630\/revisions"}],"predecessor-version":[{"id":20462,"href":"https:\/\/www.sef-italia.it\/index.php\/wp-json\/wp\/v2\/pages\/14630\/revisions\/20462"}],"wp:attachment":[{"href":"https:\/\/www.sef-italia.it\/index.php\/wp-json\/wp\/v2\/media?parent=14630"}],"curies":[{"name":"wp","href":"https:\/\/api.w.org\/{rel}","templated":true}]}}