{"id":16,"date":"2016-08-29T10:33:24","date_gmt":"2016-08-29T08:33:24","guid":{"rendered":"http:\/\/www.sporttennis.it\/sef-italia\/?page_id=16"},"modified":"2018-12-04T14:44:04","modified_gmt":"2018-12-04T13:44:04","slug":"chi-siamo","status":"publish","type":"page","link":"https:\/\/www.sef-italia.it\/index.php\/chi-siamo\/","title":{"rendered":"Chi siamo"},"content":{"rendered":"<div class=\"ce_text block\">\n<p>La \u201cSPORT E FORMAZIONE\u201d \u00e8 nata da un&#8217; idea di un gruppo di Istruttori Militari di Equitazione, di Istruttori e Tecnici Federali per perseguire finalit\u00e0 sociali e di promozione sportiva dilettantistica, per la realizzazione di iniziative volte alla diffusione, alla conoscenza ed alla formazione dello sport nei giovani, nello specifico settore degli Sport Equestri.<\/p>\n<p>La \u201cSPORT E FORMAZIONE&#8221; aderisce alla \u201cCarta Moderna\u201d dei valori ed ai principi sulla pet relationship.<\/p>\n<p>La SPORT E FORMAZIONE promuove le varie discipline sportive equestri (Dressage, Salto Ostacoli, Doma Classica, Team Penning, Barrel Racing &amp; Pole Bending, Attacchi da lavoro, Horse ball, Equitazione per Diversamente abili\u2026) ed ippoturismo, ponendo l\u2019accento sul valore sociale ed educativo che ha lo sport e il binomio \u201ccavallo-natura\u201d per la societ\u00e0. Le nostre attivit\u00e0 sono consultabili su tre riviste mensili del settore e su vari social network, raggiungendo sulla pagine di Facebook oltre 15.000 iscritti.<br \/>\nAbbiamo realizzato il primo canale video equestre con tutte le nostre attivit\u00e0, ottenendo complessivamente oltre 82.000 visualizzazioni.<br \/>\nLa SPORT E FORMAZIONE \u00e8 stata riconosciuta come ente \u201cportatore di interesse particolare\u201d che ha consentito l\u2019inserimento nell\u2019apposito elenco tenuto dal Ministero delle Politiche Agricole Alimentari e Forestali, da cui di fatto dipende anche il settore equestre e dell\u2019allevamento dei cavalli.<\/p>\n<\/div>\n<div class=\"ce_text block\">\n<p>La SPORT E FORMAZIONE \u00e8 stata iscritta nel registro del Parlamento Europeo al n. 205457312719-32, al fine di poter contribuire attivamente al processo decisionale dell&#8217;UE, assicurandovi che i responsabili politici dell&#8217;UE siano a conoscenza dei nostri pareri o interessi o di coloro che rappresentiamo. In tal modo si potr\u00e0 dare la propria competenza specifica pluriennale nell&#8217;ambito sportivo, sociale ed in particolare per il &#8220;mondo del cavallo&#8221;.<\/p>\n<p>SPORT E FORMAZIONE ha raggiunto un altro grande obiettivo diventando un Ente membro del\u00a0<strong>Comitato tecnico Scientifico per le DBN\u00a0<\/strong>\u00a0della Regione Lombardia (LR 2\/2005) pertanto \u00e8 iscritta al registro degli Enti di Formazione di tipo B. Grazie a questo ulteriore obiettivo raggiunto si metteranno in piedi nuovi corsi di formazione che potranno fregiarsi anche dell\u2019ottenimento di un titolo riconosciuto ai sensi della predetta legge.<\/p>\n<p>La SPORT E FORMAZIONE si basa su una ideologia e filosofia che si discosta da altre realt\u00e0, in quanto la nostra finalit\u00e0 \u00e8 creare una grande famiglia, in cui i Centri Ippici ed i Tecnici si aiutano e collaborano tra di loro per il piacere di farlo e per un ideale in cui crediamo, che \u00e8 quello di stare insieme al nostro amico cavallo, immersi nella natura o nelle varie discipline sportive.<\/p>\n<p>Lo staff, di indubbia competenza tecnica, in possesso di qualifiche operativo-professionali sia nella ambito istituzionale (Ministeri, Regioni, ecc.) che in quello sportivo federale.<br \/>\nLa Scuola si avvale di Istruttori\/Tecnici con molteplici specializzazioni nel mondo equestre rilasciate dalla F.I.S.E. (Federazione Italiana Sport Equestri), dal C.I.P. (Comitato Italiano Paralimpico), dal S.O.I. (Special Olympics Italia \u2013 Ente Benemerito CONI), dalla F.E.I. (Federazione Equestre Internazionale).<\/p>\n<p>L\u2019Ente opera per fini sociali con lo scopo di promuovere attivit\u00e0 sportive, culturali, iniziative educative, assistenziali, ricreative, di socializzazione nell\u2019integrazione dei diversamente abili, curando in particolare la promozione della professionalit\u00e0 dei giovani che si avvicinano al mondo del cavallo.<\/p>\n<p>La SPORT E FORMAZIONE opera ed organizza i suoi corsi e manifestazioni sportive in tutto il territorio Italiano presso i Centri Ippici ad essa aderenti, cercando di valorizzare al massimo la partecipazione dei giovani, che andranno a formare il mondo di domani. Inoltre le associazioni affiliate sono presenti in ogni regione ed in quasi tutte le provincie, grazie alla capillare diffusione dei nostri Tecnici che operano sull\u2019intera nazione. La maggior parte delle discipline sportive sono diffuse su tutto il territorio (esempio il salto ostacoli, l\u2019equitazione di campagna, la monta da lavoro, doma classica, dressage, cross-country, equitazione per diversamente abili, gli attacchi da lavoro, gimkana western, Team Penning, Barrel &amp; Pole) con l\u2019organizzazione di eventi e campionati che mettono in risalto il valore dello sport equestre nel sociale. Durante le nostre manifestazioni \u00e8 attuato in modo rigoroso il \u201ccodice etico\u201d che \u00e8 finalizzato al benessere del cavallo e si attua anche il regolamento anti-doping.<\/p>\n<p>La SPORT E FORMAZIONE, tramite i propri dipartimenti, svolge corsi di formazione in molteplici settori dall\u2019equitazione per diversamente abili, all\u2019equitazione di campagna, agli attacchi da lavoro (carrozze), ai corsi di mascalcia, agli assistenti ippiatrici, agli accompagnatori di turismo equestre, ai tecnici di equitazione di campagna agli animatori pony e tecnici di monta da lavoro e monta western con le varie specializzazioni (team penning, barrel &amp; pole, ecc.)<\/p>\n<\/div>\n","protected":false},"excerpt":{"rendered":"<p>La \u201cSPORT E FORMAZIONE\u201d \u00e8 nata da un&#8217; idea di un gruppo di Istruttori Militari di Equitazione, di Istruttori e Tecnici Federali [&hellip;]<\/p>\n","protected":false},"author":1,"featured_media":0,"parent":0,"menu_order":0,"comment_status":"closed","ping_status":"closed","template":"","meta":{"footnotes":""},"yoast_head":"<!-- This site is optimized with the Yoast SEO plugin v24.5 - https:\/\/yoast.com\/wordpress\/plugins\/seo\/ -->\r\n<title>Chi siamo - SEF Italia<\/title>\r\n<meta name=\"robots\" content=\"index, follow, max-snippet:-1, max-image-preview:large, max-video-preview:-1\" \/>\r\n<link rel=\"canonical\" href=\"https:\/\/www.sef-italia.it\/index.php\/chi-siamo\/\" \/>\r\n<meta property=\"og:locale\" content=\"it_IT\" \/>\r\n<meta property=\"og:type\" content=\"article\" \/>\r\n<meta property=\"og:title\" content=\"Chi siamo - SEF Italia\" \/>\r\n<meta property=\"og:description\" content=\"La \u201cSPORT E FORMAZIONE\u201d \u00e8 nata da un&#8217; idea di un gruppo di Istruttori Militari di Equitazione, di Istruttori e Tecnici Federali [&hellip;]\" \/>\r\n<meta property=\"og:url\" content=\"https:\/\/www.sef-italia.it\/index.php\/chi-siamo\/\" \/>\r\n<meta property=\"og:site_name\" content=\"SEF Italia\" \/>\r\n<meta property=\"article:publisher\" content=\"https:\/\/www.facebook.com\/scuolaequestrediformazione\/\" \/>\r\n<meta property=\"article:modified_time\" content=\"2018-12-04T13:44:04+00:00\" \/>\r\n<meta name=\"twitter:card\" content=\"summary_large_image\" \/>\r\n<meta name=\"twitter:site\" content=\"@sef_italia\" \/>\r\n<meta name=\"twitter:label1\" content=\"Tempo di lettura stimato\" \/>\n\t<meta name=\"twitter:data1\" content=\"4 minuti\" \/>\r\n<script type=\"application\/ld+json\" class=\"yoast-schema-graph\">{\"@context\":\"https:\/\/schema.org\",\"@graph\":[{\"@type\":\"WebPage\",\"@id\":\"https:\/\/www.sef-italia.it\/index.php\/chi-siamo\/\",\"url\":\"https:\/\/www.sef-italia.it\/index.php\/chi-siamo\/\",\"name\":\"Chi siamo - SEF Italia\",\"isPartOf\":{\"@id\":\"https:\/\/www.sef-italia.it\/#website\"},\"datePublished\":\"2016-08-29T08:33:24+00:00\",\"dateModified\":\"2018-12-04T13:44:04+00:00\",\"breadcrumb\":{\"@id\":\"https:\/\/www.sef-italia.it\/index.php\/chi-siamo\/#breadcrumb\"},\"inLanguage\":\"it-IT\",\"potentialAction\":[{\"@type\":\"ReadAction\",\"target\":[\"https:\/\/www.sef-italia.it\/index.php\/chi-siamo\/\"]}]},{\"@type\":\"BreadcrumbList\",\"@id\":\"https:\/\/www.sef-italia.it\/index.php\/chi-siamo\/#breadcrumb\",\"itemListElement\":[{\"@type\":\"ListItem\",\"position\":1,\"name\":\"Home\",\"item\":\"https:\/\/www.sef-italia.it\/\"},{\"@type\":\"ListItem\",\"position\":2,\"name\":\"Chi siamo\"}]},{\"@type\":\"WebSite\",\"@id\":\"https:\/\/www.sef-italia.it\/#website\",\"url\":\"https:\/\/www.sef-italia.it\/\",\"name\":\"SEF Italia\",\"description\":\"Il nuovo sito SEF Italia\",\"publisher\":{\"@id\":\"https:\/\/www.sef-italia.it\/#organization\"},\"potentialAction\":[{\"@type\":\"SearchAction\",\"target\":{\"@type\":\"EntryPoint\",\"urlTemplate\":\"https:\/\/www.sef-italia.it\/?s={search_term_string}\"},\"query-input\":{\"@type\":\"PropertyValueSpecification\",\"valueRequired\":true,\"valueName\":\"search_term_string\"}}],\"inLanguage\":\"it-IT\"},{\"@type\":\"Organization\",\"@id\":\"https:\/\/www.sef-italia.it\/#organization\",\"name\":\"SEF Italia\",\"url\":\"https:\/\/www.sef-italia.it\/\",\"logo\":{\"@type\":\"ImageObject\",\"inLanguage\":\"it-IT\",\"@id\":\"https:\/\/www.sef-italia.it\/#\/schema\/logo\/image\/\",\"url\":\"https:\/\/www.sef-italia.it\/wp-content\/uploads\/2018\/01\/logoSEF_QUADRATO-.jpg\",\"contentUrl\":\"https:\/\/www.sef-italia.it\/wp-content\/uploads\/2018\/01\/logoSEF_QUADRATO-.jpg\",\"width\":600,\"height\":600,\"caption\":\"SEF Italia\"},\"image\":{\"@id\":\"https:\/\/www.sef-italia.it\/#\/schema\/logo\/image\/\"},\"sameAs\":[\"https:\/\/www.facebook.com\/scuolaequestrediformazione\/\",\"https:\/\/x.com\/sef_italia\",\"https:\/\/www.youtube.com\/channel\/UCcEMamL3elnrqfrtIT8sh7g?view_as=subscriber\"]}]}<\/script>\r\n<!-- \/ Yoast SEO plugin. -->","yoast_head_json":{"title":"Chi siamo - SEF Italia","robots":{"index":"index","follow":"follow","max-snippet":"max-snippet:-1","max-image-preview":"max-image-preview:large","max-video-preview":"max-video-preview:-1"},"canonical":"https:\/\/www.sef-italia.it\/index.php\/chi-siamo\/","og_locale":"it_IT","og_type":"article","og_title":"Chi siamo - SEF Italia","og_description":"La \u201cSPORT E FORMAZIONE\u201d \u00e8 nata da un&#8217; idea di un gruppo di Istruttori Militari di Equitazione, di Istruttori e Tecnici Federali [&hellip;]","og_url":"https:\/\/www.sef-italia.it\/index.php\/chi-siamo\/","og_site_name":"SEF Italia","article_publisher":"https:\/\/www.facebook.com\/scuolaequestrediformazione\/","article_modified_time":"2018-12-04T13:44:04+00:00","twitter_card":"summary_large_image","twitter_site":"@sef_italia","twitter_misc":{"Tempo di lettura stimato":"4 minuti"},"schema":{"@context":"https:\/\/schema.org","@graph":[{"@type":"WebPage","@id":"https:\/\/www.sef-italia.it\/index.php\/chi-siamo\/","url":"https:\/\/www.sef-italia.it\/index.php\/chi-siamo\/","name":"Chi siamo - SEF Italia","isPartOf":{"@id":"https:\/\/www.sef-italia.it\/#website"},"datePublished":"2016-08-29T08:33:24+00:00","dateModified":"2018-12-04T13:44:04+00:00","breadcrumb":{"@id":"https:\/\/www.sef-italia.it\/index.php\/chi-siamo\/#breadcrumb"},"inLanguage":"it-IT","potentialAction":[{"@type":"ReadAction","target":["https:\/\/www.sef-italia.it\/index.php\/chi-siamo\/"]}]},{"@type":"BreadcrumbList","@id":"https:\/\/www.sef-italia.it\/index.php\/chi-siamo\/#breadcrumb","itemListElement":[{"@type":"ListItem","position":1,"name":"Home","item":"https:\/\/www.sef-italia.it\/"},{"@type":"ListItem","position":2,"name":"Chi siamo"}]},{"@type":"WebSite","@id":"https:\/\/www.sef-italia.it\/#website","url":"https:\/\/www.sef-italia.it\/","name":"SEF Italia","description":"Il nuovo sito SEF Italia","publisher":{"@id":"https:\/\/www.sef-italia.it\/#organization"},"potentialAction":[{"@type":"SearchAction","target":{"@type":"EntryPoint","urlTemplate":"https:\/\/www.sef-italia.it\/?s={search_term_string}"},"query-input":{"@type":"PropertyValueSpecification","valueRequired":true,"valueName":"search_term_string"}}],"inLanguage":"it-IT"},{"@type":"Organization","@id":"https:\/\/www.sef-italia.it\/#organization","name":"SEF Italia","url":"https:\/\/www.sef-italia.it\/","logo":{"@type":"ImageObject","inLanguage":"it-IT","@id":"https:\/\/www.sef-italia.it\/#\/schema\/logo\/image\/","url":"https:\/\/www.sef-italia.it\/wp-content\/uploads\/2018\/01\/logoSEF_QUADRATO-.jpg","contentUrl":"https:\/\/www.sef-italia.it\/wp-content\/uploads\/2018\/01\/logoSEF_QUADRATO-.jpg","width":600,"height":600,"caption":"SEF Italia"},"image":{"@id":"https:\/\/www.sef-italia.it\/#\/schema\/logo\/image\/"},"sameAs":["https:\/\/www.facebook.com\/scuolaequestrediformazione\/","https:\/\/x.com\/sef_italia","https:\/\/www.youtube.com\/channel\/UCcEMamL3elnrqfrtIT8sh7g?view_as=subscriber"]}]}},"_links":{"self":[{"href":"https:\/\/www.sef-italia.it\/index.php\/wp-json\/wp\/v2\/pages\/16"}],"collection":[{"href":"https:\/\/www.sef-italia.it\/index.php\/wp-json\/wp\/v2\/pages"}],"about":[{"href":"https:\/\/www.sef-italia.it\/index.php\/wp-json\/wp\/v2\/types\/page"}],"author":[{"embeddable":true,"href":"https:\/\/www.sef-italia.it\/index.php\/wp-json\/wp\/v2\/users\/1"}],"replies":[{"embeddable":true,"href":"https:\/\/www.sef-italia.it\/index.php\/wp-json\/wp\/v2\/comments?post=16"}],"version-history":[{"count":6,"href":"https:\/\/www.sef-italia.it\/index.php\/wp-json\/wp\/v2\/pages\/16\/revisions"}],"predecessor-version":[{"id":11908,"href":"https:\/\/www.sef-italia.it\/index.php\/wp-json\/wp\/v2\/pages\/16\/revisions\/11908"}],"wp:attachment":[{"href":"https:\/\/www.sef-italia.it\/index.php\/wp-json\/wp\/v2\/media?parent=16"}],"curies":[{"name":"wp","href":"https:\/\/api.w.org\/{rel}","templated":true}]}}