{"id":19,"date":"2016-08-29T10:34:37","date_gmt":"2016-08-29T08:34:37","guid":{"rendered":"http:\/\/www.sporttennis.it\/sef-italia\/?page_id=19"},"modified":"2021-04-08T12:25:19","modified_gmt":"2021-04-08T10:25:19","slug":"collabora-con-noi","status":"publish","type":"page","link":"https:\/\/www.sef-italia.it\/index.php\/collabora-con-noi\/","title":{"rendered":"Collabora con noi"},"content":{"rendered":"<p>Entra anche Tu a fare parte della famiglia\u00a0<strong>ENTE DI FORMAZIONE<\/strong>\u00a0<strong>ITALIA<\/strong> ed avrai l\u2019opportunit\u00e0 di crescere insieme a noi.<br \/>\nApportando anche un piccolo aiuto farai parte dell\u2019ingranaggio che realizza una \u201cgrande macchina\u201d.<\/p>\n<p>Il tuo contributo, gratuito ed onorifico, potr\u00e0 essere in molteplici attivit\u00e0:<br \/>\n&#8211; addetto stampa prevedendo almeno un articolo ogni due mesi su attivit\u00e0 sportive, viaggi di turismo equestre e gare realizzate dall&#8217;ENTE;<br \/>\n&#8211; addetto on-line, per promuovere le attivit\u00e0 di ENTE DI FORMAZIONE ITALIA con inserzioni su Facebook e altri siti;<br \/>\n&#8211; responsabile locale, per i vari settori di ENTE DI FORMAZIONE ITALIA: Salto Ostacoli, Dressage, Equitazione Classica Accademica, Turismo Equestre, Equitazione di Campagna, Equitazione Western (Barrel, Pole, Performance, Team Penning), Attivit\u00e0 con gli Asini, Horse Ball, Equitazione per Diversamente Abili, Attacchi, Volteggio\u2026<\/p>\n<p>&#8211; \u2026e tante altre opportunit\u00e0 che potrebbero mettere in risalto le tue capacit\u00e0 e potenzialit\u00e0 e \u201cfarti sentire della famiglia\u201d.<\/p>\n<p>Se sei interessato invia il tuo curriculum a\u00a0<a href=\"mailto:equitazione@sef-italia.it\">equitazione@sef-italia.it<\/a><\/p>\n","protected":false},"excerpt":{"rendered":"<p>Entra anche Tu a fare parte della famiglia\u00a0ENTE DI FORMAZIONE\u00a0ITALIA ed avrai l\u2019opportunit\u00e0 di crescere insieme a noi. Apportando anche un piccolo [&hellip;]<\/p>\n","protected":false},"author":1,"featured_media":0,"parent":0,"menu_order":0,"comment_status":"closed","ping_status":"closed","template":"","meta":{"footnotes":""},"yoast_head":"<!-- This site is optimized with the Yoast SEO plugin v24.5 - https:\/\/yoast.com\/wordpress\/plugins\/seo\/ -->\r\n<title>Collabora con noi - SEF Italia<\/title>\r\n<meta name=\"robots\" content=\"index, follow, max-snippet:-1, max-image-preview:large, max-video-preview:-1\" \/>\r\n<link rel=\"canonical\" href=\"https:\/\/www.sef-italia.it\/index.php\/collabora-con-noi\/\" \/>\r\n<meta property=\"og:locale\" content=\"it_IT\" \/>\r\n<meta property=\"og:type\" content=\"article\" \/>\r\n<meta property=\"og:title\" content=\"Collabora con noi - SEF Italia\" \/>\r\n<meta property=\"og:description\" content=\"Entra anche Tu a fare parte della famiglia\u00a0ENTE DI FORMAZIONE\u00a0ITALIA ed avrai l\u2019opportunit\u00e0 di crescere insieme a noi. Apportando anche un piccolo [&hellip;]\" \/>\r\n<meta property=\"og:url\" content=\"https:\/\/www.sef-italia.it\/index.php\/collabora-con-noi\/\" \/>\r\n<meta property=\"og:site_name\" content=\"SEF Italia\" \/>\r\n<meta property=\"article:publisher\" content=\"https:\/\/www.facebook.com\/scuolaequestrediformazione\/\" \/>\r\n<meta property=\"article:modified_time\" content=\"2021-04-08T10:25:19+00:00\" \/>\r\n<meta name=\"twitter:card\" content=\"summary_large_image\" \/>\r\n<meta name=\"twitter:site\" content=\"@sef_italia\" \/>\r\n<meta name=\"twitter:label1\" content=\"Tempo di lettura stimato\" \/>\n\t<meta name=\"twitter:data1\" content=\"1 minuto\" \/>\r\n<script type=\"application\/ld+json\" class=\"yoast-schema-graph\">{\"@context\":\"https:\/\/schema.org\",\"@graph\":[{\"@type\":\"WebPage\",\"@id\":\"https:\/\/www.sef-italia.it\/index.php\/collabora-con-noi\/\",\"url\":\"https:\/\/www.sef-italia.it\/index.php\/collabora-con-noi\/\",\"name\":\"Collabora con noi - SEF Italia\",\"isPartOf\":{\"@id\":\"https:\/\/www.sef-italia.it\/#website\"},\"datePublished\":\"2016-08-29T08:34:37+00:00\",\"dateModified\":\"2021-04-08T10:25:19+00:00\",\"breadcrumb\":{\"@id\":\"https:\/\/www.sef-italia.it\/index.php\/collabora-con-noi\/#breadcrumb\"},\"inLanguage\":\"it-IT\",\"potentialAction\":[{\"@type\":\"ReadAction\",\"target\":[\"https:\/\/www.sef-italia.it\/index.php\/collabora-con-noi\/\"]}]},{\"@type\":\"BreadcrumbList\",\"@id\":\"https:\/\/www.sef-italia.it\/index.php\/collabora-con-noi\/#breadcrumb\",\"itemListElement\":[{\"@type\":\"ListItem\",\"position\":1,\"name\":\"Home\",\"item\":\"https:\/\/www.sef-italia.it\/\"},{\"@type\":\"ListItem\",\"position\":2,\"name\":\"Collabora con noi\"}]},{\"@type\":\"WebSite\",\"@id\":\"https:\/\/www.sef-italia.it\/#website\",\"url\":\"https:\/\/www.sef-italia.it\/\",\"name\":\"SEF Italia\",\"description\":\"Il nuovo sito SEF Italia\",\"publisher\":{\"@id\":\"https:\/\/www.sef-italia.it\/#organization\"},\"potentialAction\":[{\"@type\":\"SearchAction\",\"target\":{\"@type\":\"EntryPoint\",\"urlTemplate\":\"https:\/\/www.sef-italia.it\/?s={search_term_string}\"},\"query-input\":{\"@type\":\"PropertyValueSpecification\",\"valueRequired\":true,\"valueName\":\"search_term_string\"}}],\"inLanguage\":\"it-IT\"},{\"@type\":\"Organization\",\"@id\":\"https:\/\/www.sef-italia.it\/#organization\",\"name\":\"SEF Italia\",\"url\":\"https:\/\/www.sef-italia.it\/\",\"logo\":{\"@type\":\"ImageObject\",\"inLanguage\":\"it-IT\",\"@id\":\"https:\/\/www.sef-italia.it\/#\/schema\/logo\/image\/\",\"url\":\"https:\/\/www.sef-italia.it\/wp-content\/uploads\/2018\/01\/logoSEF_QUADRATO-.jpg\",\"contentUrl\":\"https:\/\/www.sef-italia.it\/wp-content\/uploads\/2018\/01\/logoSEF_QUADRATO-.jpg\",\"width\":600,\"height\":600,\"caption\":\"SEF Italia\"},\"image\":{\"@id\":\"https:\/\/www.sef-italia.it\/#\/schema\/logo\/image\/\"},\"sameAs\":[\"https:\/\/www.facebook.com\/scuolaequestrediformazione\/\",\"https:\/\/x.com\/sef_italia\",\"https:\/\/www.youtube.com\/channel\/UCcEMamL3elnrqfrtIT8sh7g?view_as=subscriber\"]}]}<\/script>\r\n<!-- \/ Yoast SEO plugin. -->","yoast_head_json":{"title":"Collabora con noi - SEF Italia","robots":{"index":"index","follow":"follow","max-snippet":"max-snippet:-1","max-image-preview":"max-image-preview:large","max-video-preview":"max-video-preview:-1"},"canonical":"https:\/\/www.sef-italia.it\/index.php\/collabora-con-noi\/","og_locale":"it_IT","og_type":"article","og_title":"Collabora con noi - SEF Italia","og_description":"Entra anche Tu a fare parte della famiglia\u00a0ENTE DI FORMAZIONE\u00a0ITALIA ed avrai l\u2019opportunit\u00e0 di crescere insieme a noi. Apportando anche un piccolo [&hellip;]","og_url":"https:\/\/www.sef-italia.it\/index.php\/collabora-con-noi\/","og_site_name":"SEF Italia","article_publisher":"https:\/\/www.facebook.com\/scuolaequestrediformazione\/","article_modified_time":"2021-04-08T10:25:19+00:00","twitter_card":"summary_large_image","twitter_site":"@sef_italia","twitter_misc":{"Tempo di lettura stimato":"1 minuto"},"schema":{"@context":"https:\/\/schema.org","@graph":[{"@type":"WebPage","@id":"https:\/\/www.sef-italia.it\/index.php\/collabora-con-noi\/","url":"https:\/\/www.sef-italia.it\/index.php\/collabora-con-noi\/","name":"Collabora con noi - SEF Italia","isPartOf":{"@id":"https:\/\/www.sef-italia.it\/#website"},"datePublished":"2016-08-29T08:34:37+00:00","dateModified":"2021-04-08T10:25:19+00:00","breadcrumb":{"@id":"https:\/\/www.sef-italia.it\/index.php\/collabora-con-noi\/#breadcrumb"},"inLanguage":"it-IT","potentialAction":[{"@type":"ReadAction","target":["https:\/\/www.sef-italia.it\/index.php\/collabora-con-noi\/"]}]},{"@type":"BreadcrumbList","@id":"https:\/\/www.sef-italia.it\/index.php\/collabora-con-noi\/#breadcrumb","itemListElement":[{"@type":"ListItem","position":1,"name":"Home","item":"https:\/\/www.sef-italia.it\/"},{"@type":"ListItem","position":2,"name":"Collabora con noi"}]},{"@type":"WebSite","@id":"https:\/\/www.sef-italia.it\/#website","url":"https:\/\/www.sef-italia.it\/","name":"SEF Italia","description":"Il nuovo sito SEF Italia","publisher":{"@id":"https:\/\/www.sef-italia.it\/#organization"},"potentialAction":[{"@type":"SearchAction","target":{"@type":"EntryPoint","urlTemplate":"https:\/\/www.sef-italia.it\/?s={search_term_string}"},"query-input":{"@type":"PropertyValueSpecification","valueRequired":true,"valueName":"search_term_string"}}],"inLanguage":"it-IT"},{"@type":"Organization","@id":"https:\/\/www.sef-italia.it\/#organization","name":"SEF Italia","url":"https:\/\/www.sef-italia.it\/","logo":{"@type":"ImageObject","inLanguage":"it-IT","@id":"https:\/\/www.sef-italia.it\/#\/schema\/logo\/image\/","url":"https:\/\/www.sef-italia.it\/wp-content\/uploads\/2018\/01\/logoSEF_QUADRATO-.jpg","contentUrl":"https:\/\/www.sef-italia.it\/wp-content\/uploads\/2018\/01\/logoSEF_QUADRATO-.jpg","width":600,"height":600,"caption":"SEF Italia"},"image":{"@id":"https:\/\/www.sef-italia.it\/#\/schema\/logo\/image\/"},"sameAs":["https:\/\/www.facebook.com\/scuolaequestrediformazione\/","https:\/\/x.com\/sef_italia","https:\/\/www.youtube.com\/channel\/UCcEMamL3elnrqfrtIT8sh7g?view_as=subscriber"]}]}},"_links":{"self":[{"href":"https:\/\/www.sef-italia.it\/index.php\/wp-json\/wp\/v2\/pages\/19"}],"collection":[{"href":"https:\/\/www.sef-italia.it\/index.php\/wp-json\/wp\/v2\/pages"}],"about":[{"href":"https:\/\/www.sef-italia.it\/index.php\/wp-json\/wp\/v2\/types\/page"}],"author":[{"embeddable":true,"href":"https:\/\/www.sef-italia.it\/index.php\/wp-json\/wp\/v2\/users\/1"}],"replies":[{"embeddable":true,"href":"https:\/\/www.sef-italia.it\/index.php\/wp-json\/wp\/v2\/comments?post=19"}],"version-history":[{"count":5,"href":"https:\/\/www.sef-italia.it\/index.php\/wp-json\/wp\/v2\/pages\/19\/revisions"}],"predecessor-version":[{"id":18906,"href":"https:\/\/www.sef-italia.it\/index.php\/wp-json\/wp\/v2\/pages\/19\/revisions\/18906"}],"wp:attachment":[{"href":"https:\/\/www.sef-italia.it\/index.php\/wp-json\/wp\/v2\/media?parent=19"}],"curies":[{"name":"wp","href":"https:\/\/api.w.org\/{rel}","templated":true}]}}