{"id":3099,"date":"2016-10-10T14:09:37","date_gmt":"2016-10-10T12:09:37","guid":{"rendered":"http:\/\/www.sporttennis.it\/sef-italia\/?page_id=3099"},"modified":"2023-05-19T08:33:15","modified_gmt":"2023-05-19T06:33:15","slug":"equitazione-diversamente-abili","status":"publish","type":"page","link":"https:\/\/www.sef-italia.it\/index.php\/dipartimenti\/equitazione-diversamente-abili\/","title":{"rendered":"Equitazione Diversamente Abili"},"content":{"rendered":"<div class=\"inside\">\n<div id=\"impaginato-44\" class=\"mod_article dipartimento block\">\n<div class=\"ce_text block\">\n<p><img loading=\"lazy\" decoding=\"async\" class=\"aligncenter size-full wp-image-3100\" src=\"http:\/\/www.sef-italia.it\/wp-content\/uploads\/2016\/10\/rocchetta-definitivo-b92cb8c2.jpg\" alt=\"rocchetta-definitivo-b92cb8c2\" width=\"640\" height=\"452\" srcset=\"https:\/\/www.sef-italia.it\/wp-content\/uploads\/2016\/10\/rocchetta-definitivo-b92cb8c2.jpg 640w, https:\/\/www.sef-italia.it\/wp-content\/uploads\/2016\/10\/rocchetta-definitivo-b92cb8c2-300x212.jpg 300w, https:\/\/www.sef-italia.it\/wp-content\/uploads\/2016\/10\/rocchetta-definitivo-b92cb8c2-230x162.jpg 230w, https:\/\/www.sef-italia.it\/wp-content\/uploads\/2016\/10\/rocchetta-definitivo-b92cb8c2-350x247.jpg 350w, https:\/\/www.sef-italia.it\/wp-content\/uploads\/2016\/10\/rocchetta-definitivo-b92cb8c2-480x339.jpg 480w\" sizes=\"(max-width: 640px) 100vw, 640px\" \/><\/p>\n<p>Il settore di Equitazione per Diversamente Abili, nasce dalla sempre pi\u00f9 crescente richiesta da parte delle istituzioni,delle\u00a0 famigli e dai disabili stessi, di un attivit\u00e0 che si limiti ad un miglioramento del benessere personale, che tralasci quindi l\u2019aspetto terapeutico \u00a0caratterizzante quasi ogni altra attivit\u00e0 svolta da questi ragazzi: che crei quindi un miglioramento della qualit\u00e0 della vita. A tal proposito il settore dell\u2019Equitazione per Diversamente Abili si prefigge lo scopo di formare Operatori, Tecnici ed Istruttori \u00a0capaci nello svolgimento delle attivit\u00e0 specifiche. Questo settore non prevede finalit\u00e0 terapeutiche a differenza dell\u2019Ippoterapia ,in quanto non ne prevede lo staff, solitamente composto da medici, terapeuti e psicologi, ne tantomeno le finalit\u00e0. Scopo primario dell\u2019Equitazione per Diversamente Abili \u00e8, quindi, quello di \u00a0formare atleti con abilit\u00e0 differenti nell\u2019ambito del mondo equestre. Le \u00a0finalit\u00e0 sono ludiche, sociali, integrative e in alcuni casi anche agonistiche; trattandosi comunque di un attivit\u00e0 sportiva, garantisce anche uno sviluppo fisico e motorio e la possibilit\u00e0 di vivere qualche ora in ambienti\u00a0 rilassanti e a contatto con la natura.<\/p>\n<p><strong>I Quadri Tecnici di questo settore sono:<\/strong><\/p>\n<p>&#8211; Operatore di Equitazione di Base EDA<br \/>\n&#8211; Istruttore di Equitazione di Base EDA<br \/>\n&#8211; Tecnico di 1\u00b0 Livello di Equitazione per Diversamente Abili<br \/>\n&#8211; Tecnico di 2\u00b0 Livello di Equitazione per Diversamente Abili<br \/>\n&#8211; Tecnico di 3\u00b0 Livello di Equitazione per Diversamente Abili<br \/>\n&#8211; Maestro di Equitazione<\/p>\n<p><em><strong>Referente Regionale Piemonte Settore Diversamente Abili<\/strong><\/em><br \/>\nVentura Alberto 347\/5658302<\/p>\n<p><a href=\"mailto:INFO@ALBERTOVENTURA.IT\">INFO@ALBERTOVENTURA.IT<\/a><\/p>\n<p><a href=\"http:\/\/www.sef-italia.it\/wp-content\/uploads\/2020\/06\/Regolamento_Tecnici_EDA.pdf\" data-wplink-edit=\"true\">SCARICA QUI IL REGOLAMENTO<\/a><\/p>\n<p><strong><a href=\"http:\/\/youtu.be\/z6Uq6INT3Us\" target=\"_blank\" rel=\"noopener noreferrer\">Video di Presentazione<\/a><\/strong><\/p>\n<\/div>\n<\/div>\n<\/div>\n","protected":false},"excerpt":{"rendered":"<p>Il settore di Equitazione per Diversamente Abili, nasce dalla sempre pi\u00f9 crescente richiesta da parte delle istituzioni,delle\u00a0 famigli e dai disabili stessi, [&hellip;]<\/p>\n","protected":false},"author":1,"featured_media":0,"parent":44,"menu_order":0,"comment_status":"closed","ping_status":"closed","template":"","meta":{"footnotes":""},"yoast_head":"<!-- This site is optimized with the Yoast SEO plugin v24.5 - https:\/\/yoast.com\/wordpress\/plugins\/seo\/ -->\r\n<title>Equitazione Diversamente Abili - SEF Italia<\/title>\r\n<meta name=\"robots\" content=\"index, follow, max-snippet:-1, max-image-preview:large, max-video-preview:-1\" \/>\r\n<link rel=\"canonical\" href=\"https:\/\/www.sef-italia.it\/index.php\/dipartimenti\/equitazione-diversamente-abili\/\" \/>\r\n<meta property=\"og:locale\" content=\"it_IT\" \/>\r\n<meta property=\"og:type\" content=\"article\" \/>\r\n<meta property=\"og:title\" content=\"Equitazione Diversamente Abili - SEF Italia\" \/>\r\n<meta property=\"og:description\" content=\"Il settore di Equitazione per Diversamente Abili, nasce dalla sempre pi\u00f9 crescente richiesta da parte delle istituzioni,delle\u00a0 famigli e dai disabili stessi, [&hellip;]\" \/>\r\n<meta property=\"og:url\" content=\"https:\/\/www.sef-italia.it\/index.php\/dipartimenti\/equitazione-diversamente-abili\/\" \/>\r\n<meta property=\"og:site_name\" content=\"SEF Italia\" \/>\r\n<meta property=\"article:publisher\" content=\"https:\/\/www.facebook.com\/scuolaequestrediformazione\/\" \/>\r\n<meta property=\"article:modified_time\" content=\"2023-05-19T06:33:15+00:00\" \/>\r\n<meta property=\"og:image\" content=\"http:\/\/www.sef-italia.it\/wp-content\/uploads\/2016\/10\/rocchetta-definitivo-b92cb8c2.jpg\" \/>\r\n<meta name=\"twitter:card\" content=\"summary_large_image\" \/>\r\n<meta name=\"twitter:site\" content=\"@sef_italia\" \/>\r\n<meta name=\"twitter:label1\" content=\"Tempo di lettura stimato\" \/>\n\t<meta name=\"twitter:data1\" content=\"2 minuti\" \/>\r\n<script type=\"application\/ld+json\" class=\"yoast-schema-graph\">{\"@context\":\"https:\/\/schema.org\",\"@graph\":[{\"@type\":\"WebPage\",\"@id\":\"https:\/\/www.sef-italia.it\/index.php\/dipartimenti\/equitazione-diversamente-abili\/\",\"url\":\"https:\/\/www.sef-italia.it\/index.php\/dipartimenti\/equitazione-diversamente-abili\/\",\"name\":\"Equitazione Diversamente Abili - SEF Italia\",\"isPartOf\":{\"@id\":\"https:\/\/www.sef-italia.it\/#website\"},\"primaryImageOfPage\":{\"@id\":\"https:\/\/www.sef-italia.it\/index.php\/dipartimenti\/equitazione-diversamente-abili\/#primaryimage\"},\"image\":{\"@id\":\"https:\/\/www.sef-italia.it\/index.php\/dipartimenti\/equitazione-diversamente-abili\/#primaryimage\"},\"thumbnailUrl\":\"http:\/\/www.sef-italia.it\/wp-content\/uploads\/2016\/10\/rocchetta-definitivo-b92cb8c2.jpg\",\"datePublished\":\"2016-10-10T12:09:37+00:00\",\"dateModified\":\"2023-05-19T06:33:15+00:00\",\"breadcrumb\":{\"@id\":\"https:\/\/www.sef-italia.it\/index.php\/dipartimenti\/equitazione-diversamente-abili\/#breadcrumb\"},\"inLanguage\":\"it-IT\",\"potentialAction\":[{\"@type\":\"ReadAction\",\"target\":[\"https:\/\/www.sef-italia.it\/index.php\/dipartimenti\/equitazione-diversamente-abili\/\"]}]},{\"@type\":\"ImageObject\",\"inLanguage\":\"it-IT\",\"@id\":\"https:\/\/www.sef-italia.it\/index.php\/dipartimenti\/equitazione-diversamente-abili\/#primaryimage\",\"url\":\"http:\/\/www.sef-italia.it\/wp-content\/uploads\/2016\/10\/rocchetta-definitivo-b92cb8c2.jpg\",\"contentUrl\":\"http:\/\/www.sef-italia.it\/wp-content\/uploads\/2016\/10\/rocchetta-definitivo-b92cb8c2.jpg\"},{\"@type\":\"BreadcrumbList\",\"@id\":\"https:\/\/www.sef-italia.it\/index.php\/dipartimenti\/equitazione-diversamente-abili\/#breadcrumb\",\"itemListElement\":[{\"@type\":\"ListItem\",\"position\":1,\"name\":\"Home\",\"item\":\"https:\/\/www.sef-italia.it\/\"},{\"@type\":\"ListItem\",\"position\":2,\"name\":\"Dipartimenti\",\"item\":\"https:\/\/www.sef-italia.it\/index.php\/dipartimenti\/\"},{\"@type\":\"ListItem\",\"position\":3,\"name\":\"Equitazione Diversamente Abili\"}]},{\"@type\":\"WebSite\",\"@id\":\"https:\/\/www.sef-italia.it\/#website\",\"url\":\"https:\/\/www.sef-italia.it\/\",\"name\":\"SEF Italia\",\"description\":\"Il nuovo sito SEF Italia\",\"publisher\":{\"@id\":\"https:\/\/www.sef-italia.it\/#organization\"},\"potentialAction\":[{\"@type\":\"SearchAction\",\"target\":{\"@type\":\"EntryPoint\",\"urlTemplate\":\"https:\/\/www.sef-italia.it\/?s={search_term_string}\"},\"query-input\":{\"@type\":\"PropertyValueSpecification\",\"valueRequired\":true,\"valueName\":\"search_term_string\"}}],\"inLanguage\":\"it-IT\"},{\"@type\":\"Organization\",\"@id\":\"https:\/\/www.sef-italia.it\/#organization\",\"name\":\"SEF Italia\",\"url\":\"https:\/\/www.sef-italia.it\/\",\"logo\":{\"@type\":\"ImageObject\",\"inLanguage\":\"it-IT\",\"@id\":\"https:\/\/www.sef-italia.it\/#\/schema\/logo\/image\/\",\"url\":\"https:\/\/www.sef-italia.it\/wp-content\/uploads\/2018\/01\/logoSEF_QUADRATO-.jpg\",\"contentUrl\":\"https:\/\/www.sef-italia.it\/wp-content\/uploads\/2018\/01\/logoSEF_QUADRATO-.jpg\",\"width\":600,\"height\":600,\"caption\":\"SEF Italia\"},\"image\":{\"@id\":\"https:\/\/www.sef-italia.it\/#\/schema\/logo\/image\/\"},\"sameAs\":[\"https:\/\/www.facebook.com\/scuolaequestrediformazione\/\",\"https:\/\/x.com\/sef_italia\",\"https:\/\/www.youtube.com\/channel\/UCcEMamL3elnrqfrtIT8sh7g?view_as=subscriber\"]}]}<\/script>\r\n<!-- \/ Yoast SEO plugin. -->","yoast_head_json":{"title":"Equitazione Diversamente Abili - SEF Italia","robots":{"index":"index","follow":"follow","max-snippet":"max-snippet:-1","max-image-preview":"max-image-preview:large","max-video-preview":"max-video-preview:-1"},"canonical":"https:\/\/www.sef-italia.it\/index.php\/dipartimenti\/equitazione-diversamente-abili\/","og_locale":"it_IT","og_type":"article","og_title":"Equitazione Diversamente Abili - SEF Italia","og_description":"Il settore di Equitazione per Diversamente Abili, nasce dalla sempre pi\u00f9 crescente richiesta da parte delle istituzioni,delle\u00a0 famigli e dai disabili stessi, [&hellip;]","og_url":"https:\/\/www.sef-italia.it\/index.php\/dipartimenti\/equitazione-diversamente-abili\/","og_site_name":"SEF Italia","article_publisher":"https:\/\/www.facebook.com\/scuolaequestrediformazione\/","article_modified_time":"2023-05-19T06:33:15+00:00","og_image":[{"url":"http:\/\/www.sef-italia.it\/wp-content\/uploads\/2016\/10\/rocchetta-definitivo-b92cb8c2.jpg","type":"","width":"","height":""}],"twitter_card":"summary_large_image","twitter_site":"@sef_italia","twitter_misc":{"Tempo di lettura stimato":"2 minuti"},"schema":{"@context":"https:\/\/schema.org","@graph":[{"@type":"WebPage","@id":"https:\/\/www.sef-italia.it\/index.php\/dipartimenti\/equitazione-diversamente-abili\/","url":"https:\/\/www.sef-italia.it\/index.php\/dipartimenti\/equitazione-diversamente-abili\/","name":"Equitazione Diversamente Abili - SEF Italia","isPartOf":{"@id":"https:\/\/www.sef-italia.it\/#website"},"primaryImageOfPage":{"@id":"https:\/\/www.sef-italia.it\/index.php\/dipartimenti\/equitazione-diversamente-abili\/#primaryimage"},"image":{"@id":"https:\/\/www.sef-italia.it\/index.php\/dipartimenti\/equitazione-diversamente-abili\/#primaryimage"},"thumbnailUrl":"http:\/\/www.sef-italia.it\/wp-content\/uploads\/2016\/10\/rocchetta-definitivo-b92cb8c2.jpg","datePublished":"2016-10-10T12:09:37+00:00","dateModified":"2023-05-19T06:33:15+00:00","breadcrumb":{"@id":"https:\/\/www.sef-italia.it\/index.php\/dipartimenti\/equitazione-diversamente-abili\/#breadcrumb"},"inLanguage":"it-IT","potentialAction":[{"@type":"ReadAction","target":["https:\/\/www.sef-italia.it\/index.php\/dipartimenti\/equitazione-diversamente-abili\/"]}]},{"@type":"ImageObject","inLanguage":"it-IT","@id":"https:\/\/www.sef-italia.it\/index.php\/dipartimenti\/equitazione-diversamente-abili\/#primaryimage","url":"http:\/\/www.sef-italia.it\/wp-content\/uploads\/2016\/10\/rocchetta-definitivo-b92cb8c2.jpg","contentUrl":"http:\/\/www.sef-italia.it\/wp-content\/uploads\/2016\/10\/rocchetta-definitivo-b92cb8c2.jpg"},{"@type":"BreadcrumbList","@id":"https:\/\/www.sef-italia.it\/index.php\/dipartimenti\/equitazione-diversamente-abili\/#breadcrumb","itemListElement":[{"@type":"ListItem","position":1,"name":"Home","item":"https:\/\/www.sef-italia.it\/"},{"@type":"ListItem","position":2,"name":"Dipartimenti","item":"https:\/\/www.sef-italia.it\/index.php\/dipartimenti\/"},{"@type":"ListItem","position":3,"name":"Equitazione Diversamente Abili"}]},{"@type":"WebSite","@id":"https:\/\/www.sef-italia.it\/#website","url":"https:\/\/www.sef-italia.it\/","name":"SEF Italia","description":"Il nuovo sito SEF Italia","publisher":{"@id":"https:\/\/www.sef-italia.it\/#organization"},"potentialAction":[{"@type":"SearchAction","target":{"@type":"EntryPoint","urlTemplate":"https:\/\/www.sef-italia.it\/?s={search_term_string}"},"query-input":{"@type":"PropertyValueSpecification","valueRequired":true,"valueName":"search_term_string"}}],"inLanguage":"it-IT"},{"@type":"Organization","@id":"https:\/\/www.sef-italia.it\/#organization","name":"SEF Italia","url":"https:\/\/www.sef-italia.it\/","logo":{"@type":"ImageObject","inLanguage":"it-IT","@id":"https:\/\/www.sef-italia.it\/#\/schema\/logo\/image\/","url":"https:\/\/www.sef-italia.it\/wp-content\/uploads\/2018\/01\/logoSEF_QUADRATO-.jpg","contentUrl":"https:\/\/www.sef-italia.it\/wp-content\/uploads\/2018\/01\/logoSEF_QUADRATO-.jpg","width":600,"height":600,"caption":"SEF Italia"},"image":{"@id":"https:\/\/www.sef-italia.it\/#\/schema\/logo\/image\/"},"sameAs":["https:\/\/www.facebook.com\/scuolaequestrediformazione\/","https:\/\/x.com\/sef_italia","https:\/\/www.youtube.com\/channel\/UCcEMamL3elnrqfrtIT8sh7g?view_as=subscriber"]}]}},"_links":{"self":[{"href":"https:\/\/www.sef-italia.it\/index.php\/wp-json\/wp\/v2\/pages\/3099"}],"collection":[{"href":"https:\/\/www.sef-italia.it\/index.php\/wp-json\/wp\/v2\/pages"}],"about":[{"href":"https:\/\/www.sef-italia.it\/index.php\/wp-json\/wp\/v2\/types\/page"}],"author":[{"embeddable":true,"href":"https:\/\/www.sef-italia.it\/index.php\/wp-json\/wp\/v2\/users\/1"}],"replies":[{"embeddable":true,"href":"https:\/\/www.sef-italia.it\/index.php\/wp-json\/wp\/v2\/comments?post=3099"}],"version-history":[{"count":14,"href":"https:\/\/www.sef-italia.it\/index.php\/wp-json\/wp\/v2\/pages\/3099\/revisions"}],"predecessor-version":[{"id":22928,"href":"https:\/\/www.sef-italia.it\/index.php\/wp-json\/wp\/v2\/pages\/3099\/revisions\/22928"}],"up":[{"embeddable":true,"href":"https:\/\/www.sef-italia.it\/index.php\/wp-json\/wp\/v2\/pages\/44"}],"wp:attachment":[{"href":"https:\/\/www.sef-italia.it\/index.php\/wp-json\/wp\/v2\/media?parent=3099"}],"curies":[{"name":"wp","href":"https:\/\/api.w.org\/{rel}","templated":true}]}}