{"id":3102,"date":"2016-10-10T14:10:43","date_gmt":"2016-10-10T12:10:43","guid":{"rendered":"http:\/\/www.sporttennis.it\/sef-italia\/?page_id=3102"},"modified":"2020-06-17T16:46:40","modified_gmt":"2020-06-17T14:46:40","slug":"equitazione-etologica","status":"publish","type":"page","link":"https:\/\/www.sef-italia.it\/index.php\/dipartimenti\/equitazione-etologica\/","title":{"rendered":"Equitazione Etologica"},"content":{"rendered":"<p align=\"JUSTIFY\"><img loading=\"lazy\" decoding=\"async\" class=\"aligncenter size-full wp-image-3097\" src=\"http:\/\/www.sef-italia.it\/wp-content\/uploads\/2016\/10\/shutterstock_50591980-9fd20239.jpg\" alt=\"shutterstock_50591980-9fd20239\" width=\"640\" height=\"428\" srcset=\"https:\/\/www.sef-italia.it\/wp-content\/uploads\/2016\/10\/shutterstock_50591980-9fd20239.jpg 640w, https:\/\/www.sef-italia.it\/wp-content\/uploads\/2016\/10\/shutterstock_50591980-9fd20239-300x201.jpg 300w, https:\/\/www.sef-italia.it\/wp-content\/uploads\/2016\/10\/shutterstock_50591980-9fd20239-230x154.jpg 230w, https:\/\/www.sef-italia.it\/wp-content\/uploads\/2016\/10\/shutterstock_50591980-9fd20239-350x234.jpg 350w, https:\/\/www.sef-italia.it\/wp-content\/uploads\/2016\/10\/shutterstock_50591980-9fd20239-480x321.jpg 480w\" sizes=\"(max-width: 640px) 100vw, 640px\" \/><\/p>\n<p>ETOLOGIA (dal greco <em>\u00e8thos<\/em> che significa carattere, comportamento e <em>l\u00f2gos, <\/em>cio\u00e8 &#8220;scienza&#8221;) \u00e8 la scienza che studia il comportamento degli animali nel loro ambiente naturale.<br \/>\nMolti vedono questa scienza come lontana ed astratta, non applicabile quotidianamente n\u00e9 per chi pratica agonismo n\u00e9 per chi gestisce Centri Equestri dove si fa scuola di equitazione.<\/p>\n<p>La realt\u00e0 \u00e8 ben diversa: l\u2019Etologia \u00e8 applicabile concretamente e quotidianamente\u00a0ed \u00e8 sicuramente un aiuto ad ogni realt\u00e0 che, con il cavallo, si confronta.<\/p>\n<p>Ogni nostra azione va ad influenzare, positivamente o negativamente,\u00a0il comportamento dell\u2019animale e di conseguenza,\u00a0il lavoro e il rapporto che con lui cerchiamo di creare.<\/p>\n<p>Vorremmo incentivare parte di un processo culturale, gi\u00e0 in atto: il cambiamento dell\u2019approccio tecnico nel lavoro con il cavallo. Un animale che \u201cvuole fare perch\u00e9 sa che verr\u00e0 premiato\u201d diverr\u00e0 collaborativo ma, soprattutto, meglio performante rispetto ad un animale costretto tramite\u00a0un addestramento basato solo sulla punizione.<\/p>\n<p><strong>I Quadri Tecnici di questo settore sono:<\/strong><\/p>\n<p>\u2022 Tecnico di Base di Equitazione Etologica.<\/p>\n<p>\u2022 Tecnico di Equitazione Etologica di 1\u00b0 livello.<\/p>\n<p>\u2022 Tecnico di Equitazione Etologica di 2\u00b0 livello.<\/p>\n<p>\u2022 Tecnico di Equitazione Etologica di 3\u00b0 livello.<\/p>\n<p>\u2022 Addestratore Etologico.<\/p>\n<p><a href=\"http:\/\/www.sef-italia.it\/wp-content\/uploads\/2020\/06\/Regolamento_Equitazione_Etologica.pdf\">SCARICA QUI IL REGOLAMENTO DI EQUITAZIONE ETOLOGICA<\/a><\/p>\n","protected":false},"excerpt":{"rendered":"<p>ETOLOGIA (dal greco \u00e8thos che significa carattere, comportamento e l\u00f2gos, cio\u00e8 &#8220;scienza&#8221;) \u00e8 la scienza che studia il comportamento degli animali nel [&hellip;]<\/p>\n","protected":false},"author":1,"featured_media":0,"parent":44,"menu_order":0,"comment_status":"closed","ping_status":"closed","template":"","meta":{"footnotes":""},"yoast_head":"<!-- This site is optimized with the Yoast SEO plugin v24.5 - https:\/\/yoast.com\/wordpress\/plugins\/seo\/ -->\r\n<title>Equitazione Etologica - SEF Italia<\/title>\r\n<meta name=\"robots\" content=\"index, follow, max-snippet:-1, max-image-preview:large, max-video-preview:-1\" \/>\r\n<link rel=\"canonical\" href=\"https:\/\/www.sef-italia.it\/index.php\/dipartimenti\/equitazione-etologica\/\" \/>\r\n<meta property=\"og:locale\" content=\"it_IT\" \/>\r\n<meta property=\"og:type\" content=\"article\" \/>\r\n<meta property=\"og:title\" content=\"Equitazione Etologica - SEF Italia\" \/>\r\n<meta property=\"og:description\" content=\"ETOLOGIA (dal greco \u00e8thos che significa carattere, comportamento e l\u00f2gos, cio\u00e8 &#8220;scienza&#8221;) \u00e8 la scienza che studia il comportamento degli animali nel [&hellip;]\" \/>\r\n<meta property=\"og:url\" content=\"https:\/\/www.sef-italia.it\/index.php\/dipartimenti\/equitazione-etologica\/\" \/>\r\n<meta property=\"og:site_name\" content=\"SEF Italia\" \/>\r\n<meta property=\"article:publisher\" content=\"https:\/\/www.facebook.com\/scuolaequestrediformazione\/\" \/>\r\n<meta property=\"article:modified_time\" content=\"2020-06-17T14:46:40+00:00\" \/>\r\n<meta property=\"og:image\" content=\"http:\/\/www.sef-italia.it\/wp-content\/uploads\/2016\/10\/shutterstock_50591980-9fd20239.jpg\" \/>\r\n<meta name=\"twitter:card\" content=\"summary_large_image\" \/>\r\n<meta name=\"twitter:site\" content=\"@sef_italia\" \/>\r\n<meta name=\"twitter:label1\" content=\"Tempo di lettura stimato\" \/>\n\t<meta name=\"twitter:data1\" content=\"1 minuto\" \/>\r\n<script type=\"application\/ld+json\" class=\"yoast-schema-graph\">{\"@context\":\"https:\/\/schema.org\",\"@graph\":[{\"@type\":\"WebPage\",\"@id\":\"https:\/\/www.sef-italia.it\/index.php\/dipartimenti\/equitazione-etologica\/\",\"url\":\"https:\/\/www.sef-italia.it\/index.php\/dipartimenti\/equitazione-etologica\/\",\"name\":\"Equitazione Etologica - SEF Italia\",\"isPartOf\":{\"@id\":\"https:\/\/www.sef-italia.it\/#website\"},\"primaryImageOfPage\":{\"@id\":\"https:\/\/www.sef-italia.it\/index.php\/dipartimenti\/equitazione-etologica\/#primaryimage\"},\"image\":{\"@id\":\"https:\/\/www.sef-italia.it\/index.php\/dipartimenti\/equitazione-etologica\/#primaryimage\"},\"thumbnailUrl\":\"http:\/\/www.sef-italia.it\/wp-content\/uploads\/2016\/10\/shutterstock_50591980-9fd20239.jpg\",\"datePublished\":\"2016-10-10T12:10:43+00:00\",\"dateModified\":\"2020-06-17T14:46:40+00:00\",\"breadcrumb\":{\"@id\":\"https:\/\/www.sef-italia.it\/index.php\/dipartimenti\/equitazione-etologica\/#breadcrumb\"},\"inLanguage\":\"it-IT\",\"potentialAction\":[{\"@type\":\"ReadAction\",\"target\":[\"https:\/\/www.sef-italia.it\/index.php\/dipartimenti\/equitazione-etologica\/\"]}]},{\"@type\":\"ImageObject\",\"inLanguage\":\"it-IT\",\"@id\":\"https:\/\/www.sef-italia.it\/index.php\/dipartimenti\/equitazione-etologica\/#primaryimage\",\"url\":\"http:\/\/www.sef-italia.it\/wp-content\/uploads\/2016\/10\/shutterstock_50591980-9fd20239.jpg\",\"contentUrl\":\"http:\/\/www.sef-italia.it\/wp-content\/uploads\/2016\/10\/shutterstock_50591980-9fd20239.jpg\"},{\"@type\":\"BreadcrumbList\",\"@id\":\"https:\/\/www.sef-italia.it\/index.php\/dipartimenti\/equitazione-etologica\/#breadcrumb\",\"itemListElement\":[{\"@type\":\"ListItem\",\"position\":1,\"name\":\"Home\",\"item\":\"https:\/\/www.sef-italia.it\/\"},{\"@type\":\"ListItem\",\"position\":2,\"name\":\"Dipartimenti\",\"item\":\"https:\/\/www.sef-italia.it\/index.php\/dipartimenti\/\"},{\"@type\":\"ListItem\",\"position\":3,\"name\":\"Equitazione Etologica\"}]},{\"@type\":\"WebSite\",\"@id\":\"https:\/\/www.sef-italia.it\/#website\",\"url\":\"https:\/\/www.sef-italia.it\/\",\"name\":\"SEF Italia\",\"description\":\"Il nuovo sito SEF Italia\",\"publisher\":{\"@id\":\"https:\/\/www.sef-italia.it\/#organization\"},\"potentialAction\":[{\"@type\":\"SearchAction\",\"target\":{\"@type\":\"EntryPoint\",\"urlTemplate\":\"https:\/\/www.sef-italia.it\/?s={search_term_string}\"},\"query-input\":{\"@type\":\"PropertyValueSpecification\",\"valueRequired\":true,\"valueName\":\"search_term_string\"}}],\"inLanguage\":\"it-IT\"},{\"@type\":\"Organization\",\"@id\":\"https:\/\/www.sef-italia.it\/#organization\",\"name\":\"SEF Italia\",\"url\":\"https:\/\/www.sef-italia.it\/\",\"logo\":{\"@type\":\"ImageObject\",\"inLanguage\":\"it-IT\",\"@id\":\"https:\/\/www.sef-italia.it\/#\/schema\/logo\/image\/\",\"url\":\"https:\/\/www.sef-italia.it\/wp-content\/uploads\/2018\/01\/logoSEF_QUADRATO-.jpg\",\"contentUrl\":\"https:\/\/www.sef-italia.it\/wp-content\/uploads\/2018\/01\/logoSEF_QUADRATO-.jpg\",\"width\":600,\"height\":600,\"caption\":\"SEF Italia\"},\"image\":{\"@id\":\"https:\/\/www.sef-italia.it\/#\/schema\/logo\/image\/\"},\"sameAs\":[\"https:\/\/www.facebook.com\/scuolaequestrediformazione\/\",\"https:\/\/x.com\/sef_italia\",\"https:\/\/www.youtube.com\/channel\/UCcEMamL3elnrqfrtIT8sh7g?view_as=subscriber\"]}]}<\/script>\r\n<!-- \/ Yoast SEO plugin. -->","yoast_head_json":{"title":"Equitazione Etologica - SEF Italia","robots":{"index":"index","follow":"follow","max-snippet":"max-snippet:-1","max-image-preview":"max-image-preview:large","max-video-preview":"max-video-preview:-1"},"canonical":"https:\/\/www.sef-italia.it\/index.php\/dipartimenti\/equitazione-etologica\/","og_locale":"it_IT","og_type":"article","og_title":"Equitazione Etologica - SEF Italia","og_description":"ETOLOGIA (dal greco \u00e8thos che significa carattere, comportamento e l\u00f2gos, cio\u00e8 &#8220;scienza&#8221;) \u00e8 la scienza che studia il comportamento degli animali nel [&hellip;]","og_url":"https:\/\/www.sef-italia.it\/index.php\/dipartimenti\/equitazione-etologica\/","og_site_name":"SEF Italia","article_publisher":"https:\/\/www.facebook.com\/scuolaequestrediformazione\/","article_modified_time":"2020-06-17T14:46:40+00:00","og_image":[{"url":"http:\/\/www.sef-italia.it\/wp-content\/uploads\/2016\/10\/shutterstock_50591980-9fd20239.jpg","type":"","width":"","height":""}],"twitter_card":"summary_large_image","twitter_site":"@sef_italia","twitter_misc":{"Tempo di lettura stimato":"1 minuto"},"schema":{"@context":"https:\/\/schema.org","@graph":[{"@type":"WebPage","@id":"https:\/\/www.sef-italia.it\/index.php\/dipartimenti\/equitazione-etologica\/","url":"https:\/\/www.sef-italia.it\/index.php\/dipartimenti\/equitazione-etologica\/","name":"Equitazione Etologica - SEF Italia","isPartOf":{"@id":"https:\/\/www.sef-italia.it\/#website"},"primaryImageOfPage":{"@id":"https:\/\/www.sef-italia.it\/index.php\/dipartimenti\/equitazione-etologica\/#primaryimage"},"image":{"@id":"https:\/\/www.sef-italia.it\/index.php\/dipartimenti\/equitazione-etologica\/#primaryimage"},"thumbnailUrl":"http:\/\/www.sef-italia.it\/wp-content\/uploads\/2016\/10\/shutterstock_50591980-9fd20239.jpg","datePublished":"2016-10-10T12:10:43+00:00","dateModified":"2020-06-17T14:46:40+00:00","breadcrumb":{"@id":"https:\/\/www.sef-italia.it\/index.php\/dipartimenti\/equitazione-etologica\/#breadcrumb"},"inLanguage":"it-IT","potentialAction":[{"@type":"ReadAction","target":["https:\/\/www.sef-italia.it\/index.php\/dipartimenti\/equitazione-etologica\/"]}]},{"@type":"ImageObject","inLanguage":"it-IT","@id":"https:\/\/www.sef-italia.it\/index.php\/dipartimenti\/equitazione-etologica\/#primaryimage","url":"http:\/\/www.sef-italia.it\/wp-content\/uploads\/2016\/10\/shutterstock_50591980-9fd20239.jpg","contentUrl":"http:\/\/www.sef-italia.it\/wp-content\/uploads\/2016\/10\/shutterstock_50591980-9fd20239.jpg"},{"@type":"BreadcrumbList","@id":"https:\/\/www.sef-italia.it\/index.php\/dipartimenti\/equitazione-etologica\/#breadcrumb","itemListElement":[{"@type":"ListItem","position":1,"name":"Home","item":"https:\/\/www.sef-italia.it\/"},{"@type":"ListItem","position":2,"name":"Dipartimenti","item":"https:\/\/www.sef-italia.it\/index.php\/dipartimenti\/"},{"@type":"ListItem","position":3,"name":"Equitazione Etologica"}]},{"@type":"WebSite","@id":"https:\/\/www.sef-italia.it\/#website","url":"https:\/\/www.sef-italia.it\/","name":"SEF Italia","description":"Il nuovo sito SEF Italia","publisher":{"@id":"https:\/\/www.sef-italia.it\/#organization"},"potentialAction":[{"@type":"SearchAction","target":{"@type":"EntryPoint","urlTemplate":"https:\/\/www.sef-italia.it\/?s={search_term_string}"},"query-input":{"@type":"PropertyValueSpecification","valueRequired":true,"valueName":"search_term_string"}}],"inLanguage":"it-IT"},{"@type":"Organization","@id":"https:\/\/www.sef-italia.it\/#organization","name":"SEF Italia","url":"https:\/\/www.sef-italia.it\/","logo":{"@type":"ImageObject","inLanguage":"it-IT","@id":"https:\/\/www.sef-italia.it\/#\/schema\/logo\/image\/","url":"https:\/\/www.sef-italia.it\/wp-content\/uploads\/2018\/01\/logoSEF_QUADRATO-.jpg","contentUrl":"https:\/\/www.sef-italia.it\/wp-content\/uploads\/2018\/01\/logoSEF_QUADRATO-.jpg","width":600,"height":600,"caption":"SEF Italia"},"image":{"@id":"https:\/\/www.sef-italia.it\/#\/schema\/logo\/image\/"},"sameAs":["https:\/\/www.facebook.com\/scuolaequestrediformazione\/","https:\/\/x.com\/sef_italia","https:\/\/www.youtube.com\/channel\/UCcEMamL3elnrqfrtIT8sh7g?view_as=subscriber"]}]}},"_links":{"self":[{"href":"https:\/\/www.sef-italia.it\/index.php\/wp-json\/wp\/v2\/pages\/3102"}],"collection":[{"href":"https:\/\/www.sef-italia.it\/index.php\/wp-json\/wp\/v2\/pages"}],"about":[{"href":"https:\/\/www.sef-italia.it\/index.php\/wp-json\/wp\/v2\/types\/page"}],"author":[{"embeddable":true,"href":"https:\/\/www.sef-italia.it\/index.php\/wp-json\/wp\/v2\/users\/1"}],"replies":[{"embeddable":true,"href":"https:\/\/www.sef-italia.it\/index.php\/wp-json\/wp\/v2\/comments?post=3102"}],"version-history":[{"count":10,"href":"https:\/\/www.sef-italia.it\/index.php\/wp-json\/wp\/v2\/pages\/3102\/revisions"}],"predecessor-version":[{"id":16778,"href":"https:\/\/www.sef-italia.it\/index.php\/wp-json\/wp\/v2\/pages\/3102\/revisions\/16778"}],"up":[{"embeddable":true,"href":"https:\/\/www.sef-italia.it\/index.php\/wp-json\/wp\/v2\/pages\/44"}],"wp:attachment":[{"href":"https:\/\/www.sef-italia.it\/index.php\/wp-json\/wp\/v2\/media?parent=3102"}],"curies":[{"name":"wp","href":"https:\/\/api.w.org\/{rel}","templated":true}]}}