{"id":3121,"date":"2016-10-10T14:23:39","date_gmt":"2016-10-10T12:23:39","guid":{"rendered":"http:\/\/www.sporttennis.it\/sef-italia\/?page_id=3121"},"modified":"2024-01-17T12:28:47","modified_gmt":"2024-01-17T11:28:47","slug":"equiturismo","status":"publish","type":"page","link":"https:\/\/www.sef-italia.it\/index.php\/dipartimenti\/equiturismo\/","title":{"rendered":"Equitazione di Campagna"},"content":{"rendered":"<p><img loading=\"lazy\" decoding=\"async\" class=\"aligncenter size-full wp-image-3097\" src=\"http:\/\/www.sef-italia.it\/wp-content\/uploads\/2016\/10\/shutterstock_50591980-9fd20239.jpg\" alt=\"shutterstock_50591980-9fd20239\" width=\"640\" height=\"428\" srcset=\"https:\/\/www.sef-italia.it\/wp-content\/uploads\/2016\/10\/shutterstock_50591980-9fd20239.jpg 640w, https:\/\/www.sef-italia.it\/wp-content\/uploads\/2016\/10\/shutterstock_50591980-9fd20239-300x201.jpg 300w, https:\/\/www.sef-italia.it\/wp-content\/uploads\/2016\/10\/shutterstock_50591980-9fd20239-230x154.jpg 230w, https:\/\/www.sef-italia.it\/wp-content\/uploads\/2016\/10\/shutterstock_50591980-9fd20239-350x234.jpg 350w, https:\/\/www.sef-italia.it\/wp-content\/uploads\/2016\/10\/shutterstock_50591980-9fd20239-480x321.jpg 480w\" sizes=\"(max-width: 640px) 100vw, 640px\" \/><\/p>\n<p>L&#8217;equitazione di Campagna sta prendendo piede anche sul territorio italiano e lo si riscontra nella necessit\u00e0 sempre pi\u00f9 forte di fuga dalle grandi citt\u00e0 e dalla routine.<\/p>\n<p>Molti agriturismi cercano collaboratori in possesso di qualifiche sportive che diano garanzie di professionalit\u00e0 finalizzata al benessere dei cavalli ed alla soddisfazione degli allievi, e che dispongano di una copertura assicurativa antinfortuni, RCT e tutela legale.<\/p>\n<p>L\u2019accompagnatore di Equitazione di Campagna e la Guida ha acquisito le conoscenze di base di ippotecn\u00eca, del codice della strada e quant\u2019altro sia necessario per organizzare e svolgere in completa sicurezza passeggiate in campagna.<\/p>\n<p>I corsi sono diretti a cavalieri maggiorenni che montano a cavallo con scioltezza alle tre andature e sono tenuti da Tecnici qualificati in possesso di qualifiche specifiche F.I.S.E. e\/o militari.<\/p>\n<p class=\"bebas\"><strong>I Quadri Tecnici di questo settore sono:<\/strong><\/p>\n<ul>\n<li>Accompagnatore di Equitazione di Campagna.<\/li>\n<li>Guida di Equitazione di Campagna.<\/li>\n<\/ul>\n<div><span class=\"s1\"><i>Responsabile Nazionale<br \/>\n<\/i><\/span><span class=\"s1\"><b>Fernando L&#8217;Arco<\/b><\/span><\/div>\n<div><span class=\"s1\"><b>tel.: 335 7277455<\/b><br \/>\n<a href=\"mailto:info@cretegialle.it\">info@cretegialle.it<\/a><\/span><\/div>\n<p><em>Responsabile per la Regione Sicilia per il settore Trekking<\/em><br \/>\n<strong>Antonio Longhitano<\/strong><\/p>\n<p class=\"p1\"><span class=\"s1\"><i>Responsabile Regionale Piemonte<br \/>\n<\/i><\/span><span class=\"s1\"><b>Della Rocca Giuseppe<br \/>\n<\/b><\/span><span class=\"s1\">3283072103<br \/>\n<\/span><span class=\"s2\"><a href=\"mailto:dellaroccateam@yahoo.it\">dellaroccateam@yahoo.it<\/a><\/span><\/p>\n<p><a href=\"http:\/\/www.sef-italia.it\/wp-content\/uploads\/2021\/04\/Regolamento_Tecnici_Equitazione_Campagna.pdf\">SCARICA QUI IL REGOLAMENTO NAZIONALE<\/a><\/p>\n","protected":false},"excerpt":{"rendered":"<p>L&#8217;equitazione di Campagna sta prendendo piede anche sul territorio italiano e lo si riscontra nella necessit\u00e0 sempre pi\u00f9 forte di fuga dalle [&hellip;]<\/p>\n","protected":false},"author":1,"featured_media":0,"parent":44,"menu_order":0,"comment_status":"closed","ping_status":"closed","template":"","meta":{"footnotes":""},"yoast_head":"<!-- This site is optimized with the Yoast SEO plugin v24.5 - https:\/\/yoast.com\/wordpress\/plugins\/seo\/ -->\r\n<title>Equitazione di Campagna - SEF Italia<\/title>\r\n<meta name=\"robots\" content=\"index, follow, max-snippet:-1, max-image-preview:large, max-video-preview:-1\" \/>\r\n<link rel=\"canonical\" href=\"https:\/\/www.sef-italia.it\/index.php\/dipartimenti\/equiturismo\/\" \/>\r\n<meta property=\"og:locale\" content=\"it_IT\" \/>\r\n<meta property=\"og:type\" content=\"article\" \/>\r\n<meta property=\"og:title\" content=\"Equitazione di Campagna - SEF Italia\" \/>\r\n<meta property=\"og:description\" content=\"L&#8217;equitazione di Campagna sta prendendo piede anche sul territorio italiano e lo si riscontra nella necessit\u00e0 sempre pi\u00f9 forte di fuga dalle [&hellip;]\" \/>\r\n<meta property=\"og:url\" content=\"https:\/\/www.sef-italia.it\/index.php\/dipartimenti\/equiturismo\/\" \/>\r\n<meta property=\"og:site_name\" content=\"SEF Italia\" \/>\r\n<meta property=\"article:publisher\" content=\"https:\/\/www.facebook.com\/scuolaequestrediformazione\/\" \/>\r\n<meta property=\"article:modified_time\" content=\"2024-01-17T11:28:47+00:00\" \/>\r\n<meta property=\"og:image\" content=\"http:\/\/www.sef-italia.it\/wp-content\/uploads\/2016\/10\/shutterstock_50591980-9fd20239.jpg\" \/>\r\n<meta name=\"twitter:card\" content=\"summary_large_image\" \/>\r\n<meta name=\"twitter:site\" content=\"@sef_italia\" \/>\r\n<meta name=\"twitter:label1\" content=\"Tempo di lettura stimato\" \/>\n\t<meta name=\"twitter:data1\" content=\"2 minuti\" \/>\r\n<script type=\"application\/ld+json\" class=\"yoast-schema-graph\">{\"@context\":\"https:\/\/schema.org\",\"@graph\":[{\"@type\":\"WebPage\",\"@id\":\"https:\/\/www.sef-italia.it\/index.php\/dipartimenti\/equiturismo\/\",\"url\":\"https:\/\/www.sef-italia.it\/index.php\/dipartimenti\/equiturismo\/\",\"name\":\"Equitazione di Campagna - SEF Italia\",\"isPartOf\":{\"@id\":\"https:\/\/www.sef-italia.it\/#website\"},\"primaryImageOfPage\":{\"@id\":\"https:\/\/www.sef-italia.it\/index.php\/dipartimenti\/equiturismo\/#primaryimage\"},\"image\":{\"@id\":\"https:\/\/www.sef-italia.it\/index.php\/dipartimenti\/equiturismo\/#primaryimage\"},\"thumbnailUrl\":\"http:\/\/www.sef-italia.it\/wp-content\/uploads\/2016\/10\/shutterstock_50591980-9fd20239.jpg\",\"datePublished\":\"2016-10-10T12:23:39+00:00\",\"dateModified\":\"2024-01-17T11:28:47+00:00\",\"breadcrumb\":{\"@id\":\"https:\/\/www.sef-italia.it\/index.php\/dipartimenti\/equiturismo\/#breadcrumb\"},\"inLanguage\":\"it-IT\",\"potentialAction\":[{\"@type\":\"ReadAction\",\"target\":[\"https:\/\/www.sef-italia.it\/index.php\/dipartimenti\/equiturismo\/\"]}]},{\"@type\":\"ImageObject\",\"inLanguage\":\"it-IT\",\"@id\":\"https:\/\/www.sef-italia.it\/index.php\/dipartimenti\/equiturismo\/#primaryimage\",\"url\":\"http:\/\/www.sef-italia.it\/wp-content\/uploads\/2016\/10\/shutterstock_50591980-9fd20239.jpg\",\"contentUrl\":\"http:\/\/www.sef-italia.it\/wp-content\/uploads\/2016\/10\/shutterstock_50591980-9fd20239.jpg\"},{\"@type\":\"BreadcrumbList\",\"@id\":\"https:\/\/www.sef-italia.it\/index.php\/dipartimenti\/equiturismo\/#breadcrumb\",\"itemListElement\":[{\"@type\":\"ListItem\",\"position\":1,\"name\":\"Home\",\"item\":\"https:\/\/www.sef-italia.it\/\"},{\"@type\":\"ListItem\",\"position\":2,\"name\":\"Dipartimenti\",\"item\":\"https:\/\/www.sef-italia.it\/index.php\/dipartimenti\/\"},{\"@type\":\"ListItem\",\"position\":3,\"name\":\"Equitazione di Campagna\"}]},{\"@type\":\"WebSite\",\"@id\":\"https:\/\/www.sef-italia.it\/#website\",\"url\":\"https:\/\/www.sef-italia.it\/\",\"name\":\"SEF Italia\",\"description\":\"Il nuovo sito SEF Italia\",\"publisher\":{\"@id\":\"https:\/\/www.sef-italia.it\/#organization\"},\"potentialAction\":[{\"@type\":\"SearchAction\",\"target\":{\"@type\":\"EntryPoint\",\"urlTemplate\":\"https:\/\/www.sef-italia.it\/?s={search_term_string}\"},\"query-input\":{\"@type\":\"PropertyValueSpecification\",\"valueRequired\":true,\"valueName\":\"search_term_string\"}}],\"inLanguage\":\"it-IT\"},{\"@type\":\"Organization\",\"@id\":\"https:\/\/www.sef-italia.it\/#organization\",\"name\":\"SEF Italia\",\"url\":\"https:\/\/www.sef-italia.it\/\",\"logo\":{\"@type\":\"ImageObject\",\"inLanguage\":\"it-IT\",\"@id\":\"https:\/\/www.sef-italia.it\/#\/schema\/logo\/image\/\",\"url\":\"https:\/\/www.sef-italia.it\/wp-content\/uploads\/2018\/01\/logoSEF_QUADRATO-.jpg\",\"contentUrl\":\"https:\/\/www.sef-italia.it\/wp-content\/uploads\/2018\/01\/logoSEF_QUADRATO-.jpg\",\"width\":600,\"height\":600,\"caption\":\"SEF Italia\"},\"image\":{\"@id\":\"https:\/\/www.sef-italia.it\/#\/schema\/logo\/image\/\"},\"sameAs\":[\"https:\/\/www.facebook.com\/scuolaequestrediformazione\/\",\"https:\/\/x.com\/sef_italia\",\"https:\/\/www.youtube.com\/channel\/UCcEMamL3elnrqfrtIT8sh7g?view_as=subscriber\"]}]}<\/script>\r\n<!-- \/ Yoast SEO plugin. -->","yoast_head_json":{"title":"Equitazione di Campagna - SEF Italia","robots":{"index":"index","follow":"follow","max-snippet":"max-snippet:-1","max-image-preview":"max-image-preview:large","max-video-preview":"max-video-preview:-1"},"canonical":"https:\/\/www.sef-italia.it\/index.php\/dipartimenti\/equiturismo\/","og_locale":"it_IT","og_type":"article","og_title":"Equitazione di Campagna - SEF Italia","og_description":"L&#8217;equitazione di Campagna sta prendendo piede anche sul territorio italiano e lo si riscontra nella necessit\u00e0 sempre pi\u00f9 forte di fuga dalle [&hellip;]","og_url":"https:\/\/www.sef-italia.it\/index.php\/dipartimenti\/equiturismo\/","og_site_name":"SEF Italia","article_publisher":"https:\/\/www.facebook.com\/scuolaequestrediformazione\/","article_modified_time":"2024-01-17T11:28:47+00:00","og_image":[{"url":"http:\/\/www.sef-italia.it\/wp-content\/uploads\/2016\/10\/shutterstock_50591980-9fd20239.jpg","type":"","width":"","height":""}],"twitter_card":"summary_large_image","twitter_site":"@sef_italia","twitter_misc":{"Tempo di lettura stimato":"2 minuti"},"schema":{"@context":"https:\/\/schema.org","@graph":[{"@type":"WebPage","@id":"https:\/\/www.sef-italia.it\/index.php\/dipartimenti\/equiturismo\/","url":"https:\/\/www.sef-italia.it\/index.php\/dipartimenti\/equiturismo\/","name":"Equitazione di Campagna - SEF Italia","isPartOf":{"@id":"https:\/\/www.sef-italia.it\/#website"},"primaryImageOfPage":{"@id":"https:\/\/www.sef-italia.it\/index.php\/dipartimenti\/equiturismo\/#primaryimage"},"image":{"@id":"https:\/\/www.sef-italia.it\/index.php\/dipartimenti\/equiturismo\/#primaryimage"},"thumbnailUrl":"http:\/\/www.sef-italia.it\/wp-content\/uploads\/2016\/10\/shutterstock_50591980-9fd20239.jpg","datePublished":"2016-10-10T12:23:39+00:00","dateModified":"2024-01-17T11:28:47+00:00","breadcrumb":{"@id":"https:\/\/www.sef-italia.it\/index.php\/dipartimenti\/equiturismo\/#breadcrumb"},"inLanguage":"it-IT","potentialAction":[{"@type":"ReadAction","target":["https:\/\/www.sef-italia.it\/index.php\/dipartimenti\/equiturismo\/"]}]},{"@type":"ImageObject","inLanguage":"it-IT","@id":"https:\/\/www.sef-italia.it\/index.php\/dipartimenti\/equiturismo\/#primaryimage","url":"http:\/\/www.sef-italia.it\/wp-content\/uploads\/2016\/10\/shutterstock_50591980-9fd20239.jpg","contentUrl":"http:\/\/www.sef-italia.it\/wp-content\/uploads\/2016\/10\/shutterstock_50591980-9fd20239.jpg"},{"@type":"BreadcrumbList","@id":"https:\/\/www.sef-italia.it\/index.php\/dipartimenti\/equiturismo\/#breadcrumb","itemListElement":[{"@type":"ListItem","position":1,"name":"Home","item":"https:\/\/www.sef-italia.it\/"},{"@type":"ListItem","position":2,"name":"Dipartimenti","item":"https:\/\/www.sef-italia.it\/index.php\/dipartimenti\/"},{"@type":"ListItem","position":3,"name":"Equitazione di Campagna"}]},{"@type":"WebSite","@id":"https:\/\/www.sef-italia.it\/#website","url":"https:\/\/www.sef-italia.it\/","name":"SEF Italia","description":"Il nuovo sito SEF Italia","publisher":{"@id":"https:\/\/www.sef-italia.it\/#organization"},"potentialAction":[{"@type":"SearchAction","target":{"@type":"EntryPoint","urlTemplate":"https:\/\/www.sef-italia.it\/?s={search_term_string}"},"query-input":{"@type":"PropertyValueSpecification","valueRequired":true,"valueName":"search_term_string"}}],"inLanguage":"it-IT"},{"@type":"Organization","@id":"https:\/\/www.sef-italia.it\/#organization","name":"SEF Italia","url":"https:\/\/www.sef-italia.it\/","logo":{"@type":"ImageObject","inLanguage":"it-IT","@id":"https:\/\/www.sef-italia.it\/#\/schema\/logo\/image\/","url":"https:\/\/www.sef-italia.it\/wp-content\/uploads\/2018\/01\/logoSEF_QUADRATO-.jpg","contentUrl":"https:\/\/www.sef-italia.it\/wp-content\/uploads\/2018\/01\/logoSEF_QUADRATO-.jpg","width":600,"height":600,"caption":"SEF Italia"},"image":{"@id":"https:\/\/www.sef-italia.it\/#\/schema\/logo\/image\/"},"sameAs":["https:\/\/www.facebook.com\/scuolaequestrediformazione\/","https:\/\/x.com\/sef_italia","https:\/\/www.youtube.com\/channel\/UCcEMamL3elnrqfrtIT8sh7g?view_as=subscriber"]}]}},"_links":{"self":[{"href":"https:\/\/www.sef-italia.it\/index.php\/wp-json\/wp\/v2\/pages\/3121"}],"collection":[{"href":"https:\/\/www.sef-italia.it\/index.php\/wp-json\/wp\/v2\/pages"}],"about":[{"href":"https:\/\/www.sef-italia.it\/index.php\/wp-json\/wp\/v2\/types\/page"}],"author":[{"embeddable":true,"href":"https:\/\/www.sef-italia.it\/index.php\/wp-json\/wp\/v2\/users\/1"}],"replies":[{"embeddable":true,"href":"https:\/\/www.sef-italia.it\/index.php\/wp-json\/wp\/v2\/comments?post=3121"}],"version-history":[{"count":14,"href":"https:\/\/www.sef-italia.it\/index.php\/wp-json\/wp\/v2\/pages\/3121\/revisions"}],"predecessor-version":[{"id":23581,"href":"https:\/\/www.sef-italia.it\/index.php\/wp-json\/wp\/v2\/pages\/3121\/revisions\/23581"}],"up":[{"embeddable":true,"href":"https:\/\/www.sef-italia.it\/index.php\/wp-json\/wp\/v2\/pages\/44"}],"wp:attachment":[{"href":"https:\/\/www.sef-italia.it\/index.php\/wp-json\/wp\/v2\/media?parent=3121"}],"curies":[{"name":"wp","href":"https:\/\/api.w.org\/{rel}","templated":true}]}}