{"id":3123,"date":"2016-10-10T14:30:10","date_gmt":"2016-10-10T12:30:10","guid":{"rendered":"http:\/\/www.sporttennis.it\/sef-italia\/?page_id=3123"},"modified":"2020-12-15T14:46:07","modified_gmt":"2020-12-15T13:46:07","slug":"falconeria-a-cavallo","status":"publish","type":"page","link":"https:\/\/www.sef-italia.it\/index.php\/dipartimenti\/falconeria-a-cavallo\/","title":{"rendered":"Falconeria a Cavallo"},"content":{"rendered":"<p lang=\"it-IT\"><img loading=\"lazy\" decoding=\"async\" class=\"aligncenter size-full wp-image-3124\" src=\"http:\/\/www.sef-italia.it\/wp-content\/uploads\/2016\/10\/falconeria-a-cavallo-9a37331c.jpg\" alt=\"falconeria-a-cavallo-9a37331c\" width=\"660\" height=\"437\" srcset=\"https:\/\/www.sef-italia.it\/wp-content\/uploads\/2016\/10\/falconeria-a-cavallo-9a37331c.jpg 660w, https:\/\/www.sef-italia.it\/wp-content\/uploads\/2016\/10\/falconeria-a-cavallo-9a37331c-300x199.jpg 300w, https:\/\/www.sef-italia.it\/wp-content\/uploads\/2016\/10\/falconeria-a-cavallo-9a37331c-230x152.jpg 230w, https:\/\/www.sef-italia.it\/wp-content\/uploads\/2016\/10\/falconeria-a-cavallo-9a37331c-350x232.jpg 350w, https:\/\/www.sef-italia.it\/wp-content\/uploads\/2016\/10\/falconeria-a-cavallo-9a37331c-480x318.jpg 480w\" sizes=\"(max-width: 660px) 100vw, 660px\" \/><\/p>\n<p lang=\"it-IT\">Questo settore desidera avvicinare il pubblico alla natura tramite uno stretto rapporto fra il trinomio: Uomo, Cavallo e Uccello Rapace.Riscoprendo un&#8217;arte che accompagna l&#8217;uomo da migliaia di anni, la falconeria a cavallo pu\u00f2 diventare ai giorni nostri uno straordinario metodo per vivere la natura nella sua totalit\u00e0.Il progetto di questo settore \u00e8 quello di creare dei cavalieri che siano in grado di vivere l\u2019equitazione abbinata alla falconeria. Lavoro in campo, trekking ed escursioni a cavallo con il rapace al seguito. Sia il cavallo che gli uccelli rapaci hanno fatto parte della nostra storia aiutando l&#8217;uomo nel corso della sua evoluzione: Il cavallo, come mezzo di locomozione, di lavoro e compagno in battaglia; L&#8217;uccello rapace, ha da sempre collaborato con l\u2019uomo nelle attivit\u00e0 venatorie quando la caccia era una necessit\u00e0 e non un hobby. La sua capacit\u00e0 predatoria offriva straordinario successo a coloro che lo utilizzavano, portandoli ad essere considerati fino ai primi anni del XX secolo, animali nobili, la cui gestione era possibile solo al ceto nobiliare. Non a caso la raffigurazione totale o parziale dei rapaci la si poteva trovare, nelle immagini degli dei, nelle icone militari e religiose, ancora oggi sono simbolo di nazioni, societ\u00e0 sportive, loghi pubblicitari, come espressione di forza e maestosit\u00e0.<\/p>\n<p lang=\"it-IT\" align=\"JUSTIFY\">I Quadri Tecnici di questo settore sono:<\/p>\n<p lang=\"it-IT\" align=\"JUSTIFY\">\u2022 Operatore Tecnico di Base Falconeria a Cavallo<\/p>\n<p lang=\"it-IT\" align=\"JUSTIFY\">\u2022 Tecnico di 1\u00b0 Livello Falconeria a Cavallo<\/p>\n<p lang=\"it-IT\" align=\"JUSTIFY\">\u2022 Tecnico di 2\u00b0 Livello Falconeria a Cavallo<\/p>\n<p lang=\"it-IT\">\u2022 Maestro di Falconeria a Cavallo<\/p>\n<p lang=\"it-IT\" align=\"JUSTIFY\">\u00a0<\/p>\n<p lang=\"it-IT\" align=\"JUSTIFY\"><a title=\"Regolamento Falconeria a cavallo\" href=\"http:\/\/www.sef-italia.it\/wp-content\/uploads\/2020\/06\/Regolamento_Falconeria_a_Cavallo.pdf\" target=\"_blank\" rel=\"noopener noreferrer\">-Regolamento Falconeria a cavallo<\/a><\/p>\n<p lang=\"it-IT\" align=\"JUSTIFY\"><em><strong>Referente della Regione Campania per falconeria, allevamento e addestramento rapaci notturni e diurni:<\/strong><\/em><\/p>\n<p lang=\"it-IT\" align=\"JUSTIFY\">Alessandro Maiello<\/p>\n<p lang=\"it-IT\" align=\"JUSTIFY\">Tel.: 329 0799747<\/p>\n<p lang=\"it-IT\" align=\"JUSTIFY\"><a href=\"mailto:anticoborgo2009@gmail.com\"><span data-sheets-value=\"{&quot;1&quot;:2,&quot;2&quot;:&quot;anticoborgo2009@gmail.com&quot;}\" data-sheets-userformat=\"{&quot;2&quot;:513,&quot;3&quot;:{&quot;1&quot;:0},&quot;12&quot;:0}\">anticoborgo2009@gmail.com<\/span><\/a><\/p>","protected":false},"excerpt":{"rendered":"<p>Questo settore desidera avvicinare il pubblico alla natura tramite uno stretto rapporto fra il trinomio: Uomo, Cavallo e Uccello Rapace.Riscoprendo un&#8217;arte che [&hellip;]<\/p>\n","protected":false},"author":1,"featured_media":0,"parent":44,"menu_order":0,"comment_status":"closed","ping_status":"closed","template":"","meta":{"footnotes":""},"yoast_head":"<!-- This site is optimized with the Yoast SEO plugin v24.5 - https:\/\/yoast.com\/wordpress\/plugins\/seo\/ -->\r\n<title>Falconeria a Cavallo - SEF Italia<\/title>\r\n<meta name=\"robots\" content=\"index, follow, max-snippet:-1, max-image-preview:large, max-video-preview:-1\" \/>\r\n<link rel=\"canonical\" href=\"https:\/\/www.sef-italia.it\/index.php\/dipartimenti\/falconeria-a-cavallo\/\" \/>\r\n<meta property=\"og:locale\" content=\"it_IT\" \/>\r\n<meta property=\"og:type\" content=\"article\" \/>\r\n<meta property=\"og:title\" content=\"Falconeria a Cavallo - SEF Italia\" \/>\r\n<meta property=\"og:description\" content=\"Questo settore desidera avvicinare il pubblico alla natura tramite uno stretto rapporto fra il trinomio: Uomo, Cavallo e Uccello Rapace.Riscoprendo un&#8217;arte che [&hellip;]\" \/>\r\n<meta property=\"og:url\" content=\"https:\/\/www.sef-italia.it\/index.php\/dipartimenti\/falconeria-a-cavallo\/\" \/>\r\n<meta property=\"og:site_name\" content=\"SEF Italia\" \/>\r\n<meta property=\"article:publisher\" content=\"https:\/\/www.facebook.com\/scuolaequestrediformazione\/\" \/>\r\n<meta property=\"article:modified_time\" content=\"2020-12-15T13:46:07+00:00\" \/>\r\n<meta property=\"og:image\" content=\"http:\/\/www.sef-italia.it\/wp-content\/uploads\/2016\/10\/falconeria-a-cavallo-9a37331c.jpg\" \/>\r\n<meta name=\"twitter:card\" content=\"summary_large_image\" \/>\r\n<meta name=\"twitter:site\" content=\"@sef_italia\" \/>\r\n<meta name=\"twitter:label1\" content=\"Tempo di lettura stimato\" \/>\n\t<meta name=\"twitter:data1\" content=\"1 minuto\" \/>\r\n<script type=\"application\/ld+json\" class=\"yoast-schema-graph\">{\"@context\":\"https:\/\/schema.org\",\"@graph\":[{\"@type\":\"WebPage\",\"@id\":\"https:\/\/www.sef-italia.it\/index.php\/dipartimenti\/falconeria-a-cavallo\/\",\"url\":\"https:\/\/www.sef-italia.it\/index.php\/dipartimenti\/falconeria-a-cavallo\/\",\"name\":\"Falconeria a Cavallo - SEF Italia\",\"isPartOf\":{\"@id\":\"https:\/\/www.sef-italia.it\/#website\"},\"primaryImageOfPage\":{\"@id\":\"https:\/\/www.sef-italia.it\/index.php\/dipartimenti\/falconeria-a-cavallo\/#primaryimage\"},\"image\":{\"@id\":\"https:\/\/www.sef-italia.it\/index.php\/dipartimenti\/falconeria-a-cavallo\/#primaryimage\"},\"thumbnailUrl\":\"http:\/\/www.sef-italia.it\/wp-content\/uploads\/2016\/10\/falconeria-a-cavallo-9a37331c.jpg\",\"datePublished\":\"2016-10-10T12:30:10+00:00\",\"dateModified\":\"2020-12-15T13:46:07+00:00\",\"breadcrumb\":{\"@id\":\"https:\/\/www.sef-italia.it\/index.php\/dipartimenti\/falconeria-a-cavallo\/#breadcrumb\"},\"inLanguage\":\"it-IT\",\"potentialAction\":[{\"@type\":\"ReadAction\",\"target\":[\"https:\/\/www.sef-italia.it\/index.php\/dipartimenti\/falconeria-a-cavallo\/\"]}]},{\"@type\":\"ImageObject\",\"inLanguage\":\"it-IT\",\"@id\":\"https:\/\/www.sef-italia.it\/index.php\/dipartimenti\/falconeria-a-cavallo\/#primaryimage\",\"url\":\"http:\/\/www.sef-italia.it\/wp-content\/uploads\/2016\/10\/falconeria-a-cavallo-9a37331c.jpg\",\"contentUrl\":\"http:\/\/www.sef-italia.it\/wp-content\/uploads\/2016\/10\/falconeria-a-cavallo-9a37331c.jpg\"},{\"@type\":\"BreadcrumbList\",\"@id\":\"https:\/\/www.sef-italia.it\/index.php\/dipartimenti\/falconeria-a-cavallo\/#breadcrumb\",\"itemListElement\":[{\"@type\":\"ListItem\",\"position\":1,\"name\":\"Home\",\"item\":\"https:\/\/www.sef-italia.it\/\"},{\"@type\":\"ListItem\",\"position\":2,\"name\":\"Dipartimenti\",\"item\":\"https:\/\/www.sef-italia.it\/index.php\/dipartimenti\/\"},{\"@type\":\"ListItem\",\"position\":3,\"name\":\"Falconeria a Cavallo\"}]},{\"@type\":\"WebSite\",\"@id\":\"https:\/\/www.sef-italia.it\/#website\",\"url\":\"https:\/\/www.sef-italia.it\/\",\"name\":\"SEF Italia\",\"description\":\"Il nuovo sito SEF Italia\",\"publisher\":{\"@id\":\"https:\/\/www.sef-italia.it\/#organization\"},\"potentialAction\":[{\"@type\":\"SearchAction\",\"target\":{\"@type\":\"EntryPoint\",\"urlTemplate\":\"https:\/\/www.sef-italia.it\/?s={search_term_string}\"},\"query-input\":{\"@type\":\"PropertyValueSpecification\",\"valueRequired\":true,\"valueName\":\"search_term_string\"}}],\"inLanguage\":\"it-IT\"},{\"@type\":\"Organization\",\"@id\":\"https:\/\/www.sef-italia.it\/#organization\",\"name\":\"SEF Italia\",\"url\":\"https:\/\/www.sef-italia.it\/\",\"logo\":{\"@type\":\"ImageObject\",\"inLanguage\":\"it-IT\",\"@id\":\"https:\/\/www.sef-italia.it\/#\/schema\/logo\/image\/\",\"url\":\"https:\/\/www.sef-italia.it\/wp-content\/uploads\/2018\/01\/logoSEF_QUADRATO-.jpg\",\"contentUrl\":\"https:\/\/www.sef-italia.it\/wp-content\/uploads\/2018\/01\/logoSEF_QUADRATO-.jpg\",\"width\":600,\"height\":600,\"caption\":\"SEF Italia\"},\"image\":{\"@id\":\"https:\/\/www.sef-italia.it\/#\/schema\/logo\/image\/\"},\"sameAs\":[\"https:\/\/www.facebook.com\/scuolaequestrediformazione\/\",\"https:\/\/x.com\/sef_italia\",\"https:\/\/www.youtube.com\/channel\/UCcEMamL3elnrqfrtIT8sh7g?view_as=subscriber\"]}]}<\/script>\r\n<!-- \/ Yoast SEO plugin. -->","yoast_head_json":{"title":"Falconeria a Cavallo - SEF Italia","robots":{"index":"index","follow":"follow","max-snippet":"max-snippet:-1","max-image-preview":"max-image-preview:large","max-video-preview":"max-video-preview:-1"},"canonical":"https:\/\/www.sef-italia.it\/index.php\/dipartimenti\/falconeria-a-cavallo\/","og_locale":"it_IT","og_type":"article","og_title":"Falconeria a Cavallo - SEF Italia","og_description":"Questo settore desidera avvicinare il pubblico alla natura tramite uno stretto rapporto fra il trinomio: Uomo, Cavallo e Uccello Rapace.Riscoprendo un&#8217;arte che [&hellip;]","og_url":"https:\/\/www.sef-italia.it\/index.php\/dipartimenti\/falconeria-a-cavallo\/","og_site_name":"SEF Italia","article_publisher":"https:\/\/www.facebook.com\/scuolaequestrediformazione\/","article_modified_time":"2020-12-15T13:46:07+00:00","og_image":[{"url":"http:\/\/www.sef-italia.it\/wp-content\/uploads\/2016\/10\/falconeria-a-cavallo-9a37331c.jpg","type":"","width":"","height":""}],"twitter_card":"summary_large_image","twitter_site":"@sef_italia","twitter_misc":{"Tempo di lettura stimato":"1 minuto"},"schema":{"@context":"https:\/\/schema.org","@graph":[{"@type":"WebPage","@id":"https:\/\/www.sef-italia.it\/index.php\/dipartimenti\/falconeria-a-cavallo\/","url":"https:\/\/www.sef-italia.it\/index.php\/dipartimenti\/falconeria-a-cavallo\/","name":"Falconeria a Cavallo - SEF Italia","isPartOf":{"@id":"https:\/\/www.sef-italia.it\/#website"},"primaryImageOfPage":{"@id":"https:\/\/www.sef-italia.it\/index.php\/dipartimenti\/falconeria-a-cavallo\/#primaryimage"},"image":{"@id":"https:\/\/www.sef-italia.it\/index.php\/dipartimenti\/falconeria-a-cavallo\/#primaryimage"},"thumbnailUrl":"http:\/\/www.sef-italia.it\/wp-content\/uploads\/2016\/10\/falconeria-a-cavallo-9a37331c.jpg","datePublished":"2016-10-10T12:30:10+00:00","dateModified":"2020-12-15T13:46:07+00:00","breadcrumb":{"@id":"https:\/\/www.sef-italia.it\/index.php\/dipartimenti\/falconeria-a-cavallo\/#breadcrumb"},"inLanguage":"it-IT","potentialAction":[{"@type":"ReadAction","target":["https:\/\/www.sef-italia.it\/index.php\/dipartimenti\/falconeria-a-cavallo\/"]}]},{"@type":"ImageObject","inLanguage":"it-IT","@id":"https:\/\/www.sef-italia.it\/index.php\/dipartimenti\/falconeria-a-cavallo\/#primaryimage","url":"http:\/\/www.sef-italia.it\/wp-content\/uploads\/2016\/10\/falconeria-a-cavallo-9a37331c.jpg","contentUrl":"http:\/\/www.sef-italia.it\/wp-content\/uploads\/2016\/10\/falconeria-a-cavallo-9a37331c.jpg"},{"@type":"BreadcrumbList","@id":"https:\/\/www.sef-italia.it\/index.php\/dipartimenti\/falconeria-a-cavallo\/#breadcrumb","itemListElement":[{"@type":"ListItem","position":1,"name":"Home","item":"https:\/\/www.sef-italia.it\/"},{"@type":"ListItem","position":2,"name":"Dipartimenti","item":"https:\/\/www.sef-italia.it\/index.php\/dipartimenti\/"},{"@type":"ListItem","position":3,"name":"Falconeria a Cavallo"}]},{"@type":"WebSite","@id":"https:\/\/www.sef-italia.it\/#website","url":"https:\/\/www.sef-italia.it\/","name":"SEF Italia","description":"Il nuovo sito SEF Italia","publisher":{"@id":"https:\/\/www.sef-italia.it\/#organization"},"potentialAction":[{"@type":"SearchAction","target":{"@type":"EntryPoint","urlTemplate":"https:\/\/www.sef-italia.it\/?s={search_term_string}"},"query-input":{"@type":"PropertyValueSpecification","valueRequired":true,"valueName":"search_term_string"}}],"inLanguage":"it-IT"},{"@type":"Organization","@id":"https:\/\/www.sef-italia.it\/#organization","name":"SEF Italia","url":"https:\/\/www.sef-italia.it\/","logo":{"@type":"ImageObject","inLanguage":"it-IT","@id":"https:\/\/www.sef-italia.it\/#\/schema\/logo\/image\/","url":"https:\/\/www.sef-italia.it\/wp-content\/uploads\/2018\/01\/logoSEF_QUADRATO-.jpg","contentUrl":"https:\/\/www.sef-italia.it\/wp-content\/uploads\/2018\/01\/logoSEF_QUADRATO-.jpg","width":600,"height":600,"caption":"SEF Italia"},"image":{"@id":"https:\/\/www.sef-italia.it\/#\/schema\/logo\/image\/"},"sameAs":["https:\/\/www.facebook.com\/scuolaequestrediformazione\/","https:\/\/x.com\/sef_italia","https:\/\/www.youtube.com\/channel\/UCcEMamL3elnrqfrtIT8sh7g?view_as=subscriber"]}]}},"_links":{"self":[{"href":"https:\/\/www.sef-italia.it\/index.php\/wp-json\/wp\/v2\/pages\/3123"}],"collection":[{"href":"https:\/\/www.sef-italia.it\/index.php\/wp-json\/wp\/v2\/pages"}],"about":[{"href":"https:\/\/www.sef-italia.it\/index.php\/wp-json\/wp\/v2\/types\/page"}],"author":[{"embeddable":true,"href":"https:\/\/www.sef-italia.it\/index.php\/wp-json\/wp\/v2\/users\/1"}],"replies":[{"embeddable":true,"href":"https:\/\/www.sef-italia.it\/index.php\/wp-json\/wp\/v2\/comments?post=3123"}],"version-history":[{"count":13,"href":"https:\/\/www.sef-italia.it\/index.php\/wp-json\/wp\/v2\/pages\/3123\/revisions"}],"predecessor-version":[{"id":18098,"href":"https:\/\/www.sef-italia.it\/index.php\/wp-json\/wp\/v2\/pages\/3123\/revisions\/18098"}],"up":[{"embeddable":true,"href":"https:\/\/www.sef-italia.it\/index.php\/wp-json\/wp\/v2\/pages\/44"}],"wp:attachment":[{"href":"https:\/\/www.sef-italia.it\/index.php\/wp-json\/wp\/v2\/media?parent=3123"}],"curies":[{"name":"wp","href":"https:\/\/api.w.org\/{rel}","templated":true}]}}