{"id":3132,"date":"2016-10-10T14:34:12","date_gmt":"2016-10-10T12:34:12","guid":{"rendered":"http:\/\/www.sporttennis.it\/sef-italia\/?page_id=3132"},"modified":"2020-06-23T15:11:27","modified_gmt":"2020-06-23T13:11:27","slug":"gimkana-country","status":"publish","type":"page","link":"https:\/\/www.sef-italia.it\/index.php\/dipartimenti\/gimkana-country\/","title":{"rendered":"Gimkana Country"},"content":{"rendered":"<p><img loading=\"lazy\" decoding=\"async\" class=\"aligncenter size-full wp-image-3133\" src=\"http:\/\/www.sef-italia.it\/wp-content\/uploads\/2016\/10\/gimkana_country_ponte-37b8da6f.jpg\" alt=\"gimkana_country_ponte-37b8da6f\" width=\"640\" height=\"535\" srcset=\"https:\/\/www.sef-italia.it\/wp-content\/uploads\/2016\/10\/gimkana_country_ponte-37b8da6f.jpg 640w, https:\/\/www.sef-italia.it\/wp-content\/uploads\/2016\/10\/gimkana_country_ponte-37b8da6f-300x251.jpg 300w, https:\/\/www.sef-italia.it\/wp-content\/uploads\/2016\/10\/gimkana_country_ponte-37b8da6f-230x192.jpg 230w, https:\/\/www.sef-italia.it\/wp-content\/uploads\/2016\/10\/gimkana_country_ponte-37b8da6f-350x293.jpg 350w, https:\/\/www.sef-italia.it\/wp-content\/uploads\/2016\/10\/gimkana_country_ponte-37b8da6f-480x401.jpg 480w\" sizes=\"(max-width: 640px) 100vw, 640px\" \/><\/p>\n<div class=\"inside\">\n<div id=\"impaginato-44\" class=\"mod_article dipartimento block\">\n<div class=\"ce_text block\">\n<p>La gimkana country nasce dall&#8217;esigenza di riportare la disciplina ai tempi e nello spirito per cui \u00e8 stata creata, quando dopo giorni di duro lavoro, i butteri la domenica si dilettavano in vere prove di abilit\u00e0 a cavallo, con spirito di amicizia ed aggregazione, sfidandosi su prove di abilit\u00e0, che simulavano il lavoro con il bestiame o le difficolt\u00e0 dei sentieri di campagna, esaltando le capacita e velocit\u00e0 di cavallo e cavaliere, ed affrontando in un campo chiuso, percorsi vari e a tempo.<\/p>\n<p>L&#8217;obbiettivo principale della Gimkana country \u00e8 ricreare nei cavalieri ed amazzoni un clima, oggi un po&#8217; smarrito, di amicizia e aggregazione leale e sportivo, con il binomio al centro della disciplina<\/p>\n<p class=\"Normale1\"><strong>I cavalieri vengono suddivisi in base ad et\u00e0 e patente in 5 categorie nazionali:<\/strong><\/p>\n<ul>\n<li>OPEN aperta a tutti solo patente C<\/li>\n<li>AMAZZONI riservata alle donne patente B o C<\/li>\n<li>JUNIORES (12-18 ANNI) (con istruttore in campo) Patente B o C<\/li>\n<li>GIOVANI (8-11 ANNI) (con istruttore in campo) Patente B o C<\/li>\n<li>NOVICE divisi per fasce di et\u00e0 senior juniores giovani patente A solo campionati regionali o gare sociali o special event.<\/li>\n<\/ul>\n<p><strong>Responsabile Regionale Piemonte Gimkana Country:<\/strong><\/p>\n<p>Massimiliano Zito- Cell.\u00a0+39 392 6903300<\/p>\n<p>E-Mail:\u00a0<span id=\"el_soci_zEMAIL\" class=\"form-group\"><a href=\"mailto:MASSIMILIANO.SEF@GMAIL.COM\">MASSIMILIANO.SEF@GMAIL.COM<\/a><\/span><\/p>\n<p><strong>Responsabile Regionale Lombardia Gimkana Country:<\/strong><\/p>\n<p>Meazzi Romina &#8211; Cell. +39 3396641487<\/p>\n<p>Email:\u00a0<a href=\"mailto:UNPORANCH@LIVE.IT\">UNPORANCH@LIVE.IT<\/a><\/p>\n<p><strong>Responsabile Regionale Emilia Gimkana Country:<\/strong><\/p>\n<p>Michela Costigliola &#8211; Cell. +39 3409120800<\/p>\n<p>Email:\u00a0<a href=\"mailto:michela310@gmail.com\">MICHELA310@GMAIL.COM<\/a><\/p>\n<p><strong>Responsabile Regionale\u00a0Toscana Gimkana Country:<\/strong><\/p>\n<p>Timna Panfietti Monaco &#8211; Cell. +39 3394013787<\/p>\n<p>Email: <a href=\"mailto:titti.monaco@gmail.com\">titti.monaco@gmail.com<\/a><\/p>\n<p><a href=\"http:\/\/www.sef-italia.it\/wp-content\/uploads\/2020\/06\/Regolamento_Nazionale_Gimkana_Country.pdf\"><strong>SCARICA QUI IL REGOLAMENTO DI GIMKANA COUNTRY<\/strong><\/a><\/p>\n<\/div>\n<\/div>\n<\/div>\n","protected":false},"excerpt":{"rendered":"<p>La gimkana country nasce dall&#8217;esigenza di riportare la disciplina ai tempi e nello spirito per cui \u00e8 stata creata, quando dopo giorni [&hellip;]<\/p>\n","protected":false},"author":1,"featured_media":0,"parent":44,"menu_order":0,"comment_status":"closed","ping_status":"closed","template":"","meta":{"footnotes":""},"yoast_head":"<!-- This site is optimized with the Yoast SEO plugin v24.5 - https:\/\/yoast.com\/wordpress\/plugins\/seo\/ -->\r\n<title>Gimkana Country - SEF Italia<\/title>\r\n<meta name=\"robots\" content=\"index, follow, max-snippet:-1, max-image-preview:large, max-video-preview:-1\" \/>\r\n<link rel=\"canonical\" href=\"https:\/\/www.sef-italia.it\/index.php\/dipartimenti\/gimkana-country\/\" \/>\r\n<meta property=\"og:locale\" content=\"it_IT\" \/>\r\n<meta property=\"og:type\" content=\"article\" \/>\r\n<meta property=\"og:title\" content=\"Gimkana Country - SEF Italia\" \/>\r\n<meta property=\"og:description\" content=\"La gimkana country nasce dall&#8217;esigenza di riportare la disciplina ai tempi e nello spirito per cui \u00e8 stata creata, quando dopo giorni [&hellip;]\" \/>\r\n<meta property=\"og:url\" content=\"https:\/\/www.sef-italia.it\/index.php\/dipartimenti\/gimkana-country\/\" \/>\r\n<meta property=\"og:site_name\" content=\"SEF Italia\" \/>\r\n<meta property=\"article:publisher\" content=\"https:\/\/www.facebook.com\/scuolaequestrediformazione\/\" \/>\r\n<meta property=\"article:modified_time\" content=\"2020-06-23T13:11:27+00:00\" \/>\r\n<meta property=\"og:image\" content=\"http:\/\/www.sef-italia.it\/wp-content\/uploads\/2016\/10\/gimkana_country_ponte-37b8da6f.jpg\" \/>\r\n<meta name=\"twitter:card\" content=\"summary_large_image\" \/>\r\n<meta name=\"twitter:site\" content=\"@sef_italia\" \/>\r\n<meta name=\"twitter:label1\" content=\"Tempo di lettura stimato\" \/>\n\t<meta name=\"twitter:data1\" content=\"1 minuto\" \/>\r\n<script type=\"application\/ld+json\" class=\"yoast-schema-graph\">{\"@context\":\"https:\/\/schema.org\",\"@graph\":[{\"@type\":\"WebPage\",\"@id\":\"https:\/\/www.sef-italia.it\/index.php\/dipartimenti\/gimkana-country\/\",\"url\":\"https:\/\/www.sef-italia.it\/index.php\/dipartimenti\/gimkana-country\/\",\"name\":\"Gimkana Country - SEF Italia\",\"isPartOf\":{\"@id\":\"https:\/\/www.sef-italia.it\/#website\"},\"primaryImageOfPage\":{\"@id\":\"https:\/\/www.sef-italia.it\/index.php\/dipartimenti\/gimkana-country\/#primaryimage\"},\"image\":{\"@id\":\"https:\/\/www.sef-italia.it\/index.php\/dipartimenti\/gimkana-country\/#primaryimage\"},\"thumbnailUrl\":\"http:\/\/www.sef-italia.it\/wp-content\/uploads\/2016\/10\/gimkana_country_ponte-37b8da6f.jpg\",\"datePublished\":\"2016-10-10T12:34:12+00:00\",\"dateModified\":\"2020-06-23T13:11:27+00:00\",\"breadcrumb\":{\"@id\":\"https:\/\/www.sef-italia.it\/index.php\/dipartimenti\/gimkana-country\/#breadcrumb\"},\"inLanguage\":\"it-IT\",\"potentialAction\":[{\"@type\":\"ReadAction\",\"target\":[\"https:\/\/www.sef-italia.it\/index.php\/dipartimenti\/gimkana-country\/\"]}]},{\"@type\":\"ImageObject\",\"inLanguage\":\"it-IT\",\"@id\":\"https:\/\/www.sef-italia.it\/index.php\/dipartimenti\/gimkana-country\/#primaryimage\",\"url\":\"https:\/\/www.sef-italia.it\/wp-content\/uploads\/2016\/10\/gimkana_country_ponte-37b8da6f.jpg\",\"contentUrl\":\"https:\/\/www.sef-italia.it\/wp-content\/uploads\/2016\/10\/gimkana_country_ponte-37b8da6f.jpg\",\"width\":640,\"height\":535},{\"@type\":\"BreadcrumbList\",\"@id\":\"https:\/\/www.sef-italia.it\/index.php\/dipartimenti\/gimkana-country\/#breadcrumb\",\"itemListElement\":[{\"@type\":\"ListItem\",\"position\":1,\"name\":\"Home\",\"item\":\"https:\/\/www.sef-italia.it\/\"},{\"@type\":\"ListItem\",\"position\":2,\"name\":\"Dipartimenti\",\"item\":\"https:\/\/www.sef-italia.it\/index.php\/dipartimenti\/\"},{\"@type\":\"ListItem\",\"position\":3,\"name\":\"Gimkana Country\"}]},{\"@type\":\"WebSite\",\"@id\":\"https:\/\/www.sef-italia.it\/#website\",\"url\":\"https:\/\/www.sef-italia.it\/\",\"name\":\"SEF Italia\",\"description\":\"Il nuovo sito SEF Italia\",\"publisher\":{\"@id\":\"https:\/\/www.sef-italia.it\/#organization\"},\"potentialAction\":[{\"@type\":\"SearchAction\",\"target\":{\"@type\":\"EntryPoint\",\"urlTemplate\":\"https:\/\/www.sef-italia.it\/?s={search_term_string}\"},\"query-input\":{\"@type\":\"PropertyValueSpecification\",\"valueRequired\":true,\"valueName\":\"search_term_string\"}}],\"inLanguage\":\"it-IT\"},{\"@type\":\"Organization\",\"@id\":\"https:\/\/www.sef-italia.it\/#organization\",\"name\":\"SEF Italia\",\"url\":\"https:\/\/www.sef-italia.it\/\",\"logo\":{\"@type\":\"ImageObject\",\"inLanguage\":\"it-IT\",\"@id\":\"https:\/\/www.sef-italia.it\/#\/schema\/logo\/image\/\",\"url\":\"https:\/\/www.sef-italia.it\/wp-content\/uploads\/2018\/01\/logoSEF_QUADRATO-.jpg\",\"contentUrl\":\"https:\/\/www.sef-italia.it\/wp-content\/uploads\/2018\/01\/logoSEF_QUADRATO-.jpg\",\"width\":600,\"height\":600,\"caption\":\"SEF Italia\"},\"image\":{\"@id\":\"https:\/\/www.sef-italia.it\/#\/schema\/logo\/image\/\"},\"sameAs\":[\"https:\/\/www.facebook.com\/scuolaequestrediformazione\/\",\"https:\/\/x.com\/sef_italia\",\"https:\/\/www.youtube.com\/channel\/UCcEMamL3elnrqfrtIT8sh7g?view_as=subscriber\"]}]}<\/script>\r\n<!-- \/ Yoast SEO plugin. -->","yoast_head_json":{"title":"Gimkana Country - SEF Italia","robots":{"index":"index","follow":"follow","max-snippet":"max-snippet:-1","max-image-preview":"max-image-preview:large","max-video-preview":"max-video-preview:-1"},"canonical":"https:\/\/www.sef-italia.it\/index.php\/dipartimenti\/gimkana-country\/","og_locale":"it_IT","og_type":"article","og_title":"Gimkana Country - SEF Italia","og_description":"La gimkana country nasce dall&#8217;esigenza di riportare la disciplina ai tempi e nello spirito per cui \u00e8 stata creata, quando dopo giorni [&hellip;]","og_url":"https:\/\/www.sef-italia.it\/index.php\/dipartimenti\/gimkana-country\/","og_site_name":"SEF Italia","article_publisher":"https:\/\/www.facebook.com\/scuolaequestrediformazione\/","article_modified_time":"2020-06-23T13:11:27+00:00","og_image":[{"url":"http:\/\/www.sef-italia.it\/wp-content\/uploads\/2016\/10\/gimkana_country_ponte-37b8da6f.jpg","type":"","width":"","height":""}],"twitter_card":"summary_large_image","twitter_site":"@sef_italia","twitter_misc":{"Tempo di lettura stimato":"1 minuto"},"schema":{"@context":"https:\/\/schema.org","@graph":[{"@type":"WebPage","@id":"https:\/\/www.sef-italia.it\/index.php\/dipartimenti\/gimkana-country\/","url":"https:\/\/www.sef-italia.it\/index.php\/dipartimenti\/gimkana-country\/","name":"Gimkana Country - SEF Italia","isPartOf":{"@id":"https:\/\/www.sef-italia.it\/#website"},"primaryImageOfPage":{"@id":"https:\/\/www.sef-italia.it\/index.php\/dipartimenti\/gimkana-country\/#primaryimage"},"image":{"@id":"https:\/\/www.sef-italia.it\/index.php\/dipartimenti\/gimkana-country\/#primaryimage"},"thumbnailUrl":"http:\/\/www.sef-italia.it\/wp-content\/uploads\/2016\/10\/gimkana_country_ponte-37b8da6f.jpg","datePublished":"2016-10-10T12:34:12+00:00","dateModified":"2020-06-23T13:11:27+00:00","breadcrumb":{"@id":"https:\/\/www.sef-italia.it\/index.php\/dipartimenti\/gimkana-country\/#breadcrumb"},"inLanguage":"it-IT","potentialAction":[{"@type":"ReadAction","target":["https:\/\/www.sef-italia.it\/index.php\/dipartimenti\/gimkana-country\/"]}]},{"@type":"ImageObject","inLanguage":"it-IT","@id":"https:\/\/www.sef-italia.it\/index.php\/dipartimenti\/gimkana-country\/#primaryimage","url":"https:\/\/www.sef-italia.it\/wp-content\/uploads\/2016\/10\/gimkana_country_ponte-37b8da6f.jpg","contentUrl":"https:\/\/www.sef-italia.it\/wp-content\/uploads\/2016\/10\/gimkana_country_ponte-37b8da6f.jpg","width":640,"height":535},{"@type":"BreadcrumbList","@id":"https:\/\/www.sef-italia.it\/index.php\/dipartimenti\/gimkana-country\/#breadcrumb","itemListElement":[{"@type":"ListItem","position":1,"name":"Home","item":"https:\/\/www.sef-italia.it\/"},{"@type":"ListItem","position":2,"name":"Dipartimenti","item":"https:\/\/www.sef-italia.it\/index.php\/dipartimenti\/"},{"@type":"ListItem","position":3,"name":"Gimkana Country"}]},{"@type":"WebSite","@id":"https:\/\/www.sef-italia.it\/#website","url":"https:\/\/www.sef-italia.it\/","name":"SEF Italia","description":"Il nuovo sito SEF Italia","publisher":{"@id":"https:\/\/www.sef-italia.it\/#organization"},"potentialAction":[{"@type":"SearchAction","target":{"@type":"EntryPoint","urlTemplate":"https:\/\/www.sef-italia.it\/?s={search_term_string}"},"query-input":{"@type":"PropertyValueSpecification","valueRequired":true,"valueName":"search_term_string"}}],"inLanguage":"it-IT"},{"@type":"Organization","@id":"https:\/\/www.sef-italia.it\/#organization","name":"SEF Italia","url":"https:\/\/www.sef-italia.it\/","logo":{"@type":"ImageObject","inLanguage":"it-IT","@id":"https:\/\/www.sef-italia.it\/#\/schema\/logo\/image\/","url":"https:\/\/www.sef-italia.it\/wp-content\/uploads\/2018\/01\/logoSEF_QUADRATO-.jpg","contentUrl":"https:\/\/www.sef-italia.it\/wp-content\/uploads\/2018\/01\/logoSEF_QUADRATO-.jpg","width":600,"height":600,"caption":"SEF Italia"},"image":{"@id":"https:\/\/www.sef-italia.it\/#\/schema\/logo\/image\/"},"sameAs":["https:\/\/www.facebook.com\/scuolaequestrediformazione\/","https:\/\/x.com\/sef_italia","https:\/\/www.youtube.com\/channel\/UCcEMamL3elnrqfrtIT8sh7g?view_as=subscriber"]}]}},"_links":{"self":[{"href":"https:\/\/www.sef-italia.it\/index.php\/wp-json\/wp\/v2\/pages\/3132"}],"collection":[{"href":"https:\/\/www.sef-italia.it\/index.php\/wp-json\/wp\/v2\/pages"}],"about":[{"href":"https:\/\/www.sef-italia.it\/index.php\/wp-json\/wp\/v2\/types\/page"}],"author":[{"embeddable":true,"href":"https:\/\/www.sef-italia.it\/index.php\/wp-json\/wp\/v2\/users\/1"}],"replies":[{"embeddable":true,"href":"https:\/\/www.sef-italia.it\/index.php\/wp-json\/wp\/v2\/comments?post=3132"}],"version-history":[{"count":9,"href":"https:\/\/www.sef-italia.it\/index.php\/wp-json\/wp\/v2\/pages\/3132\/revisions"}],"predecessor-version":[{"id":16892,"href":"https:\/\/www.sef-italia.it\/index.php\/wp-json\/wp\/v2\/pages\/3132\/revisions\/16892"}],"up":[{"embeddable":true,"href":"https:\/\/www.sef-italia.it\/index.php\/wp-json\/wp\/v2\/pages\/44"}],"wp:attachment":[{"href":"https:\/\/www.sef-italia.it\/index.php\/wp-json\/wp\/v2\/media?parent=3132"}],"curies":[{"name":"wp","href":"https:\/\/api.w.org\/{rel}","templated":true}]}}