{"id":3135,"date":"2016-10-10T14:35:27","date_gmt":"2016-10-10T12:35:27","guid":{"rendered":"http:\/\/www.sporttennis.it\/sef-italia\/?page_id=3135"},"modified":"2020-06-05T11:58:17","modified_gmt":"2020-06-05T09:58:17","slug":"gimkana-nativa","status":"publish","type":"page","link":"https:\/\/www.sef-italia.it\/index.php\/dipartimenti\/gimkana-nativa\/","title":{"rendered":"Gimkana Nativa"},"content":{"rendered":"<p><img loading=\"lazy\" decoding=\"async\" class=\"aligncenter size-full wp-image-3136\" src=\"http:\/\/www.sef-italia.it\/wp-content\/uploads\/2016\/10\/percorso-gimkana-nativa-4b2e4110.jpg\" alt=\"percorso-gimkana-nativa-4b2e4110\" width=\"640\" height=\"485\" srcset=\"https:\/\/www.sef-italia.it\/wp-content\/uploads\/2016\/10\/percorso-gimkana-nativa-4b2e4110.jpg 640w, https:\/\/www.sef-italia.it\/wp-content\/uploads\/2016\/10\/percorso-gimkana-nativa-4b2e4110-300x227.jpg 300w, https:\/\/www.sef-italia.it\/wp-content\/uploads\/2016\/10\/percorso-gimkana-nativa-4b2e4110-230x174.jpg 230w, https:\/\/www.sef-italia.it\/wp-content\/uploads\/2016\/10\/percorso-gimkana-nativa-4b2e4110-350x265.jpg 350w, https:\/\/www.sef-italia.it\/wp-content\/uploads\/2016\/10\/percorso-gimkana-nativa-4b2e4110-480x364.jpg 480w\" sizes=\"(max-width: 640px) 100vw, 640px\" \/><\/p>\n<p>La Gimkana Nativa \u00e8 a tempo, ma si svolge principalmente in un contesto di tecnica, precisione e perfezione delle manovre. Quindi non \u00e8 detto che sia avvantaggiato il pi\u00f9 veloce.<br \/>\nPartendo da un punteggio di 100, verranno addizionati i bonus, sottratte le penalit\u00e0 e sommate al tempo impiegato per eseguire l\u2019intero percorso, daranno il punteggio finale.<br \/>\nIl Tempo viene calcolato in secondi, ed ogni 10 sec. verr\u00e0 tolto un punto ( es. 320 sec = -32 punti).<br \/>\nI bonus se non si utilizzano metodi coercitivi (+5 Senza Sella; +3 Con Bareback; +5 Senza Imboccature; +3 Con Bosal).<\/p>\n<p><strong>Responsabile Nazionale di Gimkana Nativa<\/strong><\/p>\n<p>Massimiliano Zito &#8211; Cell. 392 6903300<\/p>\n<p>E-Mail: <a href=\"mailto:equitazionenativa@gmail.com\">equitazionenativa@gmail.com<\/a><\/p>\n<p><a title=\"Regolamento Gimkana Nativa\" href=\"http:\/\/www.sef-italia.it\/wp-content\/uploads\/2020\/06\/Regolamento_Gimkana_Nativa.pdf\" target=\"_blank\" rel=\"noopener noreferrer\">-Regolamento Gimkana Nativa<\/a><\/p>\n","protected":false},"excerpt":{"rendered":"<p>La Gimkana Nativa \u00e8 a tempo, ma si svolge principalmente in un contesto di tecnica, precisione e perfezione delle manovre. Quindi non [&hellip;]<\/p>\n","protected":false},"author":1,"featured_media":0,"parent":44,"menu_order":0,"comment_status":"closed","ping_status":"closed","template":"","meta":{"footnotes":""},"yoast_head":"<!-- This site is optimized with the Yoast SEO plugin v24.5 - https:\/\/yoast.com\/wordpress\/plugins\/seo\/ -->\r\n<title>Gimkana Nativa - SEF Italia<\/title>\r\n<meta name=\"robots\" content=\"index, follow, max-snippet:-1, max-image-preview:large, max-video-preview:-1\" \/>\r\n<link rel=\"canonical\" href=\"https:\/\/www.sef-italia.it\/index.php\/dipartimenti\/gimkana-nativa\/\" \/>\r\n<meta property=\"og:locale\" content=\"it_IT\" \/>\r\n<meta property=\"og:type\" content=\"article\" \/>\r\n<meta property=\"og:title\" content=\"Gimkana Nativa - SEF Italia\" \/>\r\n<meta property=\"og:description\" content=\"La Gimkana Nativa \u00e8 a tempo, ma si svolge principalmente in un contesto di tecnica, precisione e perfezione delle manovre. Quindi non [&hellip;]\" \/>\r\n<meta property=\"og:url\" content=\"https:\/\/www.sef-italia.it\/index.php\/dipartimenti\/gimkana-nativa\/\" \/>\r\n<meta property=\"og:site_name\" content=\"SEF Italia\" \/>\r\n<meta property=\"article:publisher\" content=\"https:\/\/www.facebook.com\/scuolaequestrediformazione\/\" \/>\r\n<meta property=\"article:modified_time\" content=\"2020-06-05T09:58:17+00:00\" \/>\r\n<meta property=\"og:image\" content=\"http:\/\/www.sef-italia.it\/wp-content\/uploads\/2016\/10\/percorso-gimkana-nativa-4b2e4110.jpg\" \/>\r\n<meta name=\"twitter:card\" content=\"summary_large_image\" \/>\r\n<meta name=\"twitter:site\" content=\"@sef_italia\" \/>\r\n<meta name=\"twitter:label1\" content=\"Tempo di lettura stimato\" \/>\n\t<meta name=\"twitter:data1\" content=\"1 minuto\" \/>\r\n<script type=\"application\/ld+json\" class=\"yoast-schema-graph\">{\"@context\":\"https:\/\/schema.org\",\"@graph\":[{\"@type\":\"WebPage\",\"@id\":\"https:\/\/www.sef-italia.it\/index.php\/dipartimenti\/gimkana-nativa\/\",\"url\":\"https:\/\/www.sef-italia.it\/index.php\/dipartimenti\/gimkana-nativa\/\",\"name\":\"Gimkana Nativa - SEF Italia\",\"isPartOf\":{\"@id\":\"https:\/\/www.sef-italia.it\/#website\"},\"primaryImageOfPage\":{\"@id\":\"https:\/\/www.sef-italia.it\/index.php\/dipartimenti\/gimkana-nativa\/#primaryimage\"},\"image\":{\"@id\":\"https:\/\/www.sef-italia.it\/index.php\/dipartimenti\/gimkana-nativa\/#primaryimage\"},\"thumbnailUrl\":\"http:\/\/www.sef-italia.it\/wp-content\/uploads\/2016\/10\/percorso-gimkana-nativa-4b2e4110.jpg\",\"datePublished\":\"2016-10-10T12:35:27+00:00\",\"dateModified\":\"2020-06-05T09:58:17+00:00\",\"breadcrumb\":{\"@id\":\"https:\/\/www.sef-italia.it\/index.php\/dipartimenti\/gimkana-nativa\/#breadcrumb\"},\"inLanguage\":\"it-IT\",\"potentialAction\":[{\"@type\":\"ReadAction\",\"target\":[\"https:\/\/www.sef-italia.it\/index.php\/dipartimenti\/gimkana-nativa\/\"]}]},{\"@type\":\"ImageObject\",\"inLanguage\":\"it-IT\",\"@id\":\"https:\/\/www.sef-italia.it\/index.php\/dipartimenti\/gimkana-nativa\/#primaryimage\",\"url\":\"https:\/\/www.sef-italia.it\/wp-content\/uploads\/2016\/10\/percorso-gimkana-nativa-4b2e4110.jpg\",\"contentUrl\":\"https:\/\/www.sef-italia.it\/wp-content\/uploads\/2016\/10\/percorso-gimkana-nativa-4b2e4110.jpg\",\"width\":640,\"height\":485},{\"@type\":\"BreadcrumbList\",\"@id\":\"https:\/\/www.sef-italia.it\/index.php\/dipartimenti\/gimkana-nativa\/#breadcrumb\",\"itemListElement\":[{\"@type\":\"ListItem\",\"position\":1,\"name\":\"Home\",\"item\":\"https:\/\/www.sef-italia.it\/\"},{\"@type\":\"ListItem\",\"position\":2,\"name\":\"Dipartimenti\",\"item\":\"https:\/\/www.sef-italia.it\/index.php\/dipartimenti\/\"},{\"@type\":\"ListItem\",\"position\":3,\"name\":\"Gimkana Nativa\"}]},{\"@type\":\"WebSite\",\"@id\":\"https:\/\/www.sef-italia.it\/#website\",\"url\":\"https:\/\/www.sef-italia.it\/\",\"name\":\"SEF Italia\",\"description\":\"Il nuovo sito SEF Italia\",\"publisher\":{\"@id\":\"https:\/\/www.sef-italia.it\/#organization\"},\"potentialAction\":[{\"@type\":\"SearchAction\",\"target\":{\"@type\":\"EntryPoint\",\"urlTemplate\":\"https:\/\/www.sef-italia.it\/?s={search_term_string}\"},\"query-input\":{\"@type\":\"PropertyValueSpecification\",\"valueRequired\":true,\"valueName\":\"search_term_string\"}}],\"inLanguage\":\"it-IT\"},{\"@type\":\"Organization\",\"@id\":\"https:\/\/www.sef-italia.it\/#organization\",\"name\":\"SEF Italia\",\"url\":\"https:\/\/www.sef-italia.it\/\",\"logo\":{\"@type\":\"ImageObject\",\"inLanguage\":\"it-IT\",\"@id\":\"https:\/\/www.sef-italia.it\/#\/schema\/logo\/image\/\",\"url\":\"https:\/\/www.sef-italia.it\/wp-content\/uploads\/2018\/01\/logoSEF_QUADRATO-.jpg\",\"contentUrl\":\"https:\/\/www.sef-italia.it\/wp-content\/uploads\/2018\/01\/logoSEF_QUADRATO-.jpg\",\"width\":600,\"height\":600,\"caption\":\"SEF Italia\"},\"image\":{\"@id\":\"https:\/\/www.sef-italia.it\/#\/schema\/logo\/image\/\"},\"sameAs\":[\"https:\/\/www.facebook.com\/scuolaequestrediformazione\/\",\"https:\/\/x.com\/sef_italia\",\"https:\/\/www.youtube.com\/channel\/UCcEMamL3elnrqfrtIT8sh7g?view_as=subscriber\"]}]}<\/script>\r\n<!-- \/ Yoast SEO plugin. -->","yoast_head_json":{"title":"Gimkana Nativa - SEF Italia","robots":{"index":"index","follow":"follow","max-snippet":"max-snippet:-1","max-image-preview":"max-image-preview:large","max-video-preview":"max-video-preview:-1"},"canonical":"https:\/\/www.sef-italia.it\/index.php\/dipartimenti\/gimkana-nativa\/","og_locale":"it_IT","og_type":"article","og_title":"Gimkana Nativa - SEF Italia","og_description":"La Gimkana Nativa \u00e8 a tempo, ma si svolge principalmente in un contesto di tecnica, precisione e perfezione delle manovre. Quindi non [&hellip;]","og_url":"https:\/\/www.sef-italia.it\/index.php\/dipartimenti\/gimkana-nativa\/","og_site_name":"SEF Italia","article_publisher":"https:\/\/www.facebook.com\/scuolaequestrediformazione\/","article_modified_time":"2020-06-05T09:58:17+00:00","og_image":[{"url":"http:\/\/www.sef-italia.it\/wp-content\/uploads\/2016\/10\/percorso-gimkana-nativa-4b2e4110.jpg","type":"","width":"","height":""}],"twitter_card":"summary_large_image","twitter_site":"@sef_italia","twitter_misc":{"Tempo di lettura stimato":"1 minuto"},"schema":{"@context":"https:\/\/schema.org","@graph":[{"@type":"WebPage","@id":"https:\/\/www.sef-italia.it\/index.php\/dipartimenti\/gimkana-nativa\/","url":"https:\/\/www.sef-italia.it\/index.php\/dipartimenti\/gimkana-nativa\/","name":"Gimkana Nativa - SEF Italia","isPartOf":{"@id":"https:\/\/www.sef-italia.it\/#website"},"primaryImageOfPage":{"@id":"https:\/\/www.sef-italia.it\/index.php\/dipartimenti\/gimkana-nativa\/#primaryimage"},"image":{"@id":"https:\/\/www.sef-italia.it\/index.php\/dipartimenti\/gimkana-nativa\/#primaryimage"},"thumbnailUrl":"http:\/\/www.sef-italia.it\/wp-content\/uploads\/2016\/10\/percorso-gimkana-nativa-4b2e4110.jpg","datePublished":"2016-10-10T12:35:27+00:00","dateModified":"2020-06-05T09:58:17+00:00","breadcrumb":{"@id":"https:\/\/www.sef-italia.it\/index.php\/dipartimenti\/gimkana-nativa\/#breadcrumb"},"inLanguage":"it-IT","potentialAction":[{"@type":"ReadAction","target":["https:\/\/www.sef-italia.it\/index.php\/dipartimenti\/gimkana-nativa\/"]}]},{"@type":"ImageObject","inLanguage":"it-IT","@id":"https:\/\/www.sef-italia.it\/index.php\/dipartimenti\/gimkana-nativa\/#primaryimage","url":"https:\/\/www.sef-italia.it\/wp-content\/uploads\/2016\/10\/percorso-gimkana-nativa-4b2e4110.jpg","contentUrl":"https:\/\/www.sef-italia.it\/wp-content\/uploads\/2016\/10\/percorso-gimkana-nativa-4b2e4110.jpg","width":640,"height":485},{"@type":"BreadcrumbList","@id":"https:\/\/www.sef-italia.it\/index.php\/dipartimenti\/gimkana-nativa\/#breadcrumb","itemListElement":[{"@type":"ListItem","position":1,"name":"Home","item":"https:\/\/www.sef-italia.it\/"},{"@type":"ListItem","position":2,"name":"Dipartimenti","item":"https:\/\/www.sef-italia.it\/index.php\/dipartimenti\/"},{"@type":"ListItem","position":3,"name":"Gimkana Nativa"}]},{"@type":"WebSite","@id":"https:\/\/www.sef-italia.it\/#website","url":"https:\/\/www.sef-italia.it\/","name":"SEF Italia","description":"Il nuovo sito SEF Italia","publisher":{"@id":"https:\/\/www.sef-italia.it\/#organization"},"potentialAction":[{"@type":"SearchAction","target":{"@type":"EntryPoint","urlTemplate":"https:\/\/www.sef-italia.it\/?s={search_term_string}"},"query-input":{"@type":"PropertyValueSpecification","valueRequired":true,"valueName":"search_term_string"}}],"inLanguage":"it-IT"},{"@type":"Organization","@id":"https:\/\/www.sef-italia.it\/#organization","name":"SEF Italia","url":"https:\/\/www.sef-italia.it\/","logo":{"@type":"ImageObject","inLanguage":"it-IT","@id":"https:\/\/www.sef-italia.it\/#\/schema\/logo\/image\/","url":"https:\/\/www.sef-italia.it\/wp-content\/uploads\/2018\/01\/logoSEF_QUADRATO-.jpg","contentUrl":"https:\/\/www.sef-italia.it\/wp-content\/uploads\/2018\/01\/logoSEF_QUADRATO-.jpg","width":600,"height":600,"caption":"SEF Italia"},"image":{"@id":"https:\/\/www.sef-italia.it\/#\/schema\/logo\/image\/"},"sameAs":["https:\/\/www.facebook.com\/scuolaequestrediformazione\/","https:\/\/x.com\/sef_italia","https:\/\/www.youtube.com\/channel\/UCcEMamL3elnrqfrtIT8sh7g?view_as=subscriber"]}]}},"_links":{"self":[{"href":"https:\/\/www.sef-italia.it\/index.php\/wp-json\/wp\/v2\/pages\/3135"}],"collection":[{"href":"https:\/\/www.sef-italia.it\/index.php\/wp-json\/wp\/v2\/pages"}],"about":[{"href":"https:\/\/www.sef-italia.it\/index.php\/wp-json\/wp\/v2\/types\/page"}],"author":[{"embeddable":true,"href":"https:\/\/www.sef-italia.it\/index.php\/wp-json\/wp\/v2\/users\/1"}],"replies":[{"embeddable":true,"href":"https:\/\/www.sef-italia.it\/index.php\/wp-json\/wp\/v2\/comments?post=3135"}],"version-history":[{"count":7,"href":"https:\/\/www.sef-italia.it\/index.php\/wp-json\/wp\/v2\/pages\/3135\/revisions"}],"predecessor-version":[{"id":16462,"href":"https:\/\/www.sef-italia.it\/index.php\/wp-json\/wp\/v2\/pages\/3135\/revisions\/16462"}],"up":[{"embeddable":true,"href":"https:\/\/www.sef-italia.it\/index.php\/wp-json\/wp\/v2\/pages\/44"}],"wp:attachment":[{"href":"https:\/\/www.sef-italia.it\/index.php\/wp-json\/wp\/v2\/media?parent=3135"}],"curies":[{"name":"wp","href":"https:\/\/api.w.org\/{rel}","templated":true}]}}