{"id":3160,"date":"2016-10-10T15:14:29","date_gmt":"2016-10-10T13:14:29","guid":{"rendered":"http:\/\/www.sporttennis.it\/sef-italia\/?page_id=3160"},"modified":"2020-06-12T11:29:08","modified_gmt":"2020-06-12T09:29:08","slug":"piede-scalzo","status":"publish","type":"page","link":"https:\/\/www.sef-italia.it\/index.php\/dipartimenti\/piede-scalzo\/","title":{"rendered":"Piede Scalzo"},"content":{"rendered":"<p><img loading=\"lazy\" decoding=\"async\" class=\"aligncenter size-full wp-image-3161\" src=\"http:\/\/www.sef-italia.it\/wp-content\/uploads\/2016\/10\/SCALZO-33b7b8d1.jpg\" alt=\"scalzo-33b7b8d1\" width=\"640\" height=\"374\" srcset=\"https:\/\/www.sef-italia.it\/wp-content\/uploads\/2016\/10\/SCALZO-33b7b8d1.jpg 640w, https:\/\/www.sef-italia.it\/wp-content\/uploads\/2016\/10\/SCALZO-33b7b8d1-300x175.jpg 300w, https:\/\/www.sef-italia.it\/wp-content\/uploads\/2016\/10\/SCALZO-33b7b8d1-230x134.jpg 230w, https:\/\/www.sef-italia.it\/wp-content\/uploads\/2016\/10\/SCALZO-33b7b8d1-350x205.jpg 350w, https:\/\/www.sef-italia.it\/wp-content\/uploads\/2016\/10\/SCALZO-33b7b8d1-480x281.jpg 480w\" sizes=\"(max-width: 640px) 100vw, 640px\" \/><\/p>\n<div class=\"inside\">\n<div id=\"impaginato-44\" class=\"mod_article dipartimento block\">\n<div class=\"ce_text block\">\n<p align=\"JUSTIFY\">Il Segreto di un Cavallo \u2013 formazione etologica del binomio<\/p>\n<p><strong>Pareggio e gestione del cavallo scalzo<\/strong><\/p>\n<p>Il piede del cavallo \u00e8 molto pi\u00f9 che una componente dell\u2019arto e le sue funzioni vanno ben al di l\u00e0 di quella locomotoria, pur essendo strettamente correlate a questa; la pi\u00f9 interessante \u00e8 sicuramente quella di coadiuvante dell\u2019apparato circolatorio, per l\u2019azione di pompa sanguigna esercitata ad ogni passo di ogni arto da parte del fettone e della fitta rete capillare che irrora le strutture interne dello zoccolo: questa \u00e8 la ragione per cui si sente sovente dire che il cavallo ha cinque cuori.<\/p>\n<p>Le funzioni vascolare e di propriocezione tattile deputate al piede vengono drasticamente ridotte, e talvolta del tutto annullate dall\u2019apposizione del ferro. Da ci\u00f2 si evince che anche le prestazioni fisiche dell\u2019animale vengono inevitabilmente condizionate da questa pratica.<\/p>\n<p>E\u2019 sempre pi\u00f9 evidente che il benessere del cavallo \u00e8 intimamente legato alla salute del piede e la salute del piede impone una gestione sempre pi\u00f9 consapevole da parte di proprietari e pareggiatori.<\/p>\n<p>Il dipartimento dedicato al pareggio naturale e alla gestione del cavallo e degli altri equidi scalzi de \u201c Il Segreto di un Cavallo\u201d e SPORT E FORMAZIONE mira a divulgare conoscenze teoriche e pratiche, rivolte sia a proprietari che vogliono occuparsi personalmente della gestione del pareggio dei propri cavalli, sia a coloro i quali vogliano formarsi come professionisti in questo settore.<\/p>\n<p><strong>I quadri tecnici di questo settore sono:\u00a0\u00a0\u00a0<\/strong><\/p>\n<p>&#8211;\u00a0\u00a0\u00a0\u00a0\u00a0\u00a0\u00a0\u00a0\u00a0 Proprietario pareggiatore<\/p>\n<p>&#8211;\u00a0\u00a0\u00a0\u00a0\u00a0\u00a0\u00a0\u00a0\u00a0 Tecnico pareggiatore di 1\u00b0 livello<\/p>\n<p>&#8211;\u00a0\u00a0\u00a0\u00a0\u00a0\u00a0\u00a0\u00a0\u00a0 Tecnico pareggiatore di 2\u00b0 livello<\/p>\n<p>&#8211;<a title=\"Regolamento Barefoot\" href=\"http:\/\/www.sef-italia.it\/wp-content\/uploads\/2020\/06\/Regolamento_Barefoot.pdf\" target=\"_blank\" rel=\"noopener noreferrer\">Regolamento Barefoot<\/a><\/p>\n<\/div>\n<\/div>\n<\/div>\n","protected":false},"excerpt":{"rendered":"<p>Il Segreto di un Cavallo \u2013 formazione etologica del binomio Pareggio e gestione del cavallo scalzo Il piede del cavallo \u00e8 molto [&hellip;]<\/p>\n","protected":false},"author":1,"featured_media":0,"parent":44,"menu_order":0,"comment_status":"closed","ping_status":"closed","template":"","meta":{"footnotes":""},"yoast_head":"<!-- This site is optimized with the Yoast SEO plugin v24.5 - https:\/\/yoast.com\/wordpress\/plugins\/seo\/ -->\r\n<title>Piede Scalzo - SEF Italia<\/title>\r\n<meta name=\"robots\" content=\"index, follow, max-snippet:-1, max-image-preview:large, max-video-preview:-1\" \/>\r\n<link rel=\"canonical\" href=\"https:\/\/www.sef-italia.it\/index.php\/dipartimenti\/piede-scalzo\/\" \/>\r\n<meta property=\"og:locale\" content=\"it_IT\" \/>\r\n<meta property=\"og:type\" content=\"article\" \/>\r\n<meta property=\"og:title\" content=\"Piede Scalzo - SEF Italia\" \/>\r\n<meta property=\"og:description\" content=\"Il Segreto di un Cavallo \u2013 formazione etologica del binomio Pareggio e gestione del cavallo scalzo Il piede del cavallo \u00e8 molto [&hellip;]\" \/>\r\n<meta property=\"og:url\" content=\"https:\/\/www.sef-italia.it\/index.php\/dipartimenti\/piede-scalzo\/\" \/>\r\n<meta property=\"og:site_name\" content=\"SEF Italia\" \/>\r\n<meta property=\"article:publisher\" content=\"https:\/\/www.facebook.com\/scuolaequestrediformazione\/\" \/>\r\n<meta property=\"article:modified_time\" content=\"2020-06-12T09:29:08+00:00\" \/>\r\n<meta property=\"og:image\" content=\"http:\/\/www.sef-italia.it\/wp-content\/uploads\/2016\/10\/SCALZO-33b7b8d1.jpg\" \/>\r\n<meta name=\"twitter:card\" content=\"summary_large_image\" \/>\r\n<meta name=\"twitter:site\" content=\"@sef_italia\" \/>\r\n<meta name=\"twitter:label1\" content=\"Tempo di lettura stimato\" \/>\n\t<meta name=\"twitter:data1\" content=\"1 minuto\" \/>\r\n<script type=\"application\/ld+json\" class=\"yoast-schema-graph\">{\"@context\":\"https:\/\/schema.org\",\"@graph\":[{\"@type\":\"WebPage\",\"@id\":\"https:\/\/www.sef-italia.it\/index.php\/dipartimenti\/piede-scalzo\/\",\"url\":\"https:\/\/www.sef-italia.it\/index.php\/dipartimenti\/piede-scalzo\/\",\"name\":\"Piede Scalzo - SEF Italia\",\"isPartOf\":{\"@id\":\"https:\/\/www.sef-italia.it\/#website\"},\"primaryImageOfPage\":{\"@id\":\"https:\/\/www.sef-italia.it\/index.php\/dipartimenti\/piede-scalzo\/#primaryimage\"},\"image\":{\"@id\":\"https:\/\/www.sef-italia.it\/index.php\/dipartimenti\/piede-scalzo\/#primaryimage\"},\"thumbnailUrl\":\"http:\/\/www.sef-italia.it\/wp-content\/uploads\/2016\/10\/SCALZO-33b7b8d1.jpg\",\"datePublished\":\"2016-10-10T13:14:29+00:00\",\"dateModified\":\"2020-06-12T09:29:08+00:00\",\"breadcrumb\":{\"@id\":\"https:\/\/www.sef-italia.it\/index.php\/dipartimenti\/piede-scalzo\/#breadcrumb\"},\"inLanguage\":\"it-IT\",\"potentialAction\":[{\"@type\":\"ReadAction\",\"target\":[\"https:\/\/www.sef-italia.it\/index.php\/dipartimenti\/piede-scalzo\/\"]}]},{\"@type\":\"ImageObject\",\"inLanguage\":\"it-IT\",\"@id\":\"https:\/\/www.sef-italia.it\/index.php\/dipartimenti\/piede-scalzo\/#primaryimage\",\"url\":\"https:\/\/www.sef-italia.it\/wp-content\/uploads\/2016\/10\/SCALZO-33b7b8d1.jpg\",\"contentUrl\":\"https:\/\/www.sef-italia.it\/wp-content\/uploads\/2016\/10\/SCALZO-33b7b8d1.jpg\",\"width\":640,\"height\":374},{\"@type\":\"BreadcrumbList\",\"@id\":\"https:\/\/www.sef-italia.it\/index.php\/dipartimenti\/piede-scalzo\/#breadcrumb\",\"itemListElement\":[{\"@type\":\"ListItem\",\"position\":1,\"name\":\"Home\",\"item\":\"https:\/\/www.sef-italia.it\/\"},{\"@type\":\"ListItem\",\"position\":2,\"name\":\"Dipartimenti\",\"item\":\"https:\/\/www.sef-italia.it\/index.php\/dipartimenti\/\"},{\"@type\":\"ListItem\",\"position\":3,\"name\":\"Piede Scalzo\"}]},{\"@type\":\"WebSite\",\"@id\":\"https:\/\/www.sef-italia.it\/#website\",\"url\":\"https:\/\/www.sef-italia.it\/\",\"name\":\"SEF Italia\",\"description\":\"Il nuovo sito SEF Italia\",\"publisher\":{\"@id\":\"https:\/\/www.sef-italia.it\/#organization\"},\"potentialAction\":[{\"@type\":\"SearchAction\",\"target\":{\"@type\":\"EntryPoint\",\"urlTemplate\":\"https:\/\/www.sef-italia.it\/?s={search_term_string}\"},\"query-input\":{\"@type\":\"PropertyValueSpecification\",\"valueRequired\":true,\"valueName\":\"search_term_string\"}}],\"inLanguage\":\"it-IT\"},{\"@type\":\"Organization\",\"@id\":\"https:\/\/www.sef-italia.it\/#organization\",\"name\":\"SEF Italia\",\"url\":\"https:\/\/www.sef-italia.it\/\",\"logo\":{\"@type\":\"ImageObject\",\"inLanguage\":\"it-IT\",\"@id\":\"https:\/\/www.sef-italia.it\/#\/schema\/logo\/image\/\",\"url\":\"https:\/\/www.sef-italia.it\/wp-content\/uploads\/2018\/01\/logoSEF_QUADRATO-.jpg\",\"contentUrl\":\"https:\/\/www.sef-italia.it\/wp-content\/uploads\/2018\/01\/logoSEF_QUADRATO-.jpg\",\"width\":600,\"height\":600,\"caption\":\"SEF Italia\"},\"image\":{\"@id\":\"https:\/\/www.sef-italia.it\/#\/schema\/logo\/image\/\"},\"sameAs\":[\"https:\/\/www.facebook.com\/scuolaequestrediformazione\/\",\"https:\/\/x.com\/sef_italia\",\"https:\/\/www.youtube.com\/channel\/UCcEMamL3elnrqfrtIT8sh7g?view_as=subscriber\"]}]}<\/script>\r\n<!-- \/ Yoast SEO plugin. -->","yoast_head_json":{"title":"Piede Scalzo - SEF Italia","robots":{"index":"index","follow":"follow","max-snippet":"max-snippet:-1","max-image-preview":"max-image-preview:large","max-video-preview":"max-video-preview:-1"},"canonical":"https:\/\/www.sef-italia.it\/index.php\/dipartimenti\/piede-scalzo\/","og_locale":"it_IT","og_type":"article","og_title":"Piede Scalzo - SEF Italia","og_description":"Il Segreto di un Cavallo \u2013 formazione etologica del binomio Pareggio e gestione del cavallo scalzo Il piede del cavallo \u00e8 molto [&hellip;]","og_url":"https:\/\/www.sef-italia.it\/index.php\/dipartimenti\/piede-scalzo\/","og_site_name":"SEF Italia","article_publisher":"https:\/\/www.facebook.com\/scuolaequestrediformazione\/","article_modified_time":"2020-06-12T09:29:08+00:00","og_image":[{"url":"http:\/\/www.sef-italia.it\/wp-content\/uploads\/2016\/10\/SCALZO-33b7b8d1.jpg","type":"","width":"","height":""}],"twitter_card":"summary_large_image","twitter_site":"@sef_italia","twitter_misc":{"Tempo di lettura stimato":"1 minuto"},"schema":{"@context":"https:\/\/schema.org","@graph":[{"@type":"WebPage","@id":"https:\/\/www.sef-italia.it\/index.php\/dipartimenti\/piede-scalzo\/","url":"https:\/\/www.sef-italia.it\/index.php\/dipartimenti\/piede-scalzo\/","name":"Piede Scalzo - SEF Italia","isPartOf":{"@id":"https:\/\/www.sef-italia.it\/#website"},"primaryImageOfPage":{"@id":"https:\/\/www.sef-italia.it\/index.php\/dipartimenti\/piede-scalzo\/#primaryimage"},"image":{"@id":"https:\/\/www.sef-italia.it\/index.php\/dipartimenti\/piede-scalzo\/#primaryimage"},"thumbnailUrl":"http:\/\/www.sef-italia.it\/wp-content\/uploads\/2016\/10\/SCALZO-33b7b8d1.jpg","datePublished":"2016-10-10T13:14:29+00:00","dateModified":"2020-06-12T09:29:08+00:00","breadcrumb":{"@id":"https:\/\/www.sef-italia.it\/index.php\/dipartimenti\/piede-scalzo\/#breadcrumb"},"inLanguage":"it-IT","potentialAction":[{"@type":"ReadAction","target":["https:\/\/www.sef-italia.it\/index.php\/dipartimenti\/piede-scalzo\/"]}]},{"@type":"ImageObject","inLanguage":"it-IT","@id":"https:\/\/www.sef-italia.it\/index.php\/dipartimenti\/piede-scalzo\/#primaryimage","url":"https:\/\/www.sef-italia.it\/wp-content\/uploads\/2016\/10\/SCALZO-33b7b8d1.jpg","contentUrl":"https:\/\/www.sef-italia.it\/wp-content\/uploads\/2016\/10\/SCALZO-33b7b8d1.jpg","width":640,"height":374},{"@type":"BreadcrumbList","@id":"https:\/\/www.sef-italia.it\/index.php\/dipartimenti\/piede-scalzo\/#breadcrumb","itemListElement":[{"@type":"ListItem","position":1,"name":"Home","item":"https:\/\/www.sef-italia.it\/"},{"@type":"ListItem","position":2,"name":"Dipartimenti","item":"https:\/\/www.sef-italia.it\/index.php\/dipartimenti\/"},{"@type":"ListItem","position":3,"name":"Piede Scalzo"}]},{"@type":"WebSite","@id":"https:\/\/www.sef-italia.it\/#website","url":"https:\/\/www.sef-italia.it\/","name":"SEF Italia","description":"Il nuovo sito SEF Italia","publisher":{"@id":"https:\/\/www.sef-italia.it\/#organization"},"potentialAction":[{"@type":"SearchAction","target":{"@type":"EntryPoint","urlTemplate":"https:\/\/www.sef-italia.it\/?s={search_term_string}"},"query-input":{"@type":"PropertyValueSpecification","valueRequired":true,"valueName":"search_term_string"}}],"inLanguage":"it-IT"},{"@type":"Organization","@id":"https:\/\/www.sef-italia.it\/#organization","name":"SEF Italia","url":"https:\/\/www.sef-italia.it\/","logo":{"@type":"ImageObject","inLanguage":"it-IT","@id":"https:\/\/www.sef-italia.it\/#\/schema\/logo\/image\/","url":"https:\/\/www.sef-italia.it\/wp-content\/uploads\/2018\/01\/logoSEF_QUADRATO-.jpg","contentUrl":"https:\/\/www.sef-italia.it\/wp-content\/uploads\/2018\/01\/logoSEF_QUADRATO-.jpg","width":600,"height":600,"caption":"SEF Italia"},"image":{"@id":"https:\/\/www.sef-italia.it\/#\/schema\/logo\/image\/"},"sameAs":["https:\/\/www.facebook.com\/scuolaequestrediformazione\/","https:\/\/x.com\/sef_italia","https:\/\/www.youtube.com\/channel\/UCcEMamL3elnrqfrtIT8sh7g?view_as=subscriber"]}]}},"_links":{"self":[{"href":"https:\/\/www.sef-italia.it\/index.php\/wp-json\/wp\/v2\/pages\/3160"}],"collection":[{"href":"https:\/\/www.sef-italia.it\/index.php\/wp-json\/wp\/v2\/pages"}],"about":[{"href":"https:\/\/www.sef-italia.it\/index.php\/wp-json\/wp\/v2\/types\/page"}],"author":[{"embeddable":true,"href":"https:\/\/www.sef-italia.it\/index.php\/wp-json\/wp\/v2\/users\/1"}],"replies":[{"embeddable":true,"href":"https:\/\/www.sef-italia.it\/index.php\/wp-json\/wp\/v2\/comments?post=3160"}],"version-history":[{"count":7,"href":"https:\/\/www.sef-italia.it\/index.php\/wp-json\/wp\/v2\/pages\/3160\/revisions"}],"predecessor-version":[{"id":16572,"href":"https:\/\/www.sef-italia.it\/index.php\/wp-json\/wp\/v2\/pages\/3160\/revisions\/16572"}],"up":[{"embeddable":true,"href":"https:\/\/www.sef-italia.it\/index.php\/wp-json\/wp\/v2\/pages\/44"}],"wp:attachment":[{"href":"https:\/\/www.sef-italia.it\/index.php\/wp-json\/wp\/v2\/media?parent=3160"}],"curies":[{"name":"wp","href":"https:\/\/api.w.org\/{rel}","templated":true}]}}