{"id":3185,"date":"2016-10-10T15:37:32","date_gmt":"2016-10-10T13:37:32","guid":{"rendered":"http:\/\/www.sporttennis.it\/sef-italia\/?page_id=3185"},"modified":"2024-04-04T10:06:18","modified_gmt":"2024-04-04T08:06:18","slug":"team-penning","status":"publish","type":"page","link":"https:\/\/www.sef-italia.it\/index.php\/dipartimenti\/team-penning\/","title":{"rendered":"Team Penning"},"content":{"rendered":"<p><img loading=\"lazy\" decoding=\"async\" class=\"size-medium wp-image-10069 aligncenter\" src=\"http:\/\/www.sef-italia.it\/wp-content\/uploads\/2016\/10\/teampening1-ecf3fda0-1-300x167.png\" alt=\"\" width=\"300\" height=\"167\" srcset=\"https:\/\/www.sef-italia.it\/wp-content\/uploads\/2016\/10\/teampening1-ecf3fda0-1-300x167.png 300w, https:\/\/www.sef-italia.it\/wp-content\/uploads\/2016\/10\/teampening1-ecf3fda0-1-148x83.png 148w, https:\/\/www.sef-italia.it\/wp-content\/uploads\/2016\/10\/teampening1-ecf3fda0-1-31x17.png 31w, https:\/\/www.sef-italia.it\/wp-content\/uploads\/2016\/10\/teampening1-ecf3fda0-1-38x21.png 38w, https:\/\/www.sef-italia.it\/wp-content\/uploads\/2016\/10\/teampening1-ecf3fda0-1-385x215.png 385w, https:\/\/www.sef-italia.it\/wp-content\/uploads\/2016\/10\/teampening1-ecf3fda0-1-230x128.png 230w, https:\/\/www.sef-italia.it\/wp-content\/uploads\/2016\/10\/teampening1-ecf3fda0-1-350x195.png 350w, https:\/\/www.sef-italia.it\/wp-content\/uploads\/2016\/10\/teampening1-ecf3fda0-1-480x268.png 480w, https:\/\/www.sef-italia.it\/wp-content\/uploads\/2016\/10\/teampening1-ecf3fda0-1.png 640w\" sizes=\"(max-width: 300px) 100vw, 300px\" \/><\/p>\n<p>Il\u00a0Team Penning\u00a0\u00e8 una disciplina dell&#8217;equitazione americana il cui obiettivo \u00e8 quello di separare uno o pi\u00f9 capi di bestiame dalla mandria e di guidarli nel recinto entro un tempo prestabilito.<\/p>\n<p>Una squadra (chiamata \u201cTeam\u201d) di tre cavalieri, partendo da dietro ad una linea, ha novanta secondi di tempo per separare dalla mandria (composta da trenta capi) i tre vitelli con il numero assegnato alla squadra, che dovranno poi essere condotti nella parte opposta dell&#8217;arena e rinchiusi nell&#8217;apposito recinto chiamato \u201cPen\u201d.<\/p>\n<p>Il tempo si ferma quando il bestiame \u00e8 rinchiuso ed un cavaliere alza un braccio al di sopra della spalla, e vince la squadra che impiega il minor tempo nello svolgere la separazione dei tre capi.<\/p>\n<p>La gara pu\u00f2 essere invalidata, a discrezione dei giudici, se pi\u00f9 di quattro vitelli superano la linea di partenza, o se si verificano comportamenti aggressivi nei confronti del bestiame.<\/p>\n<p>Il Team Penning \u00e8 una disciplina veloce ed emozionante, nella quale non sono posti limiti di sesso o et\u00e0. La pratica di questa disciplina richiede una buona dose di abilit\u00e0 da parte dei cavalieri che, unita al buon addestramento del cavallo ed alla conoscenza della psicologia del bestiame, consente di chiudere i tre vitelli nel \u201cPen\u201d nel miglior tempo possibile.<\/p>\n<p>Le competizioni SPORT E FORMAZIONE di Team Penning prevedono diverse categorie a seconda del \u201cpunteggio di Rating\u201d di ogni cavaliere: il Rating viene assegnato dalla Commissione Team Penning (previa consultazione dei risultati ottenuti durante i periodi agonistici interessati) ed ha valenza dall&#8217; 1 Gennaio al 31 Dicembre dell&#8217;anno agonistico.<\/p>\n<p>Le categorie sono le seguenti:<\/p>\n<p><strong>&#8211; INTERMEDIATE OPEN:<\/strong>\u00a0classe aperta a tutti i \u201cPenners\u201d con un limite massimo di Rating totale di 15 punti. Il tempo massimo previsto per questa classe \u00e8 di 60 secondi.<\/p>\n<p><strong>&#8211; LIMITED OPEN:<\/strong>\u00a0classe aperta a tutti i \u201cPenners\u201d con un limite massimo di Rating totale di 4 punti. Il tempo massimo previsto per questa classe \u00e8 di 90 secondi.<\/p>\n<p><strong>&#8211; YOUTH:<\/strong>\u00a0classe riservata a tutti i \u201cPenners\u201d con un\u2019et\u00e0 compresa tra gli 8 anni e i 18 anni. Il Team pu\u00f2 essere composto sia da tre \u201cPenners\u201d minorenni che da due minorenni ed uno maggiorenne.<\/p>\n<p>Nel caso in cui il Team sia composto da tre \u201cPenners\u201d minorenni in arena dovr\u00e0 sempre essere presente un Turn-Back, oppure l\u2019istruttore o il preparatore (purch\u00e9 maggiorenne) che si andr\u00e0 a posizionare in fondo al \u201cPen\u201d senza intervenire in alcun modo nella competizione, fatto salvo delle situazioni di pericolo.<\/p>\n<p>Nel caso in cui il Team sia composto da due minorenni ed un maggiorenne, il nominativo del \u201dPenner\u201d maggiorenne dovr\u00e0 essere comunicato alla Segreteria di Gara e da essa approvato.<\/p>\n<p>Il \u201cPenner\u201d maggiorenne non potr\u00e0 entrare in mandria se non per seguire un capo sfuggito ad un altro \u201cPenner\u201d, non potr\u00e0 aiutare a spingere un capo nel \u201cPen\u201d e non potr\u00e0 chiudere il tempo. Il tempo per questa categoria \u00e8 di 90 secondi.<\/p>\n<p><strong>&#8211; NOVICE:<\/strong>\u00a0categoria non agonistica dove possono gareggiare cavalieri di rating 1\/2. In tale categoria pu\u00f2 gareggiare anche un solo cavaliere di rating 3 o superiore, che funger\u00e0 da Istruttore.\u00a0Il tempo massimo previsto \u00e8 di 90 secondi.<\/p>\n<p><strong>Referente Nazionale Stock<\/strong><\/p>\n<p>Catia Degli Esposti &#8211; Cell. +39 3315434881<\/p>\n<p><a href=\"mailto:catia75@libero.it\">catia75@libero.it<\/a><\/p>\n<p><strong>Responsabile Team Penning e Ranch Sorting Regione Lombardia<\/strong><\/p>\n<p>Fredy Carlos Rodriguez &#8211; Cell. +39 3393708803<\/p>\n<p>E-Mail: <a href=\"mailto:lauratomasi44@gmail.com\">lauratomasi44@gmail.com<\/a><\/p>\n<p><strong>Responsabile Team Penning e Ranch Sorting Regione Campania<\/strong><\/p>\n<p>Sdino Salvatore<\/p>\n<p>E-Mail: <a href=\"mailto:allevamentoesposito@libero.it\">allevamentoesposito@libero.it<\/a><\/p>\n<p><strong>Responsabile Team Penning e Ranch Sorting Regione Puglia<\/strong><\/p>\n<p>Gentile Alessandro &#8211; Cell. +39 3480557588<\/p>\n<p>E-Mail: <a href=\"mailto:info@theoldridingschool.com\">info@theoldridingschool.com<\/a><\/p>\n<p><strong>Responsabile Team Penning e Ranch Sorting Regione Veneto<\/strong><\/p>\n<p>Walter Onichini<\/p>\n<p>E-Mail: <a href=\"mailto:GOLDENCATALYSTASD@GMAIL.COM\">GOLDENCATALYSTASD@GMAIL.COM<\/a><\/p>\n<p><strong>Responsabile Team Penning e Ranch Sorting Regione Lazio<\/strong><\/p>\n<p>Fabrizio Roncone<\/p>\n<p><strong>Responsabile Team Penning Regione Emilia Romagna<\/strong><\/p>\n<p>Alfredo Laghi &#8211; Cell. +39 3483849040<\/p>\n<p><a href=\"mailto:teampenning@libero.it\">teampenning@libero.it<\/a><\/p>\n<p><strong>Responsabile Ranch Sorting Regione Emilia Romagna<\/strong><\/p>\n<p>Clara Rossi &#8211; Cell. +39 348 5445348<\/p>\n<p><a href=\"mailto:aszooranch@gmail.com\">aszooranch@gmail.com<\/a><\/p>\n<p><strong>Responsabile Team Penning e Ranch Sorting Regione Abruzzo<\/strong><\/p>\n<p>Christian Sperandio &#8211; Cell. +39 339 6299904<\/p>\n<p><a href=\"mailto:cristianspera@yahoo.com\">cristianspera@yahoo.com<\/a><\/p>\n<p><a href=\"http:\/\/www.sef-italia.it\/wp-content\/uploads\/2024\/03\/REGOLAMENTO_GENERALE_Team_Penning_2024.pdf\"><strong>SCARICA QUI IL REGOLAMENTO TEAM PENNING<\/strong><\/a><\/p>\n<p><a href=\"http:\/\/www.sef-italia.it\/wp-content\/uploads\/2024\/04\/RATING_2024_SEF_ORD_ALFABETICO.pdf\"><strong><em>SCARICA QUI I RATING AGGIORNATI 2024<\/em><\/strong><\/a><\/p>\n","protected":false},"excerpt":{"rendered":"<p>Il\u00a0Team Penning\u00a0\u00e8 una disciplina dell&#8217;equitazione americana il cui obiettivo \u00e8 quello di separare uno o pi\u00f9 capi di bestiame dalla mandria e [&hellip;]<\/p>\n","protected":false},"author":1,"featured_media":0,"parent":44,"menu_order":0,"comment_status":"closed","ping_status":"closed","template":"","meta":{"footnotes":""},"yoast_head":"<!-- This site is optimized with the Yoast SEO plugin v24.5 - https:\/\/yoast.com\/wordpress\/plugins\/seo\/ -->\r\n<title>Team Penning - SEF Italia<\/title>\r\n<meta name=\"robots\" content=\"index, follow, max-snippet:-1, max-image-preview:large, max-video-preview:-1\" \/>\r\n<link rel=\"canonical\" href=\"https:\/\/www.sef-italia.it\/index.php\/dipartimenti\/team-penning\/\" \/>\r\n<meta property=\"og:locale\" content=\"it_IT\" \/>\r\n<meta property=\"og:type\" content=\"article\" \/>\r\n<meta property=\"og:title\" content=\"Team Penning - SEF Italia\" \/>\r\n<meta property=\"og:description\" content=\"Il\u00a0Team Penning\u00a0\u00e8 una disciplina dell&#8217;equitazione americana il cui obiettivo \u00e8 quello di separare uno o pi\u00f9 capi di bestiame dalla mandria e [&hellip;]\" \/>\r\n<meta property=\"og:url\" content=\"https:\/\/www.sef-italia.it\/index.php\/dipartimenti\/team-penning\/\" \/>\r\n<meta property=\"og:site_name\" content=\"SEF Italia\" \/>\r\n<meta property=\"article:publisher\" content=\"https:\/\/www.facebook.com\/scuolaequestrediformazione\/\" \/>\r\n<meta property=\"article:modified_time\" content=\"2024-04-04T08:06:18+00:00\" \/>\r\n<meta property=\"og:image\" content=\"http:\/\/www.sef-italia.it\/wp-content\/uploads\/2016\/10\/teampening1-ecf3fda0-1-300x167.png\" \/>\r\n<meta name=\"twitter:card\" content=\"summary_large_image\" \/>\r\n<meta name=\"twitter:site\" content=\"@sef_italia\" \/>\r\n<meta name=\"twitter:label1\" content=\"Tempo di lettura stimato\" \/>\n\t<meta name=\"twitter:data1\" content=\"4 minuti\" \/>\r\n<script type=\"application\/ld+json\" class=\"yoast-schema-graph\">{\"@context\":\"https:\/\/schema.org\",\"@graph\":[{\"@type\":\"WebPage\",\"@id\":\"https:\/\/www.sef-italia.it\/index.php\/dipartimenti\/team-penning\/\",\"url\":\"https:\/\/www.sef-italia.it\/index.php\/dipartimenti\/team-penning\/\",\"name\":\"Team Penning - SEF Italia\",\"isPartOf\":{\"@id\":\"https:\/\/www.sef-italia.it\/#website\"},\"primaryImageOfPage\":{\"@id\":\"https:\/\/www.sef-italia.it\/index.php\/dipartimenti\/team-penning\/#primaryimage\"},\"image\":{\"@id\":\"https:\/\/www.sef-italia.it\/index.php\/dipartimenti\/team-penning\/#primaryimage\"},\"thumbnailUrl\":\"http:\/\/www.sef-italia.it\/wp-content\/uploads\/2016\/10\/teampening1-ecf3fda0-1-300x167.png\",\"datePublished\":\"2016-10-10T13:37:32+00:00\",\"dateModified\":\"2024-04-04T08:06:18+00:00\",\"breadcrumb\":{\"@id\":\"https:\/\/www.sef-italia.it\/index.php\/dipartimenti\/team-penning\/#breadcrumb\"},\"inLanguage\":\"it-IT\",\"potentialAction\":[{\"@type\":\"ReadAction\",\"target\":[\"https:\/\/www.sef-italia.it\/index.php\/dipartimenti\/team-penning\/\"]}]},{\"@type\":\"ImageObject\",\"inLanguage\":\"it-IT\",\"@id\":\"https:\/\/www.sef-italia.it\/index.php\/dipartimenti\/team-penning\/#primaryimage\",\"url\":\"http:\/\/www.sef-italia.it\/wp-content\/uploads\/2016\/10\/teampening1-ecf3fda0-1-300x167.png\",\"contentUrl\":\"http:\/\/www.sef-italia.it\/wp-content\/uploads\/2016\/10\/teampening1-ecf3fda0-1-300x167.png\"},{\"@type\":\"BreadcrumbList\",\"@id\":\"https:\/\/www.sef-italia.it\/index.php\/dipartimenti\/team-penning\/#breadcrumb\",\"itemListElement\":[{\"@type\":\"ListItem\",\"position\":1,\"name\":\"Home\",\"item\":\"https:\/\/www.sef-italia.it\/\"},{\"@type\":\"ListItem\",\"position\":2,\"name\":\"Dipartimenti\",\"item\":\"https:\/\/www.sef-italia.it\/index.php\/dipartimenti\/\"},{\"@type\":\"ListItem\",\"position\":3,\"name\":\"Team Penning\"}]},{\"@type\":\"WebSite\",\"@id\":\"https:\/\/www.sef-italia.it\/#website\",\"url\":\"https:\/\/www.sef-italia.it\/\",\"name\":\"SEF Italia\",\"description\":\"Il nuovo sito SEF Italia\",\"publisher\":{\"@id\":\"https:\/\/www.sef-italia.it\/#organization\"},\"potentialAction\":[{\"@type\":\"SearchAction\",\"target\":{\"@type\":\"EntryPoint\",\"urlTemplate\":\"https:\/\/www.sef-italia.it\/?s={search_term_string}\"},\"query-input\":{\"@type\":\"PropertyValueSpecification\",\"valueRequired\":true,\"valueName\":\"search_term_string\"}}],\"inLanguage\":\"it-IT\"},{\"@type\":\"Organization\",\"@id\":\"https:\/\/www.sef-italia.it\/#organization\",\"name\":\"SEF Italia\",\"url\":\"https:\/\/www.sef-italia.it\/\",\"logo\":{\"@type\":\"ImageObject\",\"inLanguage\":\"it-IT\",\"@id\":\"https:\/\/www.sef-italia.it\/#\/schema\/logo\/image\/\",\"url\":\"https:\/\/www.sef-italia.it\/wp-content\/uploads\/2018\/01\/logoSEF_QUADRATO-.jpg\",\"contentUrl\":\"https:\/\/www.sef-italia.it\/wp-content\/uploads\/2018\/01\/logoSEF_QUADRATO-.jpg\",\"width\":600,\"height\":600,\"caption\":\"SEF Italia\"},\"image\":{\"@id\":\"https:\/\/www.sef-italia.it\/#\/schema\/logo\/image\/\"},\"sameAs\":[\"https:\/\/www.facebook.com\/scuolaequestrediformazione\/\",\"https:\/\/x.com\/sef_italia\",\"https:\/\/www.youtube.com\/channel\/UCcEMamL3elnrqfrtIT8sh7g?view_as=subscriber\"]}]}<\/script>\r\n<!-- \/ Yoast SEO plugin. -->","yoast_head_json":{"title":"Team Penning - SEF Italia","robots":{"index":"index","follow":"follow","max-snippet":"max-snippet:-1","max-image-preview":"max-image-preview:large","max-video-preview":"max-video-preview:-1"},"canonical":"https:\/\/www.sef-italia.it\/index.php\/dipartimenti\/team-penning\/","og_locale":"it_IT","og_type":"article","og_title":"Team Penning - SEF Italia","og_description":"Il\u00a0Team Penning\u00a0\u00e8 una disciplina dell&#8217;equitazione americana il cui obiettivo \u00e8 quello di separare uno o pi\u00f9 capi di bestiame dalla mandria e [&hellip;]","og_url":"https:\/\/www.sef-italia.it\/index.php\/dipartimenti\/team-penning\/","og_site_name":"SEF Italia","article_publisher":"https:\/\/www.facebook.com\/scuolaequestrediformazione\/","article_modified_time":"2024-04-04T08:06:18+00:00","og_image":[{"url":"http:\/\/www.sef-italia.it\/wp-content\/uploads\/2016\/10\/teampening1-ecf3fda0-1-300x167.png","type":"","width":"","height":""}],"twitter_card":"summary_large_image","twitter_site":"@sef_italia","twitter_misc":{"Tempo di lettura stimato":"4 minuti"},"schema":{"@context":"https:\/\/schema.org","@graph":[{"@type":"WebPage","@id":"https:\/\/www.sef-italia.it\/index.php\/dipartimenti\/team-penning\/","url":"https:\/\/www.sef-italia.it\/index.php\/dipartimenti\/team-penning\/","name":"Team Penning - SEF Italia","isPartOf":{"@id":"https:\/\/www.sef-italia.it\/#website"},"primaryImageOfPage":{"@id":"https:\/\/www.sef-italia.it\/index.php\/dipartimenti\/team-penning\/#primaryimage"},"image":{"@id":"https:\/\/www.sef-italia.it\/index.php\/dipartimenti\/team-penning\/#primaryimage"},"thumbnailUrl":"http:\/\/www.sef-italia.it\/wp-content\/uploads\/2016\/10\/teampening1-ecf3fda0-1-300x167.png","datePublished":"2016-10-10T13:37:32+00:00","dateModified":"2024-04-04T08:06:18+00:00","breadcrumb":{"@id":"https:\/\/www.sef-italia.it\/index.php\/dipartimenti\/team-penning\/#breadcrumb"},"inLanguage":"it-IT","potentialAction":[{"@type":"ReadAction","target":["https:\/\/www.sef-italia.it\/index.php\/dipartimenti\/team-penning\/"]}]},{"@type":"ImageObject","inLanguage":"it-IT","@id":"https:\/\/www.sef-italia.it\/index.php\/dipartimenti\/team-penning\/#primaryimage","url":"http:\/\/www.sef-italia.it\/wp-content\/uploads\/2016\/10\/teampening1-ecf3fda0-1-300x167.png","contentUrl":"http:\/\/www.sef-italia.it\/wp-content\/uploads\/2016\/10\/teampening1-ecf3fda0-1-300x167.png"},{"@type":"BreadcrumbList","@id":"https:\/\/www.sef-italia.it\/index.php\/dipartimenti\/team-penning\/#breadcrumb","itemListElement":[{"@type":"ListItem","position":1,"name":"Home","item":"https:\/\/www.sef-italia.it\/"},{"@type":"ListItem","position":2,"name":"Dipartimenti","item":"https:\/\/www.sef-italia.it\/index.php\/dipartimenti\/"},{"@type":"ListItem","position":3,"name":"Team Penning"}]},{"@type":"WebSite","@id":"https:\/\/www.sef-italia.it\/#website","url":"https:\/\/www.sef-italia.it\/","name":"SEF Italia","description":"Il nuovo sito SEF Italia","publisher":{"@id":"https:\/\/www.sef-italia.it\/#organization"},"potentialAction":[{"@type":"SearchAction","target":{"@type":"EntryPoint","urlTemplate":"https:\/\/www.sef-italia.it\/?s={search_term_string}"},"query-input":{"@type":"PropertyValueSpecification","valueRequired":true,"valueName":"search_term_string"}}],"inLanguage":"it-IT"},{"@type":"Organization","@id":"https:\/\/www.sef-italia.it\/#organization","name":"SEF Italia","url":"https:\/\/www.sef-italia.it\/","logo":{"@type":"ImageObject","inLanguage":"it-IT","@id":"https:\/\/www.sef-italia.it\/#\/schema\/logo\/image\/","url":"https:\/\/www.sef-italia.it\/wp-content\/uploads\/2018\/01\/logoSEF_QUADRATO-.jpg","contentUrl":"https:\/\/www.sef-italia.it\/wp-content\/uploads\/2018\/01\/logoSEF_QUADRATO-.jpg","width":600,"height":600,"caption":"SEF Italia"},"image":{"@id":"https:\/\/www.sef-italia.it\/#\/schema\/logo\/image\/"},"sameAs":["https:\/\/www.facebook.com\/scuolaequestrediformazione\/","https:\/\/x.com\/sef_italia","https:\/\/www.youtube.com\/channel\/UCcEMamL3elnrqfrtIT8sh7g?view_as=subscriber"]}]}},"_links":{"self":[{"href":"https:\/\/www.sef-italia.it\/index.php\/wp-json\/wp\/v2\/pages\/3185"}],"collection":[{"href":"https:\/\/www.sef-italia.it\/index.php\/wp-json\/wp\/v2\/pages"}],"about":[{"href":"https:\/\/www.sef-italia.it\/index.php\/wp-json\/wp\/v2\/types\/page"}],"author":[{"embeddable":true,"href":"https:\/\/www.sef-italia.it\/index.php\/wp-json\/wp\/v2\/users\/1"}],"replies":[{"embeddable":true,"href":"https:\/\/www.sef-italia.it\/index.php\/wp-json\/wp\/v2\/comments?post=3185"}],"version-history":[{"count":34,"href":"https:\/\/www.sef-italia.it\/index.php\/wp-json\/wp\/v2\/pages\/3185\/revisions"}],"predecessor-version":[{"id":24073,"href":"https:\/\/www.sef-italia.it\/index.php\/wp-json\/wp\/v2\/pages\/3185\/revisions\/24073"}],"up":[{"embeddable":true,"href":"https:\/\/www.sef-italia.it\/index.php\/wp-json\/wp\/v2\/pages\/44"}],"wp:attachment":[{"href":"https:\/\/www.sef-italia.it\/index.php\/wp-json\/wp\/v2\/media?parent=3185"}],"curies":[{"name":"wp","href":"https:\/\/api.w.org\/{rel}","templated":true}]}}