{"id":3206,"date":"2016-10-10T15:51:40","date_gmt":"2016-10-10T13:51:40","guid":{"rendered":"http:\/\/www.sporttennis.it\/sef-italia\/?page_id=3206"},"modified":"2017-06-26T12:03:35","modified_gmt":"2017-06-26T10:03:35","slug":"volteggio","status":"publish","type":"page","link":"https:\/\/www.sef-italia.it\/index.php\/dipartimenti\/volteggio\/","title":{"rendered":"Volteggio"},"content":{"rendered":"<p><img loading=\"lazy\" decoding=\"async\" class=\"aligncenter size-full wp-image-3208\" src=\"http:\/\/www.sef-italia.it\/wp-content\/uploads\/2016\/10\/volteggio1-3c7a57bf.png\" alt=\"volteggio1-3c7a57bf\" width=\"640\" height=\"358\" srcset=\"https:\/\/www.sef-italia.it\/wp-content\/uploads\/2016\/10\/volteggio1-3c7a57bf.png 640w, https:\/\/www.sef-italia.it\/wp-content\/uploads\/2016\/10\/volteggio1-3c7a57bf-300x168.png 300w, https:\/\/www.sef-italia.it\/wp-content\/uploads\/2016\/10\/volteggio1-3c7a57bf-230x129.png 230w, https:\/\/www.sef-italia.it\/wp-content\/uploads\/2016\/10\/volteggio1-3c7a57bf-350x196.png 350w, https:\/\/www.sef-italia.it\/wp-content\/uploads\/2016\/10\/volteggio1-3c7a57bf-480x269.png 480w\" sizes=\"(max-width: 640px) 100vw, 640px\" \/><\/p>\n<p>&nbsp;<\/p>\n<div class=\"inside\">\n<div id=\"impaginato-44\" class=\"mod_article dipartimento block\">\n<div class=\"ce_text block\">\n<p>Questa disciplina equestre, riconosciuta dalla F.E.I. (Federazione\u00a0Equestre Internazionale) \u00e8 stata in passato\u00a0anche disciplina olimpica e consiste nell\u2019esecuzione di\u00a0figure a cavallo al passo o al galoppo.<br \/>\nSi pu\u00f2 iniziare questa attivit\u00e0 gi\u00e0 da bambini. Questa disciplina\u00a0permette di unire la ginnastica artistica all\u2019equitazione,\u00a0consentendo ai volteggiatori di mettere in risalto le\u00a0loro peculiari capacit\u00e0 atletiche. Nulla impedisce a questi\u00a0atleti di divenire in et\u00e0 adulta dei provetti cavalieri ed in alcuni\u00a0casi dei ginnasti.<br \/>\nI Centri Ippici che praticano questa\u00a0attivit\u00e0 non sono molti in Italia, ma quelli che vi si dedicano\u00a0riescono spesso ad ottenere ottimi risultati, anche\u00a0con modesti investimenti, infatti:<br \/>\n\u2022 Si impiega un solo cavallo con la partecipazione alla\u00a0lezione di pi\u00f9 allievi.<br \/>\n\u2022 Non serve un cavallo molto costoso, come nelle altre\u00a0discipline agonistiche, ma un cavallo sano e robusto,\u00a0che abbia un buon passo e un galoppo particolarmente\u00a0cadenzato.<br \/>\n\u2022 Si ha sempre un discreto numero di bambini iscritti ai\u00a0corsi, in quanto molti genitori vedono in questa attivit\u00e0 la\u00a0possibilit\u00e0 di far fare ginnastica ai figli, permettendo loro\u00a0di divertirsi e di rimanere a contatto con la natura.<br \/>\n\u2022 Vi \u00e8 la possibilit\u00e0 di organizzare, in collaborazione con\u00a0le Scuole, attivit\u00e0 extra scolastiche durante l\u2019anno scolastico\u00a0ed anche campi estivi.<\/p>\n<p><strong>I Quadri Tecnici di questo settore sono:<\/strong><\/p>\n<p>\u2022 Operatore di base di Volteggio Equestre.<br \/>\n\u2022 Tecnico di Volteggio Equestre 1\u00b0 Livello.<br \/>\n\u2022 Tecnico di Volteggio Equestre 2\u00b0 Livello.<br \/>\n\u2022 Tecnico di Volteggio Equestre 3\u00b0 Livello.<\/p>\n<p>&nbsp;<\/p>\n<p><em>Referente Regionale del Piemonte per il settore\u00a0Volteggio<\/em><br \/>\n<strong>Beatrice Franzino<\/strong><\/p>\n<p class=\"p1\"><a href=\"mailto:dbiabuendia@gmail.com\">dbiabuendia@gmail.com<\/a><\/p>\n<\/div>\n<\/div>\n<\/div>\n","protected":false},"excerpt":{"rendered":"<p>&nbsp; Questa disciplina equestre, riconosciuta dalla F.E.I. (Federazione\u00a0Equestre Internazionale) \u00e8 stata in passato\u00a0anche disciplina olimpica e consiste nell\u2019esecuzione di\u00a0figure a cavallo al [&hellip;]<\/p>\n","protected":false},"author":1,"featured_media":0,"parent":44,"menu_order":0,"comment_status":"closed","ping_status":"closed","template":"","meta":{"footnotes":""},"yoast_head":"<!-- This site is optimized with the Yoast SEO plugin v24.5 - https:\/\/yoast.com\/wordpress\/plugins\/seo\/ -->\r\n<title>Volteggio - SEF Italia<\/title>\r\n<meta name=\"robots\" content=\"index, follow, max-snippet:-1, max-image-preview:large, max-video-preview:-1\" \/>\r\n<link rel=\"canonical\" href=\"https:\/\/www.sef-italia.it\/index.php\/dipartimenti\/volteggio\/\" \/>\r\n<meta property=\"og:locale\" content=\"it_IT\" \/>\r\n<meta property=\"og:type\" content=\"article\" \/>\r\n<meta property=\"og:title\" content=\"Volteggio - SEF Italia\" \/>\r\n<meta property=\"og:description\" content=\"&nbsp; Questa disciplina equestre, riconosciuta dalla F.E.I. (Federazione\u00a0Equestre Internazionale) \u00e8 stata in passato\u00a0anche disciplina olimpica e consiste nell\u2019esecuzione di\u00a0figure a cavallo al [&hellip;]\" \/>\r\n<meta property=\"og:url\" content=\"https:\/\/www.sef-italia.it\/index.php\/dipartimenti\/volteggio\/\" \/>\r\n<meta property=\"og:site_name\" content=\"SEF Italia\" \/>\r\n<meta property=\"article:publisher\" content=\"https:\/\/www.facebook.com\/scuolaequestrediformazione\/\" \/>\r\n<meta property=\"article:modified_time\" content=\"2017-06-26T10:03:35+00:00\" \/>\r\n<meta property=\"og:image\" content=\"http:\/\/www.sef-italia.it\/wp-content\/uploads\/2016\/10\/volteggio1-3c7a57bf.png\" \/>\r\n<meta name=\"twitter:card\" content=\"summary_large_image\" \/>\r\n<meta name=\"twitter:site\" content=\"@sef_italia\" \/>\r\n<meta name=\"twitter:label1\" content=\"Tempo di lettura stimato\" \/>\n\t<meta name=\"twitter:data1\" content=\"1 minuto\" \/>\r\n<script type=\"application\/ld+json\" class=\"yoast-schema-graph\">{\"@context\":\"https:\/\/schema.org\",\"@graph\":[{\"@type\":\"WebPage\",\"@id\":\"https:\/\/www.sef-italia.it\/index.php\/dipartimenti\/volteggio\/\",\"url\":\"https:\/\/www.sef-italia.it\/index.php\/dipartimenti\/volteggio\/\",\"name\":\"Volteggio - SEF Italia\",\"isPartOf\":{\"@id\":\"https:\/\/www.sef-italia.it\/#website\"},\"primaryImageOfPage\":{\"@id\":\"https:\/\/www.sef-italia.it\/index.php\/dipartimenti\/volteggio\/#primaryimage\"},\"image\":{\"@id\":\"https:\/\/www.sef-italia.it\/index.php\/dipartimenti\/volteggio\/#primaryimage\"},\"thumbnailUrl\":\"http:\/\/www.sef-italia.it\/wp-content\/uploads\/2016\/10\/volteggio1-3c7a57bf.png\",\"datePublished\":\"2016-10-10T13:51:40+00:00\",\"dateModified\":\"2017-06-26T10:03:35+00:00\",\"breadcrumb\":{\"@id\":\"https:\/\/www.sef-italia.it\/index.php\/dipartimenti\/volteggio\/#breadcrumb\"},\"inLanguage\":\"it-IT\",\"potentialAction\":[{\"@type\":\"ReadAction\",\"target\":[\"https:\/\/www.sef-italia.it\/index.php\/dipartimenti\/volteggio\/\"]}]},{\"@type\":\"ImageObject\",\"inLanguage\":\"it-IT\",\"@id\":\"https:\/\/www.sef-italia.it\/index.php\/dipartimenti\/volteggio\/#primaryimage\",\"url\":\"https:\/\/www.sef-italia.it\/wp-content\/uploads\/2016\/10\/volteggio1-3c7a57bf.png\",\"contentUrl\":\"https:\/\/www.sef-italia.it\/wp-content\/uploads\/2016\/10\/volteggio1-3c7a57bf.png\",\"width\":640,\"height\":358},{\"@type\":\"BreadcrumbList\",\"@id\":\"https:\/\/www.sef-italia.it\/index.php\/dipartimenti\/volteggio\/#breadcrumb\",\"itemListElement\":[{\"@type\":\"ListItem\",\"position\":1,\"name\":\"Home\",\"item\":\"https:\/\/www.sef-italia.it\/\"},{\"@type\":\"ListItem\",\"position\":2,\"name\":\"Dipartimenti\",\"item\":\"https:\/\/www.sef-italia.it\/index.php\/dipartimenti\/\"},{\"@type\":\"ListItem\",\"position\":3,\"name\":\"Volteggio\"}]},{\"@type\":\"WebSite\",\"@id\":\"https:\/\/www.sef-italia.it\/#website\",\"url\":\"https:\/\/www.sef-italia.it\/\",\"name\":\"SEF Italia\",\"description\":\"Il nuovo sito SEF Italia\",\"publisher\":{\"@id\":\"https:\/\/www.sef-italia.it\/#organization\"},\"potentialAction\":[{\"@type\":\"SearchAction\",\"target\":{\"@type\":\"EntryPoint\",\"urlTemplate\":\"https:\/\/www.sef-italia.it\/?s={search_term_string}\"},\"query-input\":{\"@type\":\"PropertyValueSpecification\",\"valueRequired\":true,\"valueName\":\"search_term_string\"}}],\"inLanguage\":\"it-IT\"},{\"@type\":\"Organization\",\"@id\":\"https:\/\/www.sef-italia.it\/#organization\",\"name\":\"SEF Italia\",\"url\":\"https:\/\/www.sef-italia.it\/\",\"logo\":{\"@type\":\"ImageObject\",\"inLanguage\":\"it-IT\",\"@id\":\"https:\/\/www.sef-italia.it\/#\/schema\/logo\/image\/\",\"url\":\"https:\/\/www.sef-italia.it\/wp-content\/uploads\/2018\/01\/logoSEF_QUADRATO-.jpg\",\"contentUrl\":\"https:\/\/www.sef-italia.it\/wp-content\/uploads\/2018\/01\/logoSEF_QUADRATO-.jpg\",\"width\":600,\"height\":600,\"caption\":\"SEF Italia\"},\"image\":{\"@id\":\"https:\/\/www.sef-italia.it\/#\/schema\/logo\/image\/\"},\"sameAs\":[\"https:\/\/www.facebook.com\/scuolaequestrediformazione\/\",\"https:\/\/x.com\/sef_italia\",\"https:\/\/www.youtube.com\/channel\/UCcEMamL3elnrqfrtIT8sh7g?view_as=subscriber\"]}]}<\/script>\r\n<!-- \/ Yoast SEO plugin. -->","yoast_head_json":{"title":"Volteggio - SEF Italia","robots":{"index":"index","follow":"follow","max-snippet":"max-snippet:-1","max-image-preview":"max-image-preview:large","max-video-preview":"max-video-preview:-1"},"canonical":"https:\/\/www.sef-italia.it\/index.php\/dipartimenti\/volteggio\/","og_locale":"it_IT","og_type":"article","og_title":"Volteggio - SEF Italia","og_description":"&nbsp; Questa disciplina equestre, riconosciuta dalla F.E.I. (Federazione\u00a0Equestre Internazionale) \u00e8 stata in passato\u00a0anche disciplina olimpica e consiste nell\u2019esecuzione di\u00a0figure a cavallo al [&hellip;]","og_url":"https:\/\/www.sef-italia.it\/index.php\/dipartimenti\/volteggio\/","og_site_name":"SEF Italia","article_publisher":"https:\/\/www.facebook.com\/scuolaequestrediformazione\/","article_modified_time":"2017-06-26T10:03:35+00:00","og_image":[{"url":"http:\/\/www.sef-italia.it\/wp-content\/uploads\/2016\/10\/volteggio1-3c7a57bf.png","type":"","width":"","height":""}],"twitter_card":"summary_large_image","twitter_site":"@sef_italia","twitter_misc":{"Tempo di lettura stimato":"1 minuto"},"schema":{"@context":"https:\/\/schema.org","@graph":[{"@type":"WebPage","@id":"https:\/\/www.sef-italia.it\/index.php\/dipartimenti\/volteggio\/","url":"https:\/\/www.sef-italia.it\/index.php\/dipartimenti\/volteggio\/","name":"Volteggio - SEF Italia","isPartOf":{"@id":"https:\/\/www.sef-italia.it\/#website"},"primaryImageOfPage":{"@id":"https:\/\/www.sef-italia.it\/index.php\/dipartimenti\/volteggio\/#primaryimage"},"image":{"@id":"https:\/\/www.sef-italia.it\/index.php\/dipartimenti\/volteggio\/#primaryimage"},"thumbnailUrl":"http:\/\/www.sef-italia.it\/wp-content\/uploads\/2016\/10\/volteggio1-3c7a57bf.png","datePublished":"2016-10-10T13:51:40+00:00","dateModified":"2017-06-26T10:03:35+00:00","breadcrumb":{"@id":"https:\/\/www.sef-italia.it\/index.php\/dipartimenti\/volteggio\/#breadcrumb"},"inLanguage":"it-IT","potentialAction":[{"@type":"ReadAction","target":["https:\/\/www.sef-italia.it\/index.php\/dipartimenti\/volteggio\/"]}]},{"@type":"ImageObject","inLanguage":"it-IT","@id":"https:\/\/www.sef-italia.it\/index.php\/dipartimenti\/volteggio\/#primaryimage","url":"https:\/\/www.sef-italia.it\/wp-content\/uploads\/2016\/10\/volteggio1-3c7a57bf.png","contentUrl":"https:\/\/www.sef-italia.it\/wp-content\/uploads\/2016\/10\/volteggio1-3c7a57bf.png","width":640,"height":358},{"@type":"BreadcrumbList","@id":"https:\/\/www.sef-italia.it\/index.php\/dipartimenti\/volteggio\/#breadcrumb","itemListElement":[{"@type":"ListItem","position":1,"name":"Home","item":"https:\/\/www.sef-italia.it\/"},{"@type":"ListItem","position":2,"name":"Dipartimenti","item":"https:\/\/www.sef-italia.it\/index.php\/dipartimenti\/"},{"@type":"ListItem","position":3,"name":"Volteggio"}]},{"@type":"WebSite","@id":"https:\/\/www.sef-italia.it\/#website","url":"https:\/\/www.sef-italia.it\/","name":"SEF Italia","description":"Il nuovo sito SEF Italia","publisher":{"@id":"https:\/\/www.sef-italia.it\/#organization"},"potentialAction":[{"@type":"SearchAction","target":{"@type":"EntryPoint","urlTemplate":"https:\/\/www.sef-italia.it\/?s={search_term_string}"},"query-input":{"@type":"PropertyValueSpecification","valueRequired":true,"valueName":"search_term_string"}}],"inLanguage":"it-IT"},{"@type":"Organization","@id":"https:\/\/www.sef-italia.it\/#organization","name":"SEF Italia","url":"https:\/\/www.sef-italia.it\/","logo":{"@type":"ImageObject","inLanguage":"it-IT","@id":"https:\/\/www.sef-italia.it\/#\/schema\/logo\/image\/","url":"https:\/\/www.sef-italia.it\/wp-content\/uploads\/2018\/01\/logoSEF_QUADRATO-.jpg","contentUrl":"https:\/\/www.sef-italia.it\/wp-content\/uploads\/2018\/01\/logoSEF_QUADRATO-.jpg","width":600,"height":600,"caption":"SEF Italia"},"image":{"@id":"https:\/\/www.sef-italia.it\/#\/schema\/logo\/image\/"},"sameAs":["https:\/\/www.facebook.com\/scuolaequestrediformazione\/","https:\/\/x.com\/sef_italia","https:\/\/www.youtube.com\/channel\/UCcEMamL3elnrqfrtIT8sh7g?view_as=subscriber"]}]}},"_links":{"self":[{"href":"https:\/\/www.sef-italia.it\/index.php\/wp-json\/wp\/v2\/pages\/3206"}],"collection":[{"href":"https:\/\/www.sef-italia.it\/index.php\/wp-json\/wp\/v2\/pages"}],"about":[{"href":"https:\/\/www.sef-italia.it\/index.php\/wp-json\/wp\/v2\/types\/page"}],"author":[{"embeddable":true,"href":"https:\/\/www.sef-italia.it\/index.php\/wp-json\/wp\/v2\/users\/1"}],"replies":[{"embeddable":true,"href":"https:\/\/www.sef-italia.it\/index.php\/wp-json\/wp\/v2\/comments?post=3206"}],"version-history":[{"count":5,"href":"https:\/\/www.sef-italia.it\/index.php\/wp-json\/wp\/v2\/pages\/3206\/revisions"}],"predecessor-version":[{"id":8746,"href":"https:\/\/www.sef-italia.it\/index.php\/wp-json\/wp\/v2\/pages\/3206\/revisions\/8746"}],"up":[{"embeddable":true,"href":"https:\/\/www.sef-italia.it\/index.php\/wp-json\/wp\/v2\/pages\/44"}],"wp:attachment":[{"href":"https:\/\/www.sef-italia.it\/index.php\/wp-json\/wp\/v2\/media?parent=3206"}],"curies":[{"name":"wp","href":"https:\/\/api.w.org\/{rel}","templated":true}]}}