{"id":7071,"date":"2017-02-15T16:36:19","date_gmt":"2017-02-15T15:36:19","guid":{"rendered":"http:\/\/www.sef-italia.it\/?page_id=7071"},"modified":"2020-09-29T16:12:45","modified_gmt":"2020-09-29T14:12:45","slug":"interventi-assistiti-con-gli-animali-iaa","status":"publish","type":"page","link":"https:\/\/www.sef-italia.it\/index.php\/interventi-assistiti-con-gli-animali-iaa\/","title":{"rendered":"Interventi Assistiti con gli Animali \u2013 IAA"},"content":{"rendered":"<p>Gli Interventi Assistiti con gli Animali (IAA), genericamente indicati con il termine di \u201cPet Therapy\u201d, comprendono una vasta gamma di progetti e attivit\u00e0 finalizzati a migliorare la salute e il benessere delle persone con l\u2019ausilio di \u201cPet\u201d, ovvero di animali da compagnia.<\/p>\n<p>Il termine \u201cPet Therapy\u201d, coniato dallo psichiatra infantile americano Boris Levinson nei primi anni \u201860, letteralmente significa \u201cterapia con l\u2019animale da affezione\u201d.<\/p>\n<p>L\u2019espressione pet therapy, deriva dall\u2019unione di due termini della lingua inglese: pet che indica come sostantivo l\u2019animale domestico, come aggettivo ha il significato di \u201cprediletto\u201d, mentre come verbo assume il significato di \u201cvezzeggiare\u201d, \u201ccoccolare\u201d. Invece therapy nel senso di terapia, cura.<\/p>\n<p>Tutti questi termini conducono, in un certo senso, nel nostro immaginario, a una sensazione di piacevolezza, di dolcezza, di calore, che rimanda ad uno stretto contatto fisico, affettuoso, portatore di molteplici benefici psicologici. Si tratta, nello specifico, di una pratica terapeutica di supporto ad altre forme di terapia tradizionali, ovvero di una co-terapia che utilizza gli effetti positivi derivanti dalla vicinanza tattile, visiva e soprattutto emotiva con gli animali domestici.<\/p>\n<p><strong>IL PET (animale) NON VIENE UTILIZZATO. Ci\u00f2 che viene SFRUTTATA \u00e8 LA RELAZIONE che si crea tra l\u2019ANIMALE e la PERSONA a cui \u00e8 rivolto l\u2019INTERVENTO.<\/strong><\/p>\n<p>L\u2019empatia che si instaura permette in modo naturale e spontaneo di ottenere importanti risultati sotto il profilo psichico-emozionale e fisico.<\/p>\n<p>Le attivit\u00e0 con gli animali hanno trovato applicazioni in numerosi contesti non strettamente terapeutici, ma anche educativi, ludico ricreativi, di utilit\u00e0 sociale, di promozione della salute. Per questo motivo \u00e8 pi\u00f9 corretto parlare di Interventi Assistiti con gli Animali IAA e non di Pet Therapy.<\/p>\n<p>In base agli ambiti di attivit\u00e0 e in base alle LINEE GUIDA DEL MINISTERO DELLA SALUTE, gli IAA vengono suddivisi in:<\/p>\n<ul>\n<li>A.A., terapia assistita con gli animali;<\/li>\n<li>A.A., educazione assistita con gli animali;<\/li>\n<li>A.A., attivit\u00e0 assistita con gli animali.<\/li>\n<\/ul>\n<p>Tale classificazione \u00e8 riconosciuta a livello internazionale, anche la Delta Society descrive la medesima suddivisione, fondamentale per capire e differenziare i diversi programmi e soprattutto individuare le figure professionali che devono essere coinvolte nel progetto.<\/p>\n<p>SPORT E FORMAZIONE &amp; IAA<\/p>\n<p>SPORT E FORMAZIONE ha aderito al progetto IAA e al suo interno \u00e8 nato nel 2016 un dipartimento operativo che, sulle indicazioni delle Linee Guida del Ministero della Salute, ha istituito il percorso formativo degli operatori e le regole esecutive dell\u2019attivit\u00e0.<\/p>\n<p>Da sempre attiva nel campo delle attivit\u00e0 ludico-motorie con l\u2019impiego di animali, SPORT E FORMAZIONE ha deciso di compiere un importante passo avanti, investendo nel settore formativo degli IAA, cos\u00ec giocando d\u2019anticipo rispetto a molte altre realt\u00e0.<\/p>\n<p>Tale ambito appare, attualmente specie nel campo equidi, ancora poco battuto ed i percorsi ad oggi attivati da imprese ed associazioni si presentano in molti casi come carenti sotto diversi punti di vista, partendo dalla qualit\u00e0 del corpo docente per arrivare allo scarso valore di taluni materiali didattici.<\/p>\n<p>L\u2019obbiettivo della SPORT E FORMAZIONE \u00e8, ovviamente, quello di offrire corsi di formazione che spicchino rispetto agli altri prima di tutto sotto il profilo qualitativo.<\/p>\n<p>In seguito al recepimento da parte delle Regioni, la SPORT E FORMAZIONE si sta adeguando alle Linee Guida Nazionali.<\/p>\n<p>Cosa stabiliscono le Linee Guida Nazionali<\/p>\n<p>Va precisato che la norma individua ora delle figure ben distinte che compongono L\u2019Equipe Multidisciplinare operativa, tali figure sono:<\/p>\n<ul>\n<li>Responsabile di progetto TAA<\/li>\n<li>Responsabile di progetto EAA<\/li>\n<li>Referente di intervento TAA<\/li>\n<li>Referente di intervento EAA<\/li>\n<li>Referente di intervento AAA<\/li>\n<li>Coadiutore del cavallo<\/li>\n<li>Coadiutore dell\u2019asino<\/li>\n<li>Coadiutore del cane<\/li>\n<li>Coadiutore del gatto e coniglio<\/li>\n<\/ul>\n<p>Punto di partenza per qualsiasi percorso \u00e8 il<strong>\u00a0CORSO PROPEDEUTICO da 21 ore<\/strong>, i cui contenuti sono in COMUNE per tutte le figure sopra elencate.<\/p>\n<p>A questo punto i percorsi si differenziano, in base alla specializzazione scelta:<\/p>\n<ul>\n<li><strong>CORSO BASE<\/strong>\u00a0per\u00a0<strong>COADIUTORE DELL\u2019ANIMALE<\/strong>\u00a0da 56 ore differenziati per diverse figure professionali e operatori coinvolti.<\/li>\n<li><strong>CORSO BASE PER MEDICI VETERINARI<\/strong>\u00a0PER RESPONSABILE DI PROGETTO o REFERENTE DI INTERVENTO TAA\/EAA da 40 ore.<\/li>\n<li><strong>CORSO AVANZATO<\/strong>\u00a0(specifico per ogni figura) di almeno 120 ore complessive, di cui 72 ore in d\u2019aula, 32 ore di esercitazione pratiche, 16 ore visite guidate.<\/li>\n<\/ul>\n<p>Qualit\u00e0 della formazione di SPORT E FORMAZIONE<\/p>\n<p><strong>LA FORMAZIONE SPORT E FORMAZIONE ha ritenuto di implementare le ore dei corsi sugli IAA ovvero corso propedeutico, base ed avanzato per coadiutore dell\u2019animale, referente, responsabile di progetto, implementando le ore per le attivit\u00e0 pratiche con le specie animali.<\/strong><\/p>\n<p>E\u2019 importante infatti avere la giusta conoscenza e relazione per poter interagire correttamente nelle IAA nel rispetto degli utenti e degli animali.<\/p>\n<p>SPORT E FORMAZIONE\u00a0&amp; EDA<\/p>\n<p>Quanto sinora esposto, non toglie niente al percorso didattico-formativo del dipartimento EDA (Equitazione per Diversamente Abili) di SPORT E FORMAZIONE.<\/p>\n<p>Il dipartimento EDA continua ad avere il suo iter di attivit\u00e0 nel campo ludico-ricreativo-sportivo, non previste negli IAA.<\/p>\n<p>Dunque, si prospetta una doppia opportunit\u00e0 che SPORT E FORMAZIONE offre ai propri Affiliati e tesserati, e un servizio maggiore a tutti gli utenti del vasto mondo della disabilit\u00e0 che permetter\u00e0 di sperimentare sia la terapia che la motivazione sportiva dell\u2019equitazione, portando parte di loro anche a eventi agonistici importanti.<\/p>\n<p>Requisiti delle strutture aderenti a IAA \u2013 EDA<\/p>\n<ul>\n<li>Essere in regola con le disposizioni in materia di sicurezza ai sensi del D.Lgs. 81\/2008;<\/li>\n<li>Possedere una club house 60\/80 mq. per l\u2019accoglienza;<\/li>\n<li>Essere costituiti come associazione\/societ\u00e0 sportiva\/dilettantistica;<\/li>\n<li>Accettare le disposizioni, i regolamenti interni;<\/li>\n<li>Per i centri EDA avere almeno un Tecnico EDA 1\u00b0 liv. ed un Operatore Qualificato EDA;<\/li>\n<li>Possedere cavalli idonei per indole, mole, et\u00e0 e trattamento alla detta pratica;<\/li>\n<li>Impegnarsi ad abbattere le maggiori barriere architettoniche nella struttura equestre impiegata;<\/li>\n<li>Attrezzature e bardature idonee.<\/li>\n<\/ul>\n<p>Inoltre, per la Regione Lombardia sar\u00e0 necessario avere il nulla osta dell\u2019ASL, previa comunicazione ed invio di una SCIA.<\/p>\n<p>Cos\u2019\u00e8 la Riabilitazione Equestre<\/p>\n<p>La Riabilitazione Equestre \u00e8 un insieme di tecniche che impiega il cavallo come ausilio terapeutico-riabilitativo per affrontare difficolt\u00e0 fisiche, psichiche e comportamentali. Nel linguaggio comune la RE \u00e8 identificata con l\u2019ippoterapia non sapendo che quest\u2019ultima \u00e8 solo una fase della RE (riabilitazione equestre).<\/p>\n<p><strong>PET THERAPY: LINEE GUIDA MINISTERO DELLA SALUTE<\/strong><\/p>\n<p>I tecnici di <strong>Pet Therapy<\/strong> che hanno operato fino ad oggi per poter ancora operare dovranno farsi accreditare dal<strong> Ministero della Salute<\/strong>.<br \/>\nQuesta grande opportunit\u00e0 \u00e8 da cogliere entro e non oltre il <strong>25 marzo 2018<\/strong>, data ultima per la riqualificazione.<br \/>\nLa SPORT E FORMAZIONE come ulteriore servizio per i suoi tecnici di Equitazione per Diversamente Abili li seguir\u00e0 nel percorso per il riconoscimento delle loro qualifiche pregresse, come tecnici di Pet Therapy per gli Interventi Assistiti con gli animali.<br \/>\nPer sapere quale percorso effettuare per la riqualificazione, i tecnici dovranno consultare il <strong>documento di rettifica alle linee guida<\/strong> o contattare il <strong>CRN<\/strong>.<br \/>\nL&#8217;accreditamento, non sar\u00e0 automatico per tutti, ma verr\u00e0 dato a seconda degli <strong>anni di esperienza<\/strong>.<\/p>\n<p><strong>NB:<\/strong> <u>Sono escluse dalle <strong>Linee Guida<\/strong> del <strong>Ministero della Salute<\/strong> le attivit\u00e0 sportive effettuate con i diversamente abili.<\/u><\/p>\n<p>Il Ministero della Salute con la <strong>nota n. 7028 del 20\/03\/2018<\/strong> ha ribadito la scadenza al <strong>25 marzo 2018<\/strong> delle domande finalizzate al rilascio diretto dell\u2019attestato di idoneit\u00e0 agli IAA (Interventi Assistiti con gli Animali).<br \/>\nInvece, sono state prorogate \u00a0al<strong> 25 marzo 2019<\/strong> le domande finalizzate a quanto segue:<\/p>\n<ol>\n<li>Accesso diretto al <strong>corso Base<\/strong><\/li>\n<li>Accesso diretto al <strong>corso Avanzato<\/strong>,<\/li>\n<li>Accesso diretto all\u2019esame per il rilascio dell\u2019<strong>attestato di idoneit\u00e0 IAA<\/strong>;<\/li>\n<\/ol>\n<p><a href=\"http:\/\/www.sef-italia.it\/wp-content\/uploads\/2020\/09\/Linee_Guida_I.A.A.pdf\">CLICCA QUI PER SCARICARE LINEE GUIDA I.A.A.<\/a><\/p>\n<p><a href=\"http:\/\/www.izsvenezie.it\/temi\/altri-temi\/interventi-assistiti-con-gli-animali\/normativa\/\">CLICCA QUI PER SCARICARE LE NORMATIVE<\/a><\/p>\n<p><a href=\"http:\/\/www.sef-italia.it\/wp-content\/uploads\/2020\/09\/Modulo_Riconoscimento_Formazione_Pregressa_CRN_IAA.docx\">CLICCA QUI PER SCARICARE LA DOMANDA DA PRESENTARE<\/a><\/p>\n<p><a href=\"https:\/\/www.izsvenezie.it\/documenti\/temi\/interventi-assistiti-animali\/normativa\/riconoscimento-formazione\/istruzioni-invio-modulistica-CRN-IAA.pdf\">CLICCA QUI PER SCARICARE LE ISTRUZIONI PER IL RICONOSCIMENTO<\/a><\/p>\n<p><a href=\"https:\/\/www.izsvenezie.it\/documenti\/temi\/interventi-assistiti-animali\/normativa\/riconoscimento-formazione\/2018-03-20-nota-7028.pdf\">CLICCA QUI PER SCARICARE LA NOTA N.\u00a07028 DEL 20\/03\/2018<\/a><\/p>\n","protected":false},"excerpt":{"rendered":"<p>Gli Interventi Assistiti con gli Animali (IAA), genericamente indicati con il termine di \u201cPet Therapy\u201d, comprendono una vasta gamma di progetti e [&hellip;]<\/p>\n","protected":false},"author":83,"featured_media":0,"parent":0,"menu_order":0,"comment_status":"closed","ping_status":"closed","template":"","meta":{"footnotes":""},"yoast_head":"<!-- This site is optimized with the Yoast SEO plugin v24.5 - https:\/\/yoast.com\/wordpress\/plugins\/seo\/ -->\r\n<title>Interventi Assistiti con gli Animali \u2013 IAA - SEF Italia<\/title>\r\n<meta name=\"robots\" content=\"index, follow, max-snippet:-1, max-image-preview:large, max-video-preview:-1\" \/>\r\n<link rel=\"canonical\" href=\"https:\/\/www.sef-italia.it\/index.php\/interventi-assistiti-con-gli-animali-iaa\/\" \/>\r\n<meta property=\"og:locale\" content=\"it_IT\" \/>\r\n<meta property=\"og:type\" content=\"article\" \/>\r\n<meta property=\"og:title\" content=\"Interventi Assistiti con gli Animali \u2013 IAA - SEF Italia\" \/>\r\n<meta property=\"og:description\" content=\"Gli Interventi Assistiti con gli Animali (IAA), genericamente indicati con il termine di \u201cPet Therapy\u201d, comprendono una vasta gamma di progetti e [&hellip;]\" \/>\r\n<meta property=\"og:url\" content=\"https:\/\/www.sef-italia.it\/index.php\/interventi-assistiti-con-gli-animali-iaa\/\" \/>\r\n<meta property=\"og:site_name\" content=\"SEF Italia\" \/>\r\n<meta property=\"article:publisher\" content=\"https:\/\/www.facebook.com\/scuolaequestrediformazione\/\" \/>\r\n<meta property=\"article:modified_time\" content=\"2020-09-29T14:12:45+00:00\" \/>\r\n<meta name=\"twitter:card\" content=\"summary_large_image\" \/>\r\n<meta name=\"twitter:site\" content=\"@sef_italia\" \/>\r\n<meta name=\"twitter:label1\" content=\"Tempo di lettura stimato\" \/>\n\t<meta name=\"twitter:data1\" content=\"6 minuti\" \/>\r\n<script type=\"application\/ld+json\" class=\"yoast-schema-graph\">{\"@context\":\"https:\/\/schema.org\",\"@graph\":[{\"@type\":\"WebPage\",\"@id\":\"https:\/\/www.sef-italia.it\/index.php\/interventi-assistiti-con-gli-animali-iaa\/\",\"url\":\"https:\/\/www.sef-italia.it\/index.php\/interventi-assistiti-con-gli-animali-iaa\/\",\"name\":\"Interventi Assistiti con gli Animali \u2013 IAA - SEF Italia\",\"isPartOf\":{\"@id\":\"https:\/\/www.sef-italia.it\/#website\"},\"datePublished\":\"2017-02-15T15:36:19+00:00\",\"dateModified\":\"2020-09-29T14:12:45+00:00\",\"breadcrumb\":{\"@id\":\"https:\/\/www.sef-italia.it\/index.php\/interventi-assistiti-con-gli-animali-iaa\/#breadcrumb\"},\"inLanguage\":\"it-IT\",\"potentialAction\":[{\"@type\":\"ReadAction\",\"target\":[\"https:\/\/www.sef-italia.it\/index.php\/interventi-assistiti-con-gli-animali-iaa\/\"]}]},{\"@type\":\"BreadcrumbList\",\"@id\":\"https:\/\/www.sef-italia.it\/index.php\/interventi-assistiti-con-gli-animali-iaa\/#breadcrumb\",\"itemListElement\":[{\"@type\":\"ListItem\",\"position\":1,\"name\":\"Home\",\"item\":\"https:\/\/www.sef-italia.it\/\"},{\"@type\":\"ListItem\",\"position\":2,\"name\":\"Interventi Assistiti con gli Animali \u2013 IAA\"}]},{\"@type\":\"WebSite\",\"@id\":\"https:\/\/www.sef-italia.it\/#website\",\"url\":\"https:\/\/www.sef-italia.it\/\",\"name\":\"SEF Italia\",\"description\":\"Il nuovo sito SEF Italia\",\"publisher\":{\"@id\":\"https:\/\/www.sef-italia.it\/#organization\"},\"potentialAction\":[{\"@type\":\"SearchAction\",\"target\":{\"@type\":\"EntryPoint\",\"urlTemplate\":\"https:\/\/www.sef-italia.it\/?s={search_term_string}\"},\"query-input\":{\"@type\":\"PropertyValueSpecification\",\"valueRequired\":true,\"valueName\":\"search_term_string\"}}],\"inLanguage\":\"it-IT\"},{\"@type\":\"Organization\",\"@id\":\"https:\/\/www.sef-italia.it\/#organization\",\"name\":\"SEF Italia\",\"url\":\"https:\/\/www.sef-italia.it\/\",\"logo\":{\"@type\":\"ImageObject\",\"inLanguage\":\"it-IT\",\"@id\":\"https:\/\/www.sef-italia.it\/#\/schema\/logo\/image\/\",\"url\":\"https:\/\/www.sef-italia.it\/wp-content\/uploads\/2018\/01\/logoSEF_QUADRATO-.jpg\",\"contentUrl\":\"https:\/\/www.sef-italia.it\/wp-content\/uploads\/2018\/01\/logoSEF_QUADRATO-.jpg\",\"width\":600,\"height\":600,\"caption\":\"SEF Italia\"},\"image\":{\"@id\":\"https:\/\/www.sef-italia.it\/#\/schema\/logo\/image\/\"},\"sameAs\":[\"https:\/\/www.facebook.com\/scuolaequestrediformazione\/\",\"https:\/\/x.com\/sef_italia\",\"https:\/\/www.youtube.com\/channel\/UCcEMamL3elnrqfrtIT8sh7g?view_as=subscriber\"]}]}<\/script>\r\n<!-- \/ Yoast SEO plugin. -->","yoast_head_json":{"title":"Interventi Assistiti con gli Animali \u2013 IAA - SEF Italia","robots":{"index":"index","follow":"follow","max-snippet":"max-snippet:-1","max-image-preview":"max-image-preview:large","max-video-preview":"max-video-preview:-1"},"canonical":"https:\/\/www.sef-italia.it\/index.php\/interventi-assistiti-con-gli-animali-iaa\/","og_locale":"it_IT","og_type":"article","og_title":"Interventi Assistiti con gli Animali \u2013 IAA - SEF Italia","og_description":"Gli Interventi Assistiti con gli Animali (IAA), genericamente indicati con il termine di \u201cPet Therapy\u201d, comprendono una vasta gamma di progetti e [&hellip;]","og_url":"https:\/\/www.sef-italia.it\/index.php\/interventi-assistiti-con-gli-animali-iaa\/","og_site_name":"SEF Italia","article_publisher":"https:\/\/www.facebook.com\/scuolaequestrediformazione\/","article_modified_time":"2020-09-29T14:12:45+00:00","twitter_card":"summary_large_image","twitter_site":"@sef_italia","twitter_misc":{"Tempo di lettura stimato":"6 minuti"},"schema":{"@context":"https:\/\/schema.org","@graph":[{"@type":"WebPage","@id":"https:\/\/www.sef-italia.it\/index.php\/interventi-assistiti-con-gli-animali-iaa\/","url":"https:\/\/www.sef-italia.it\/index.php\/interventi-assistiti-con-gli-animali-iaa\/","name":"Interventi Assistiti con gli Animali \u2013 IAA - SEF Italia","isPartOf":{"@id":"https:\/\/www.sef-italia.it\/#website"},"datePublished":"2017-02-15T15:36:19+00:00","dateModified":"2020-09-29T14:12:45+00:00","breadcrumb":{"@id":"https:\/\/www.sef-italia.it\/index.php\/interventi-assistiti-con-gli-animali-iaa\/#breadcrumb"},"inLanguage":"it-IT","potentialAction":[{"@type":"ReadAction","target":["https:\/\/www.sef-italia.it\/index.php\/interventi-assistiti-con-gli-animali-iaa\/"]}]},{"@type":"BreadcrumbList","@id":"https:\/\/www.sef-italia.it\/index.php\/interventi-assistiti-con-gli-animali-iaa\/#breadcrumb","itemListElement":[{"@type":"ListItem","position":1,"name":"Home","item":"https:\/\/www.sef-italia.it\/"},{"@type":"ListItem","position":2,"name":"Interventi Assistiti con gli Animali \u2013 IAA"}]},{"@type":"WebSite","@id":"https:\/\/www.sef-italia.it\/#website","url":"https:\/\/www.sef-italia.it\/","name":"SEF Italia","description":"Il nuovo sito SEF Italia","publisher":{"@id":"https:\/\/www.sef-italia.it\/#organization"},"potentialAction":[{"@type":"SearchAction","target":{"@type":"EntryPoint","urlTemplate":"https:\/\/www.sef-italia.it\/?s={search_term_string}"},"query-input":{"@type":"PropertyValueSpecification","valueRequired":true,"valueName":"search_term_string"}}],"inLanguage":"it-IT"},{"@type":"Organization","@id":"https:\/\/www.sef-italia.it\/#organization","name":"SEF Italia","url":"https:\/\/www.sef-italia.it\/","logo":{"@type":"ImageObject","inLanguage":"it-IT","@id":"https:\/\/www.sef-italia.it\/#\/schema\/logo\/image\/","url":"https:\/\/www.sef-italia.it\/wp-content\/uploads\/2018\/01\/logoSEF_QUADRATO-.jpg","contentUrl":"https:\/\/www.sef-italia.it\/wp-content\/uploads\/2018\/01\/logoSEF_QUADRATO-.jpg","width":600,"height":600,"caption":"SEF Italia"},"image":{"@id":"https:\/\/www.sef-italia.it\/#\/schema\/logo\/image\/"},"sameAs":["https:\/\/www.facebook.com\/scuolaequestrediformazione\/","https:\/\/x.com\/sef_italia","https:\/\/www.youtube.com\/channel\/UCcEMamL3elnrqfrtIT8sh7g?view_as=subscriber"]}]}},"_links":{"self":[{"href":"https:\/\/www.sef-italia.it\/index.php\/wp-json\/wp\/v2\/pages\/7071"}],"collection":[{"href":"https:\/\/www.sef-italia.it\/index.php\/wp-json\/wp\/v2\/pages"}],"about":[{"href":"https:\/\/www.sef-italia.it\/index.php\/wp-json\/wp\/v2\/types\/page"}],"author":[{"embeddable":true,"href":"https:\/\/www.sef-italia.it\/index.php\/wp-json\/wp\/v2\/users\/83"}],"replies":[{"embeddable":true,"href":"https:\/\/www.sef-italia.it\/index.php\/wp-json\/wp\/v2\/comments?post=7071"}],"version-history":[{"count":10,"href":"https:\/\/www.sef-italia.it\/index.php\/wp-json\/wp\/v2\/pages\/7071\/revisions"}],"predecessor-version":[{"id":17608,"href":"https:\/\/www.sef-italia.it\/index.php\/wp-json\/wp\/v2\/pages\/7071\/revisions\/17608"}],"wp:attachment":[{"href":"https:\/\/www.sef-italia.it\/index.php\/wp-json\/wp\/v2\/media?parent=7071"}],"curies":[{"name":"wp","href":"https:\/\/api.w.org\/{rel}","templated":true}]}}